{"id":1987,"date":"2022-01-20T01:09:55","date_gmt":"2022-01-19T23:09:55","guid":{"rendered":"https:\/\/wp.ditsolution.net\/solar\/?page_id=1987"},"modified":"2024-05-24T10:13:50","modified_gmt":"2024-05-24T08:13:50","slug":"sobre-nosotros","status":"publish","type":"page","link":"https:\/\/riegosur.es\/web\/index.php\/sobre-nosotros\/","title":{"rendered":"Nosotros"},"content":{"rendered":"\t\t<div data-elementor-type=\"wp-page\" data-elementor-id=\"1987\" class=\"elementor elementor-1987\">\n\t\t\t\t\t\t<section class=\"elementor-section elementor-top-section elementor-element elementor-element-853a243 elementor-section-boxed elementor-section-height-default elementor-section-height-default\" data-id=\"853a243\" data-element_type=\"section\">\n\t\t\t\t\t\t<div class=\"elementor-container elementor-column-gap-default\">\n\t\t\t\t\t<div class=\"elementor-column elementor-col-100 elementor-top-column elementor-element elementor-element-f6a3038\" data-id=\"f6a3038\" data-element_type=\"column\">\n\t\t\t<div class=\"elementor-widget-wrap\">\n\t\t\t\t\t\t\t<\/div>\n\t\t<\/div>\n\t\t\t\t\t<\/div>\n\t\t<\/section>\n\t\t<div class=\"elementor-element elementor-element-c2e8659 e-flex e-con-boxed e-con e-parent\" data-id=\"c2e8659\" data-element_type=\"container\">\n\t\t\t\t\t<div class=\"e-con-inner\">\n\t\t\t\t<div class=\"elementor-element elementor-element-5a25419 elementor-widget elementor-widget-text-editor\" data-id=\"5a25419\" data-element_type=\"widget\" data-widget_type=\"text-editor.default\">\n\t\t\t\t<div class=\"elementor-widget-container\">\n\t\t\t\t\t\t\t\t\t<p>\u00a0<\/p><p>\u00a0<\/p>\t\t\t\t\t\t\t\t<\/div>\n\t\t\t\t<\/div>\n\t\t\t\t\t<\/div>\n\t\t\t\t<\/div>\n\t\t\t\t<section class=\"elementor-section elementor-top-section elementor-element elementor-element-70078cb elementor-section-boxed elementor-section-height-default elementor-section-height-default\" data-id=\"70078cb\" data-element_type=\"section\">\n\t\t\t\t\t\t<div class=\"elementor-container elementor-column-gap-default\">\n\t\t\t\t\t<div class=\"elementor-column elementor-col-100 elementor-top-column elementor-element elementor-element-a130ebf\" data-id=\"a130ebf\" data-element_type=\"column\">\n\t\t\t<div class=\"elementor-widget-wrap elementor-element-populated\">\n\t\t\t\t\t\t<section class=\"elementor-section elementor-inner-section elementor-element elementor-element-89b5202 elementor-section-content-middle elementor-section-boxed elementor-section-height-default elementor-section-height-default\" data-id=\"89b5202\" data-element_type=\"section\">\n\t\t\t\t\t\t<div class=\"elementor-container elementor-column-gap-default\">\n\t\t\t\t\t<div class=\"elementor-column elementor-col-50 elementor-inner-column elementor-element elementor-element-c94844c two\" data-id=\"c94844c\" data-element_type=\"column\">\n\t\t\t<div class=\"elementor-widget-wrap elementor-element-populated\">\n\t\t\t\t\t\t<div class=\"elementor-element elementor-element-50dba94 elementor-widget__width-initial elementor-widget elementor-widget-sectiontitle\" data-id=\"50dba94\" data-element_type=\"widget\" data-widget_type=\"sectiontitle.default\">\n\t\t\t\t<div class=\"elementor-widget-container\">\n\t\t\t\t\t\r\n\t\t\t\t<div class=\"\">\r\n\r\n\t\t\t<div class=\"section-title t_left\">\r\n                \t\t\t\t\r\n\t\t\t\t  \r\n                       <h3>Desde<\/h3>\r\n                \t\t\t\t\r\n\t\t\t\t \t\t\t\t<div class=\"bar-main\">\r\n\t\t\t\t\t<div class=\"bar bar-big\"><\/div>\r\n\t\t\t\t<\/div>\r\n\t\t\t\t\r\n                \t\t\t\t\r\n\r\n\t\t\t\t\r\n\t\t\t<\/div>\t\r\n\r\n\t\t<\/div>\r\n\r\n\t\t\r\n\t\t\t\t\t\t<\/div>\n\t\t\t\t<\/div>\n\t\t\t\t<div class=\"elementor-element elementor-element-c051211 elementor-widget elementor-widget-image\" data-id=\"c051211\" data-element_type=\"widget\" data-widget_type=\"image.default\">\n\t\t\t\t<div class=\"elementor-widget-container\">\n\t\t\t\t\t\t\t\t\t\t\t\t\t\t\t<img fetchpriority=\"high\" decoding=\"async\" width=\"1536\" height=\"580\" src=\"https:\/\/riegosur.es\/web\/wp-content\/uploads\/2024\/01\/1971-1-1536x580.png\" class=\"attachment-1536x1536 size-1536x1536 wp-image-6464\" alt=\"\" srcset=\"https:\/\/riegosur.es\/web\/wp-content\/uploads\/2024\/01\/1971-1-1536x580.png 1536w, https:\/\/riegosur.es\/web\/wp-content\/uploads\/2024\/01\/1971-1-300x113.png 300w, https:\/\/riegosur.es\/web\/wp-content\/uploads\/2024\/01\/1971-1-1024x387.png 1024w, https:\/\/riegosur.es\/web\/wp-content\/uploads\/2024\/01\/1971-1-768x290.png 768w, https:\/\/riegosur.es\/web\/wp-content\/uploads\/2024\/01\/1971-1.png 1655w\" sizes=\"(max-width: 1536px) 100vw, 1536px\" \/>\t\t\t\t\t\t\t\t\t\t\t\t\t\t\t<\/div>\n\t\t\t\t<\/div>\n\t\t\t\t\t<\/div>\n\t\t<\/div>\n\t\t\t\t<div class=\"elementor-column elementor-col-50 elementor-inner-column elementor-element elementor-element-e3c4374\" data-id=\"e3c4374\" data-element_type=\"column\">\n\t\t\t<div class=\"elementor-widget-wrap elementor-element-populated\">\n\t\t\t\t\t\t<div class=\"elementor-element elementor-element-91887a8 elementor-widget__width-initial elementor-widget elementor-widget-sectiontitle\" data-id=\"91887a8\" data-element_type=\"widget\" data-widget_type=\"sectiontitle.default\">\n\t\t\t\t<div class=\"elementor-widget-container\">\n\t\t\t\t\t\r\n\t\t\t\t<div class=\"\">\r\n\r\n\t\t\t<div class=\"section-title t_left\">\r\n                \t\t\t\t\r\n\t\t\t\t  \r\n                       <h3>Nuestra historia<\/h3>\r\n                \t\t\t\t\r\n\t\t\t\t  \r\n                       <h2>nos precede.<span><\/span><\/h2>\r\n                \t\t\t\t<div class=\"bar-main\">\r\n\t\t\t\t\t<div class=\"bar bar-big\"><\/div>\r\n\t\t\t\t<\/div>\r\n\t\t\t\t\r\n                 \r\n                        <p>Tenemos una amplia experiencia en el mundo del agua y del medio ambiente en todas sus vertientes, desde la construcci\u00f3n de infraestructuras hidr\u00e1ulicas de todo tipo hasta las obras y servicios de jardiner\u00eda y forestales. <\/br> <\/br>\nLas claves de nuestro \u00e9xito est\u00e1n en nuestro valioso equipo humano, la preocupaci\u00f3n constante por la calidad, el cumplimiento estricto de los plazos y la continua obsesi\u00f3n por la seguridad.<\/p>\r\n                \t\t\t\t\r\n\r\n\t\t\t\t\r\n\t\t\t<\/div>\t\r\n\r\n\t\t<\/div>\r\n\r\n\t\t\r\n\t\t\t\t\t\t<\/div>\n\t\t\t\t<\/div>\n\t\t\t\t\t<\/div>\n\t\t<\/div>\n\t\t\t\t\t<\/div>\n\t\t<\/section>\n\t\t\t\t\t<\/div>\n\t\t<\/div>\n\t\t\t\t\t<\/div>\n\t\t<\/section>\n\t\t\t\t<section class=\"elementor-section elementor-top-section elementor-element elementor-element-aaf22fa elementor-section-boxed elementor-section-height-default elementor-section-height-default\" data-id=\"aaf22fa\" data-element_type=\"section\">\n\t\t\t\t\t\t<div class=\"elementor-container elementor-column-gap-default\">\n\t\t\t\t\t<div class=\"elementor-column elementor-col-100 elementor-top-column elementor-element elementor-element-0484e47\" data-id=\"0484e47\" data-element_type=\"column\">\n\t\t\t<div class=\"elementor-widget-wrap elementor-element-populated\">\n\t\t\t\t\t\t<div class=\"elementor-element elementor-element-2ac087b elementor-widget elementor-widget-sectiontitle\" data-id=\"2ac087b\" data-element_type=\"widget\" data-widget_type=\"sectiontitle.default\">\n\t\t\t\t<div class=\"elementor-widget-container\">\n\t\t\t\t\t\r\n\t\t\t\t<div class=\"\">\r\n\r\n\t\t\t<div class=\"section-title t_left\">\r\n                 \r\n                        <h5><a href=\"https:\/\/riegosur.es\/web\/index.php\/servicios-sostenibilidad\/\">Servicios<\/a><\/h5>\r\n                \t\t\t\t\r\n\t\t\t\t  \r\n                       <h3>Somos especialistas<\/h3>\r\n                \t\t\t\t\r\n\t\t\t\t  \r\n                       <h2>en el agua y en el futuro.<span><\/span><\/h2>\r\n                \t\t\t\t<div class=\"bar-main\">\r\n\t\t\t\t\t<div class=\"bar bar-big\"><\/div>\r\n\t\t\t\t<\/div>\r\n\t\t\t\t\r\n                \t\t\t\t\r\n\r\n\t\t\t\t\r\n\t\t\t<\/div>\t\r\n\r\n\t\t<\/div>\r\n\r\n\t\t\r\n\t\t\t\t\t\t<\/div>\n\t\t\t\t<\/div>\n\t\t\t\t<div class=\"elementor-element elementor-element-7af26ea elementor-widget elementor-widget-servicecarousel\" data-id=\"7af26ea\" data-element_type=\"widget\" data-widget_type=\"servicecarousel.default\">\n\t\t\t\t<div class=\"elementor-widget-container\">\n\t\t\t\t\t\r\n\t\t\r\n\r\n\t\t\t<section class=\"service_cursousel_sliderr_two\">\r\n\r\n\t\t\t\t\t\t\t<div class=\"em-service style_4\">\t\t\r\n\t\t\t\t\t<div class=\"em-service-thumb\">\r\n\t\t\t\t\t\t<img decoding=\"async\" src=\"https:\/\/riegosur.es\/web\/wp-content\/uploads\/2023\/09\/servicios-diseno-construccion-03.jpg\" alt=\"\">\r\n\t\t\t\t\t\t<!-- <div class=\"em-service-icon\">\r\n\t\t\t\t\t\t\t<i class=\"\"><\/i>\r\n\t\t\t\t\t\t<\/div> -->\r\n\r\n\t\t\t\t\t<\/div>\r\n\r\n\t\t\t\t\t<div class=\"em_service_content\">\r\n\t\t\t\t\t\t<div class=\"em_single_service_text\">\r\n\t\t\t\t\t\t\t<div class=\"service_top_text\">\r\n\r\n\t\t\t\t\t\t\t\t<div class=\"em-service-title\">\r\n\t\t\t\t\t\t\t\t\t<h2>Dise\u00f1o, construcci\u00f3n y explotaci\u00f3n<\/h2>\r\n\t\t\t\t\t\t\t\t<\/div>\r\n\r\n\t\t\t\t\t\t\t<\/div>\r\n\t\t\t\t\t\t\t<div class=\"em-service-inner\">\t\t\t\t\r\n\t\t\t\t\t\t\t\t<div class=\"service-box-desc\" >\r\n\t\t\t\t\t\t\t\t\t<p>RIEGOSUR lleva una larga trayectoria en la ejecuci\u00f3n de contratos llave en mano para el dise\u00f1o, construcci\u00f3n y puesta en marcha de obras hidr\u00e1ulicas de cualquier naturaleza. <\/br>\nNos adaptamos siempre a las necesidades de nuestros clientes, aportando soluciones eficaces e innovadoras a cualquier reto de proyecto hidr\u00e1ulico.<\/p>\r\n\t\t\t\t\t\t\t\t<\/div>\t\t\t\t\t\t\r\n\t\t\t\t\t\t\t<\/div>\r\n\r\n\t\t\t\t\t\t\t\t\t\t\t\t\t\t<div class=\"service-btn\">\r\n\t\t\t\t\t\t\t\t<a href=\"#\">\r\n\t\t\t\t\t\t\t\t\t\t\t\t\t\t\t\t\t\t<i class=\" \"><\/i>\r\n\t\t\t\t\t\t\t\t<\/a>\r\n\t\t\t\t\t\t\t<\/div><!-- .service-btn\t-->\r\n\t\t\t\t\t\t\t\r\n\r\n\t\t\t\t\t\t<\/div>\r\n\t\t\t\t\t<\/div>\r\n\t\t\t\t<\/div>\r\n\t\t\t\t\t\t\t<div class=\"em-service style_4\">\t\t\r\n\t\t\t\t\t<div class=\"em-service-thumb\">\r\n\t\t\t\t\t\t<img decoding=\"async\" src=\"https:\/\/riegosur.es\/web\/wp-content\/uploads\/2023\/09\/servicios-ejecucion-obras-01.jpg\" alt=\"\">\r\n\t\t\t\t\t\t<!-- <div class=\"em-service-icon\">\r\n\t\t\t\t\t\t\t<i class=\"\"><\/i>\r\n\t\t\t\t\t\t<\/div> -->\r\n\r\n\t\t\t\t\t<\/div>\r\n\r\n\t\t\t\t\t<div class=\"em_service_content\">\r\n\t\t\t\t\t\t<div class=\"em_single_service_text\">\r\n\t\t\t\t\t\t\t<div class=\"service_top_text\">\r\n\r\n\t\t\t\t\t\t\t\t<div class=\"em-service-title\">\r\n\t\t\t\t\t\t\t\t\t<h2>Ejecuci\u00f3n de obras<\/h2>\r\n\t\t\t\t\t\t\t\t<\/div>\r\n\r\n\t\t\t\t\t\t\t<\/div>\r\n\t\t\t\t\t\t\t<div class=\"em-service-inner\">\t\t\t\t\r\n\t\t\t\t\t\t\t\t<div class=\"service-box-desc\" >\r\n\t\t\t\t\t\t\t\t\t<p>RIEGOSUR cuenta con una enorme experiencia en la ejecuci\u00f3n de obras hidr\u00e1ulicas y de medio ambiente, tanto de nuevas infraestructuras como de renovaciones o ampliaciones de redes, plantas e instalaciones.<\/p>\r\n\t\t\t\t\t\t\t\t<\/div>\t\t\t\t\t\t\r\n\t\t\t\t\t\t\t<\/div>\r\n\r\n\t\t\t\t\t\t\t\t\t\t\t\t\t\t<div class=\"service-btn\">\r\n\t\t\t\t\t\t\t\t<a href=\"#\">\r\n\t\t\t\t\t\t\t\t\t\t\t\t\t\t\t\t\t\t<i class=\" \"><\/i>\r\n\t\t\t\t\t\t\t\t<\/a>\r\n\t\t\t\t\t\t\t<\/div><!-- .service-btn\t-->\r\n\t\t\t\t\t\t\t\r\n\r\n\t\t\t\t\t\t<\/div>\r\n\t\t\t\t\t<\/div>\r\n\t\t\t\t<\/div>\r\n\t\t\t\t\t\t\t<div class=\"em-service style_4\">\t\t\r\n\t\t\t\t\t<div class=\"em-service-thumb\">\r\n\t\t\t\t\t\t<img decoding=\"async\" src=\"https:\/\/riegosur.es\/web\/wp-content\/uploads\/2023\/09\/servicios-mantenimiento-01.jpg\" alt=\"\">\r\n\t\t\t\t\t\t<!-- <div class=\"em-service-icon\">\r\n\t\t\t\t\t\t\t<i class=\"\"><\/i>\r\n\t\t\t\t\t\t<\/div> -->\r\n\r\n\t\t\t\t\t<\/div>\r\n\r\n\t\t\t\t\t<div class=\"em_service_content\">\r\n\t\t\t\t\t\t<div class=\"em_single_service_text\">\r\n\t\t\t\t\t\t\t<div class=\"service_top_text\">\r\n\r\n\t\t\t\t\t\t\t\t<div class=\"em-service-title\">\r\n\t\t\t\t\t\t\t\t\t<h2>Operaci\u00f3n y mantenimiento<\/h2>\r\n\t\t\t\t\t\t\t\t<\/div>\r\n\r\n\t\t\t\t\t\t\t<\/div>\r\n\t\t\t\t\t\t\t<div class=\"em-service-inner\">\t\t\t\t\r\n\t\t\t\t\t\t\t\t<div class=\"service-box-desc\" >\r\n\t\t\t\t\t\t\t\t\t<p>RIEGOSUR ostenta una dilatada experiencia en la operaci\u00f3n y mantenimiento de todo tipo de obras hidr\u00e1ulicas y de medio ambiente.\nNuestro compromiso es siempre garantizar un correcto funcionamiento de las instalaciones en todo momento, manteniendo la calidad del agua y asegurando las demandas de caudal en funci\u00f3n de la disponibilidad del recurso.<\/p>\r\n\t\t\t\t\t\t\t\t<\/div>\t\t\t\t\t\t\r\n\t\t\t\t\t\t\t<\/div>\r\n\r\n\t\t\t\t\t\t\t\t\t\t\t\t\t\t<div class=\"service-btn\">\r\n\t\t\t\t\t\t\t\t<a href=\"#\">\r\n\t\t\t\t\t\t\t\t\t\t\t\t\t\t\t\t\t\t<i class=\" \"><\/i>\r\n\t\t\t\t\t\t\t\t<\/a>\r\n\t\t\t\t\t\t\t<\/div><!-- .service-btn\t-->\r\n\t\t\t\t\t\t\t\r\n\r\n\t\t\t\t\t\t<\/div>\r\n\t\t\t\t\t<\/div>\r\n\t\t\t\t<\/div>\r\n\t\t\t\t\t\t\t<div class=\"em-service style_4\">\t\t\r\n\t\t\t\t\t<div class=\"em-service-thumb\">\r\n\t\t\t\t\t\t<img decoding=\"async\" src=\"https:\/\/riegosur.es\/web\/wp-content\/uploads\/2023\/09\/servicios-puesta-marcha-entrega-03.jpg\" alt=\"\">\r\n\t\t\t\t\t\t<!-- <div class=\"em-service-icon\">\r\n\t\t\t\t\t\t\t<i class=\"\"><\/i>\r\n\t\t\t\t\t\t<\/div> -->\r\n\r\n\t\t\t\t\t<\/div>\r\n\r\n\t\t\t\t\t<div class=\"em_service_content\">\r\n\t\t\t\t\t\t<div class=\"em_single_service_text\">\r\n\t\t\t\t\t\t\t<div class=\"service_top_text\">\r\n\r\n\t\t\t\t\t\t\t\t<div class=\"em-service-title\">\r\n\t\t\t\t\t\t\t\t\t<h2>Puesta en marcha y entrega<\/h2>\r\n\t\t\t\t\t\t\t\t<\/div>\r\n\r\n\t\t\t\t\t\t\t<\/div>\r\n\t\t\t\t\t\t\t<div class=\"em-service-inner\">\t\t\t\t\r\n\t\t\t\t\t\t\t\t<div class=\"service-box-desc\" >\r\n\t\t\t\t\t\t\t\t\t<p>RIEGOSUR dispone de una notable experiencia en la puesta en marcha de toda clase de obras hidr\u00e1ulicas. De forma previa a la entrega de todas nuestras plantas, procedemos a la realizaci\u00f3n de los proyectos \u201cas built\u201d, y a la puesta en marcha de todas las instalaciones y comprobaci\u00f3n del correcto funcionamiento de todos elementos del sistema, as\u00ed como a la entrega al cliente del correspondiente Manual de Operaci\u00f3n y Mantenimiento.\n<\/p>\r\n\t\t\t\t\t\t\t\t<\/div>\t\t\t\t\t\t\r\n\t\t\t\t\t\t\t<\/div>\r\n\r\n\t\t\t\t\t\t\t\t\t\t\t\t\t\t<div class=\"service-btn\">\r\n\t\t\t\t\t\t\t\t<a href=\"#\">\r\n\t\t\t\t\t\t\t\t\t\u3164\t\t\t\t\t\t\t\t\t<i class=\" \"><\/i>\r\n\t\t\t\t\t\t\t\t<\/a>\r\n\t\t\t\t\t\t\t<\/div><!-- .service-btn\t-->\r\n\t\t\t\t\t\t\t\r\n\r\n\t\t\t\t\t\t<\/div>\r\n\t\t\t\t\t<\/div>\r\n\t\t\t\t<\/div>\r\n\t\t\t\t\t\t<\/section>\r\n\r\n\t            <script>\r\n\t                jQuery(document).ready(function() {\r\n\t                    jQuery(\".service_cursousel_sliderr_two\").slick({\r\n\t                        \t                            dots:false,\r\n\t                            infinite: true,\r\n\t                            centerMode: true,\r\n\t                            autoplay: true,\r\n\t                            autoplaySpeed: 7000,\r\n\t                            slidesToShow: 3,\r\n\t                            slidesToScroll: 3,\r\n\t                            centerPadding: '0',\r\n\t                            padding: 15,\r\n\t                            nav:true,\r\n\t                            arrows:true,\r\n\t\t\t\t\t\t        responsive: [\r\n\t\t\t\t\t\t            {\r\n\t\t\t\t\t\t                breakpoint: 1920,\r\n\t\t\t\t\t\t                settings: {\r\n\t\t\t\t\t\t                    slidesToShow: 3,\r\n\t\t\t\t\t\t                }\r\n\t\t\t\t\t\t            },\r\n\t\t\t\t\t\t\t\t\t {\r\n\t\t\t\t\t\t                breakpoint: 1400,\r\n\t\t\t\t\t\t                settings: {\r\n\t\t\t\t\t\t                    slidesToShow: 2,\r\n\t\t\t\t\t\t                }\r\n\t\t\t\t\t\t            },\r\n\t\t\t\t\t\t\t\t\t\r\n\t\t\t\t\t\t\t\t\t\r\n\t\t\t\t\t\t            {\r\n\t\t\t\t\t\t                breakpoint: 991,\r\n\t\t\t\t\t\t                settings: {\r\n\t\t\t\t\t\t                    slidesToShow: 2,\r\n\t\t\t\t\t\t                }\r\n\t\t\t\t\t\t            },\r\n\t\t\t\t\t\t            {\r\n\t\t\t\t\t\t              breakpoint: 768,\r\n\t\t\t\t\t\t              settings: {\r\n\t\t\t\t\t\t                slidesToShow: 1\r\n\t\t\t\t\t\t              }\r\n\t\t\t\t\t\t            },\r\n\t\t\t\t\t\t            {\r\n\t\t\t\t\t\t              breakpoint: 600,\r\n\t\t\t\t\t\t              settings: {\r\n\t\t\t\t\t\t                arrows: false,\r\n\t\t\t\t\t\t                slidesToShow: 1\r\n\t\t\t\t\t\t              }\r\n\t\t\t\t\t\t            }\r\n\t\t\t\t\t\t        ]\r\n\r\n\t                        \t                    });\r\n\t                });\r\n\t            <\/script>\r\n\r\n\t\t\r\n\t\t\t\t\t\t<\/div>\n\t\t\t\t<\/div>\n\t\t\t\t\t<\/div>\n\t\t<\/div>\n\t\t\t\t\t<\/div>\n\t\t<\/section>\n\t\t\t\t<section class=\"elementor-section elementor-top-section elementor-element elementor-element-212247b elementor-section-boxed elementor-section-height-default elementor-section-height-default\" data-id=\"212247b\" data-element_type=\"section\">\n\t\t\t\t\t\t<div class=\"elementor-container elementor-column-gap-default\">\n\t\t\t\t\t<div class=\"elementor-column elementor-col-100 elementor-top-column elementor-element elementor-element-6881071\" data-id=\"6881071\" data-element_type=\"column\">\n\t\t\t<div class=\"elementor-widget-wrap elementor-element-populated\">\n\t\t\t\t\t\t<section class=\"elementor-section elementor-inner-section elementor-element elementor-element-5ecb4c4 elementor-section-boxed elementor-section-height-default elementor-section-height-default\" data-id=\"5ecb4c4\" data-element_type=\"section\">\n\t\t\t\t\t\t<div class=\"elementor-container elementor-column-gap-default\">\n\t\t\t\t\t<div class=\"elementor-column elementor-col-50 elementor-inner-column elementor-element elementor-element-c5d7cf0 counter-two\" data-id=\"c5d7cf0\" data-element_type=\"column\">\n\t\t\t<div class=\"elementor-widget-wrap elementor-element-populated\">\n\t\t\t\t\t\t<section class=\"elementor-section elementor-inner-section elementor-element elementor-element-af8056c elementor-section-boxed elementor-section-height-default elementor-section-height-default\" data-id=\"af8056c\" data-element_type=\"section\">\n\t\t\t\t\t\t<div class=\"elementor-container elementor-column-gap-default\">\n\t\t\t\t\t<div class=\"elementor-column elementor-col-100 elementor-inner-column elementor-element elementor-element-e0f7471\" data-id=\"e0f7471\" data-element_type=\"column\">\n\t\t\t<div class=\"elementor-widget-wrap elementor-element-populated\">\n\t\t\t\t\t\t<div class=\"elementor-element elementor-element-01b7374 elementor-widget elementor-widget-counter\" data-id=\"01b7374\" data-element_type=\"widget\" data-widget_type=\"counter.default\">\n\t\t\t\t<div class=\"elementor-widget-container\">\n\t\t\t\t\t\t\t\t<div class=\"single_counter default_style left\">\r\n\t\t\t\t<div class=\"single_counter_inner\">\t\t\t\t\t\r\n\t\t\t\t\t\r\n\t\t\t\t\t\t\t\t\t\t<div class=\"counter_icon\">\t\t\t\r\n\t\t\t\t\t\t<i class=\" \"><\/i>\t\t\r\n\t\t\t\t\t<\/div>\r\n\t\t\t\t\t\t\t\t\t\t\r\n\t\t\t\t\t<div class=\"countr_text\">\r\n\t\t\t\t\t\t<h1>600<\/h1>\r\n\t\t\t\t\t\t<h3>+<\/h3>\r\n\t\t\t\t\t<\/div>\r\n\r\n\t\t\t\t\t<div class=\"counter_title\">\r\n\t\t\t\t\t\t<h4>diferentes proyectos a nuestras espaldas ...<\/h4>\r\n\t\t\t\t\t<\/div>\t\r\n\t\t\t\t\t\r\n\t\t\t\t<\/div>\r\n\t\t\t<\/div>\r\n\t\t\t\t\t\t<\/div>\n\t\t\t\t<\/div>\n\t\t\t\t\t<\/div>\n\t\t<\/div>\n\t\t\t\t\t<\/div>\n\t\t<\/section>\n\t\t\t\t<div class=\"elementor-element elementor-element-fe42b26 elementor-widget elementor-widget-sectiontitle\" data-id=\"fe42b26\" data-element_type=\"widget\" data-widget_type=\"sectiontitle.default\">\n\t\t\t\t<div class=\"elementor-widget-container\">\n\t\t\t\t\t\r\n\t\t\t\t<div class=\"\">\r\n\r\n\t\t\t<div class=\"section-title t_left\">\r\n                \t\t\t\t\r\n\t\t\t\t  \r\n                       <h3>RIEGOSUR  ha logrado<\/h3>\r\n                \t\t\t\t\r\n\t\t\t\t  \r\n                       <h2>situarse con importantes <\/br> referencias entre las <\/br> primeras empresas <\/br> contratistas<span> espa\u00f1olas de obras hidr\u00e1ulicas.<\/span><\/h2>\r\n                \t\t\t\t<div class=\"bar-main\">\r\n\t\t\t\t\t<div class=\"bar bar-big\"><\/div>\r\n\t\t\t\t<\/div>\r\n\t\t\t\t\r\n                \t\t\t\t\r\n\r\n\t\t\t\t\r\n\t\t\t<\/div>\t\r\n\r\n\t\t<\/div>\r\n\r\n\t\t\r\n\t\t\t\t\t\t<\/div>\n\t\t\t\t<\/div>\n\t\t\t\t<div class=\"elementor-element elementor-element-1f6ae21 elementor-widget elementor-widget-html\" data-id=\"1f6ae21\" data-element_type=\"widget\" data-widget_type=\"html.default\">\n\t\t\t\t<div class=\"elementor-widget-container\">\n\t\t\t\t\t<div class=\"communication\">\n    Si tienes alguna pregunta o necesitas comunicarte con nuestro equipo, siempre puedes llamarnos al <span>+34 955 45 00 55<\/span>\n<\/div>\t\t\t\t<\/div>\n\t\t\t\t<\/div>\n\t\t\t\t\t<\/div>\n\t\t<\/div>\n\t\t\t\t<div class=\"elementor-column elementor-col-50 elementor-inner-column elementor-element elementor-element-4a1542d contact-two\" data-id=\"4a1542d\" data-element_type=\"column\" data-settings=\"{&quot;background_background&quot;:&quot;classic&quot;}\">\n\t\t\t<div class=\"elementor-widget-wrap\">\n\t\t\t\t\t\t\t<\/div>\n\t\t<\/div>\n\t\t\t\t\t<\/div>\n\t\t<\/section>\n\t\t\t\t\t<\/div>\n\t\t<\/div>\n\t\t\t\t\t<\/div>\n\t\t<\/section>\n\t\t<div class=\"elementor-element elementor-element-6f366ea e-flex e-con-boxed e-con e-parent\" data-id=\"6f366ea\" data-element_type=\"container\">\n\t\t\t\t\t<div class=\"e-con-inner\">\n\t\t\t\t<div class=\"elementor-element elementor-element-1201f91 elementor-widget elementor-widget-text-editor\" data-id=\"1201f91\" data-element_type=\"widget\" data-widget_type=\"text-editor.default\">\n\t\t\t\t<div class=\"elementor-widget-container\">\n\t\t\t\t\t\t\t\t\t<p><strong>RIEGOSUR<\/strong>&nbsp;es una sociedad con sede social en Sevilla y con una amplia experiencia en el mundo del agua y del medio ambiente en todas sus vertientes, desde la construcci\u00f3n de infraestructuras hidr\u00e1ulicas de todo tipo hasta las obras y servicios de jardiner\u00eda y forestales.<\/p>\n<p>Desde su constituci\u00f3n en 1.971 RIEGOSUR ha logrado situarse con importantes referencias entre las primeras empresas contratistas espa\u00f1olas de obras hidr\u00e1ulicas de todo tipo, tanto de agua (abastecimientos, embalses, dep\u00f3sitos, estaciones de bombeo, estaciones de tratamiento de agua, regad\u00edos, encauzamientos\u2026), como de agua residual (saneamientos, estaciones depuradoras de aguas residuales\u2026).<\/p>\n<p>En paralelo, RIEGOSUR ha venido desarrollando la secci\u00f3n de medio ambiente, habiendo realizado todo tipo de obras y servicios ambientales para organismos oficiales y clientes particulares (restauraciones ambientales en cauces, obras de tratamientos selv\u00edcolas, construcci\u00f3n de parques urbanos, adecuaciones de zonas de uso p\u00fablico, infraestructuras contra incendios en el monte\u2026).<\/p>\n<p>Las claves de nuestro \u00e9xito est\u00e1n en nuestro valioso equipo humano, la preocupaci\u00f3n constante por la calidad, el cumplimiento estricto de los plazos y la continua obsesi\u00f3n por la seguridad.<\/p>\t\t\t\t\t\t\t\t<\/div>\n\t\t\t\t<\/div>\n\t\t\t\t\t<\/div>\n\t\t\t\t<\/div>\n\t\t\t\t<\/div>\n\t\t","protected":false},"excerpt":{"rendered":"<p>\u00a0 \u00a0 Desde Nuestra historia nos precede. Tenemos una amplia experiencia en el mundo del agua y del medio ambiente en todas sus vertientes, desde la construcci\u00f3n de infraestructuras hidr\u00e1ulicas de todo tipo hasta las obras y servicios de jardiner\u00eda y forestales. Las claves de nuestro \u00e9xito est\u00e1n en nuestro valioso equipo humano, la preocupaci\u00f3n [&hellip;]<\/p>\n","protected":false},"author":1,"featured_media":0,"parent":0,"menu_order":0,"comment_status":"closed","ping_status":"closed","template":"page-templates\/template-default.php","meta":{"inline_featured_image":false,"_monsterinsights_skip_tracking":false,"_monsterinsights_sitenote_active":false,"_monsterinsights_sitenote_note":"","_monsterinsights_sitenote_category":0,"footnotes":""},"class_list":["post-1987","page","type-page","status-publish","hentry"],"aioseo_notices":[],"_links":{"self":[{"href":"https:\/\/riegosur.es\/web\/index.php\/wp-json\/wp\/v2\/pages\/1987","targetHints":{"allow":["GET"]}}],"collection":[{"href":"https:\/\/riegosur.es\/web\/index.php\/wp-json\/wp\/v2\/pages"}],"about":[{"href":"https:\/\/riegosur.es\/web\/index.php\/wp-json\/wp\/v2\/types\/page"}],"author":[{"embeddable":true,"href":"https:\/\/riegosur.es\/web\/index.php\/wp-json\/wp\/v2\/users\/1"}],"replies":[{"embeddable":true,"href":"https:\/\/riegosur.es\/web\/index.php\/wp-json\/wp\/v2\/comments?post=1987"}],"version-history":[{"count":147,"href":"https:\/\/riegosur.es\/web\/index.php\/wp-json\/wp\/v2\/pages\/1987\/revisions"}],"predecessor-version":[{"id":6590,"href":"https:\/\/riegosur.es\/web\/index.php\/wp-json\/wp\/v2\/pages\/1987\/revisions\/6590"}],"wp:attachment":[{"href":"https:\/\/riegosur.es\/web\/index.php\/wp-json\/wp\/v2\/media?parent=1987"}],"curies":[{"name":"wp","href":"https:\/\/api.w.org\/{rel}","templated":true}]}}