{"id":5719,"date":"2023-10-13T13:29:05","date_gmt":"2023-10-13T11:29:05","guid":{"rendered":"https:\/\/riegosur.es\/web\/index.php\/actividades\/actividades-agua\/conducciones-copy\/"},"modified":"2023-10-17T12:26:24","modified_gmt":"2023-10-17T10:26:24","slug":"estaciones-bombeo","status":"publish","type":"page","link":"https:\/\/riegosur.es\/web\/index.php\/actividades\/actividades-agua\/estaciones-bombeo\/","title":{"rendered":"Estaciones de bombeo"},"content":{"rendered":"\t\t<div data-elementor-type=\"wp-page\" data-elementor-id=\"5719\" class=\"elementor elementor-5719\">\n\t\t\t\t\t\t<section class=\"elementor-section elementor-top-section elementor-element elementor-element-853a243 elementor-section-boxed elementor-section-height-default elementor-section-height-default\" data-id=\"853a243\" data-element_type=\"section\">\n\t\t\t\t\t\t<div class=\"elementor-container elementor-column-gap-default\">\n\t\t\t\t\t<div class=\"elementor-column elementor-col-100 elementor-top-column elementor-element elementor-element-f6a3038\" data-id=\"f6a3038\" data-element_type=\"column\">\n\t\t\t<div class=\"elementor-widget-wrap\">\n\t\t\t\t\t\t\t<\/div>\n\t\t<\/div>\n\t\t\t\t\t<\/div>\n\t\t<\/section>\n\t\t<div class=\"elementor-element elementor-element-c2e8659 e-flex e-con-boxed e-con e-parent\" data-id=\"c2e8659\" data-element_type=\"container\">\n\t\t\t\t\t<div class=\"e-con-inner\">\n\t\t\t\t<div class=\"elementor-element elementor-element-5a25419 elementor-widget elementor-widget-text-editor\" data-id=\"5a25419\" data-element_type=\"widget\" data-widget_type=\"text-editor.default\">\n\t\t\t\t<div class=\"elementor-widget-container\">\n\t\t\t\t\t\t\t\t\t<p>\u00a0<\/p><p>\u00a0<\/p>\t\t\t\t\t\t\t\t<\/div>\n\t\t\t\t<\/div>\n\t\t\t\t\t<\/div>\n\t\t\t\t<\/div>\n\t\t\t\t<section class=\"elementor-section elementor-top-section elementor-element elementor-element-0d5d840 elementor-section-boxed elementor-section-height-default elementor-section-height-default\" data-id=\"0d5d840\" data-element_type=\"section\">\n\t\t\t\t\t\t<div class=\"elementor-container elementor-column-gap-default\">\n\t\t\t\t\t<div class=\"elementor-column elementor-col-100 elementor-top-column elementor-element elementor-element-fb74440\" data-id=\"fb74440\" data-element_type=\"column\">\n\t\t\t<div class=\"elementor-widget-wrap elementor-element-populated\">\n\t\t\t\t\t\t<div class=\"elementor-element elementor-element-7d640c9 elementor-widget elementor-widget-heading\" data-id=\"7d640c9\" data-element_type=\"widget\" data-widget_type=\"heading.default\">\n\t\t\t\t<div class=\"elementor-widget-container\">\n\t\t\t\t\t<h2 class=\"elementor-heading-title elementor-size-xxl\">Estaciones de bombeo<\/h2>\t\t\t\t<\/div>\n\t\t\t\t<\/div>\n\t\t\t\t\t<\/div>\n\t\t<\/div>\n\t\t\t\t\t<\/div>\n\t\t<\/section>\n\t\t\t\t<section class=\"elementor-section elementor-top-section elementor-element elementor-element-70078cb elementor-section-boxed elementor-section-height-default elementor-section-height-default\" data-id=\"70078cb\" data-element_type=\"section\">\n\t\t\t\t\t\t<div class=\"elementor-container elementor-column-gap-default\">\n\t\t\t\t\t<div class=\"elementor-column elementor-col-100 elementor-top-column elementor-element elementor-element-a130ebf\" data-id=\"a130ebf\" data-element_type=\"column\">\n\t\t\t<div class=\"elementor-widget-wrap elementor-element-populated\">\n\t\t\t\t\t\t<section class=\"elementor-section elementor-inner-section elementor-element elementor-element-89b5202 elementor-section-content-middle elementor-section-boxed elementor-section-height-default elementor-section-height-default\" data-id=\"89b5202\" data-element_type=\"section\">\n\t\t\t\t\t\t<div class=\"elementor-container elementor-column-gap-default\">\n\t\t\t\t\t<div class=\"elementor-column elementor-col-50 elementor-inner-column elementor-element elementor-element-c94844c two\" data-id=\"c94844c\" data-element_type=\"column\">\n\t\t\t<div class=\"elementor-widget-wrap elementor-element-populated\">\n\t\t\t\t\t\t<div class=\"elementor-element elementor-element-c051211 elementor-widget elementor-widget-image\" data-id=\"c051211\" data-element_type=\"widget\" data-widget_type=\"image.default\">\n\t\t\t\t<div class=\"elementor-widget-container\">\n\t\t\t\t\t\t\t\t\t\t\t\t\t\t\t<img fetchpriority=\"high\" decoding=\"async\" width=\"400\" height=\"250\" src=\"https:\/\/riegosur.es\/web\/wp-content\/uploads\/2023\/10\/001_bomb-400x250.jpg\" class=\"attachment-solar-case-thumb size-solar-case-thumb wp-image-5320\" alt=\"\" \/>\t\t\t\t\t\t\t\t\t\t\t\t\t\t\t<\/div>\n\t\t\t\t<\/div>\n\t\t\t\t\t<\/div>\n\t\t<\/div>\n\t\t\t\t<div class=\"elementor-column elementor-col-50 elementor-inner-column elementor-element elementor-element-e3c4374\" data-id=\"e3c4374\" data-element_type=\"column\">\n\t\t\t<div class=\"elementor-widget-wrap elementor-element-populated\">\n\t\t\t\t\t\t<div class=\"elementor-element elementor-element-91887a8 elementor-widget elementor-widget-sectiontitle\" data-id=\"91887a8\" data-element_type=\"widget\" data-widget_type=\"sectiontitle.default\">\n\t\t\t\t<div class=\"elementor-widget-container\">\n\t\t\t\t\t\r\n\t\t\t\t<div class=\"\">\r\n\r\n\t\t\t<div class=\"section-title t_left\">\r\n                \t\t\t\t\r\n\t\t\t\t  \r\n                       <h3>Riegosur<\/h3>\r\n                \t\t\t\t\r\n\t\t\t\t \t\t\t\t<div class=\"bar-main\">\r\n\t\t\t\t\t<div class=\"bar bar-big\"><\/div>\r\n\t\t\t\t<\/div>\r\n\t\t\t\t\r\n                 \r\n                        <p>ha instalado toda clase de bombas, ya sean bombas sumergibles, verticales u horizontales de c\u00e1mara partida, grupos de presi\u00f3n, bombas de drenaje, de achique, de fecales, trituradoras, etc.\n\nNuestros ingenieros realizan el dise\u00f1o completo de la estaci\u00f3n de bombeo, desde el c\u00e1lculo del pozo de bombeo hasta la automatizaci\u00f3n de la instalaci\u00f3n y la estructura del edificio donde ubicar el resto de equipos como el puente gr\u00faa, grupo electr\u00f3geno, red de v\u00e1lvulas, etc.\n\nLa dilatada experiencia de RIEGOSUR en estaciones de bombeo nos permite que nos encomienden importantes estaciones de bombeo para Comunidades de Regantes, donde la fiabilidad de la instalaci\u00f3n es fundamental para que nuestros clientes se sientan seguros, principalmente en plena campa\u00f1a de riegos en el periodo estival.<\/p>\r\n                \t\t\t\t\r\n\r\n\t\t\t\t\r\n\t\t\t<\/div>\t\r\n\r\n\t\t<\/div>\r\n\r\n\t\t\r\n\t\t\t\t\t\t<\/div>\n\t\t\t\t<\/div>\n\t\t\t\t\t<\/div>\n\t\t<\/div>\n\t\t\t\t\t<\/div>\n\t\t<\/section>\n\t\t\t\t\t<\/div>\n\t\t<\/div>\n\t\t\t\t\t<\/div>\n\t\t<\/section>\n\t\t\t\t<section class=\"elementor-section elementor-top-section elementor-element elementor-element-aaf22fa elementor-section-boxed elementor-section-height-default elementor-section-height-default\" data-id=\"aaf22fa\" data-element_type=\"section\">\n\t\t\t\t\t\t<div class=\"elementor-container elementor-column-gap-default\">\n\t\t\t\t\t<div class=\"elementor-column elementor-col-100 elementor-top-column elementor-element elementor-element-0484e47\" data-id=\"0484e47\" data-element_type=\"column\">\n\t\t\t<div class=\"elementor-widget-wrap elementor-element-populated\">\n\t\t\t\t\t\t<div class=\"elementor-element elementor-element-2ac087b elementor-widget elementor-widget-sectiontitle\" data-id=\"2ac087b\" data-element_type=\"widget\" data-widget_type=\"sectiontitle.default\">\n\t\t\t\t<div class=\"elementor-widget-container\">\n\t\t\t\t\t\r\n\t\t\t\t<div class=\"\">\r\n\r\n\t\t\t<div class=\"section-title t_left\">\r\n                 \r\n                        <h5>Actividades<\/h5>\r\n                \t\t\t\t\r\n\t\t\t\t  \r\n                       <h3>Somos especialistas<\/h3>\r\n                \t\t\t\t\r\n\t\t\t\t  \r\n                       <h2>en el agua y en el futuro.<span><\/span><\/h2>\r\n                \t\t\t\t<div class=\"bar-main\">\r\n\t\t\t\t\t<div class=\"bar bar-big\"><\/div>\r\n\t\t\t\t<\/div>\r\n\t\t\t\t\r\n                \t\t\t\t\r\n\r\n\t\t\t\t\r\n\t\t\t<\/div>\t\r\n\r\n\t\t<\/div>\r\n\r\n\t\t\r\n\t\t\t\t\t\t<\/div>\n\t\t\t\t<\/div>\n\t\t\t\t<div class=\"elementor-element elementor-element-7af26ea elementor-widget elementor-widget-servicecarousel\" data-id=\"7af26ea\" data-element_type=\"widget\" data-widget_type=\"servicecarousel.default\">\n\t\t\t\t<div class=\"elementor-widget-container\">\n\t\t\t\t\t\r\n\t\t\r\n\r\n\t\t\t<section class=\"service_cursousel_sliderr_two\">\r\n\r\n\t\t\t\t\t\t\t<div class=\"em-service style_4\">\t\t\r\n\t\t\t\t\t<div class=\"em-service-thumb\">\r\n\t\t\t\t\t\t<img decoding=\"async\" src=\"https:\/\/riegosur.es\/web\/wp-content\/uploads\/2023\/10\/001_bals.jpg\" alt=\"\">\r\n\t\t\t\t\t\t<!-- <div class=\"em-service-icon\">\r\n\t\t\t\t\t\t\t<i class=\"\"><\/i>\r\n\t\t\t\t\t\t<\/div> -->\r\n\r\n\t\t\t\t\t<\/div>\r\n\r\n\t\t\t\t\t<div class=\"em_service_content\">\r\n\t\t\t\t\t\t<div class=\"em_single_service_text\">\r\n\t\t\t\t\t\t\t<div class=\"service_top_text\">\r\n\r\n\t\t\t\t\t\t\t\t<div class=\"em-service-title\">\r\n\t\t\t\t\t\t\t\t\t<h2>Balsas y dep\u00f3sitos<\/h2>\r\n\t\t\t\t\t\t\t\t<\/div>\r\n\r\n\t\t\t\t\t\t\t<\/div>\r\n\t\t\t\t\t\t\t<div class=\"em-service-inner\">\t\t\t\t\r\n\t\t\t\t\t\t\t\t<div class=\"service-box-desc\" >\r\n\t\t\t\t\t\t\t\t\t<p>RIEGOSUR ha construido gran cantidad de embalses y dep\u00f3sitos para el almacenamiento de agua, para abastecimiento de agua a grandes poblaciones y zonas de riego. Incluso hemos llegado a construir algunas balsas cuyos diques principales est\u00e1n catalogados como grandes presas.<\/p>\r\n\t\t\t\t\t\t\t\t<\/div>\t\t\t\t\t\t\r\n\t\t\t\t\t\t\t<\/div>\r\n\r\n\t\t\t\t\t\t\t\t\t\t\t\t\t\t<div class=\"service-btn\">\r\n\t\t\t\t\t\t\t\t<a href=\"#\">\r\n\t\t\t\t\t\t\t\t\t\t\t\t\t\t\t\t\t\t<i class=\" \"><\/i>\r\n\t\t\t\t\t\t\t\t<\/a>\r\n\t\t\t\t\t\t\t<\/div><!-- .service-btn\t-->\r\n\t\t\t\t\t\t\t\r\n\r\n\t\t\t\t\t\t<\/div>\r\n\t\t\t\t\t<\/div>\r\n\t\t\t\t<\/div>\r\n\t\t\t\t\t\t\t<div class=\"em-service style_4\">\t\t\r\n\t\t\t\t\t<div class=\"em-service-thumb\">\r\n\t\t\t\t\t\t<img decoding=\"async\" src=\"https:\/\/riegosur.es\/web\/wp-content\/uploads\/2023\/10\/002_trat.jpg\" alt=\"\">\r\n\t\t\t\t\t\t<!-- <div class=\"em-service-icon\">\r\n\t\t\t\t\t\t\t<i class=\"\"><\/i>\r\n\t\t\t\t\t\t<\/div> -->\r\n\r\n\t\t\t\t\t<\/div>\r\n\r\n\t\t\t\t\t<div class=\"em_service_content\">\r\n\t\t\t\t\t\t<div class=\"em_single_service_text\">\r\n\t\t\t\t\t\t\t<div class=\"service_top_text\">\r\n\r\n\t\t\t\t\t\t\t\t<div class=\"em-service-title\">\r\n\t\t\t\t\t\t\t\t\t<h2>Estaciones de tratamiento de agua<\/h2>\r\n\t\t\t\t\t\t\t\t<\/div>\r\n\r\n\t\t\t\t\t\t\t<\/div>\r\n\t\t\t\t\t\t\t<div class=\"em-service-inner\">\t\t\t\t\r\n\t\t\t\t\t\t\t\t<div class=\"service-box-desc\" >\r\n\t\t\t\t\t\t\t\t\t<p>RIEGOSUR dispone de un equipo de t\u00e9cnicos con una amplia experiencia en plantas de tratamiento de agua para abastecimiento, siendo capaces de potabilizar los m\u00e1s distintos tipos de agua, aportando soluciones innovadoras, y realizando siempre dise\u00f1os que permitan minimizar los posteriores trabajos de explotaci\u00f3n y mantenimiento, ...<\/p>\r\n\t\t\t\t\t\t\t\t<\/div>\t\t\t\t\t\t\r\n\t\t\t\t\t\t\t<\/div>\r\n\r\n\t\t\t\t\t\t\t\t\t\t\t\t\t\t<div class=\"service-btn\">\r\n\t\t\t\t\t\t\t\t<a href=\"#\">\r\n\t\t\t\t\t\t\t\t\t\t\t\t\t\t\t\t\t\t<i class=\" \"><\/i>\r\n\t\t\t\t\t\t\t\t<\/a>\r\n\t\t\t\t\t\t\t<\/div><!-- .service-btn\t-->\r\n\t\t\t\t\t\t\t\r\n\r\n\t\t\t\t\t\t<\/div>\r\n\t\t\t\t\t<\/div>\r\n\t\t\t\t<\/div>\r\n\t\t\t\t\t\t\t<div class=\"em-service style_4\">\t\t\r\n\t\t\t\t\t<div class=\"em-service-thumb\">\r\n\t\t\t\t\t\t<img decoding=\"async\" src=\"https:\/\/riegosur.es\/web\/wp-content\/uploads\/2023\/10\/002_sanea.jpg\" alt=\"\">\r\n\t\t\t\t\t\t<!-- <div class=\"em-service-icon\">\r\n\t\t\t\t\t\t\t<i class=\"\"><\/i>\r\n\t\t\t\t\t\t<\/div> -->\r\n\r\n\t\t\t\t\t<\/div>\r\n\r\n\t\t\t\t\t<div class=\"em_service_content\">\r\n\t\t\t\t\t\t<div class=\"em_single_service_text\">\r\n\t\t\t\t\t\t\t<div class=\"service_top_text\">\r\n\r\n\t\t\t\t\t\t\t\t<div class=\"em-service-title\">\r\n\t\t\t\t\t\t\t\t\t<h2>Redes de saneamiento<\/h2>\r\n\t\t\t\t\t\t\t\t<\/div>\r\n\r\n\t\t\t\t\t\t\t<\/div>\r\n\t\t\t\t\t\t\t<div class=\"em-service-inner\">\t\t\t\t\r\n\t\t\t\t\t\t\t\t<div class=\"service-box-desc\" >\r\n\t\t\t\t\t\t\t\t\t<p>RIEGOSUR tiene gran experiencia y referencias en redes de saneamiento, desde las redes de alcantarillado con sus correspondientes acometidas domiciliarias, hasta los colectores emisario que recogen todos y cada uno de los vertidos existentes en el n\u00facleo y su transporte hasta la estaci\u00f3n depuradora.<\/p>\r\n\t\t\t\t\t\t\t\t<\/div>\t\t\t\t\t\t\r\n\t\t\t\t\t\t\t<\/div>\r\n\r\n\t\t\t\t\t\t\t\t\t\t\t\t\t\t<div class=\"service-btn\">\r\n\t\t\t\t\t\t\t\t<a href=\"#\">\r\n\t\t\t\t\t\t\t\t\t\t\t\t\t\t\t\t\t\t<i class=\" \"><\/i>\r\n\t\t\t\t\t\t\t\t<\/a>\r\n\t\t\t\t\t\t\t<\/div><!-- .service-btn\t-->\r\n\t\t\t\t\t\t\t\r\n\r\n\t\t\t\t\t\t<\/div>\r\n\t\t\t\t\t<\/div>\r\n\t\t\t\t<\/div>\r\n\t\t\t\t\t\t\t<div class=\"em-service style_4\">\t\t\r\n\t\t\t\t\t<div class=\"em-service-thumb\">\r\n\t\t\t\t\t\t<img decoding=\"async\" src=\"https:\/\/riegosur.es\/web\/wp-content\/uploads\/2023\/10\/002_conduc.jpg\" alt=\"\">\r\n\t\t\t\t\t\t<!-- <div class=\"em-service-icon\">\r\n\t\t\t\t\t\t\t<i class=\"\"><\/i>\r\n\t\t\t\t\t\t<\/div> -->\r\n\r\n\t\t\t\t\t<\/div>\r\n\r\n\t\t\t\t\t<div class=\"em_service_content\">\r\n\t\t\t\t\t\t<div class=\"em_single_service_text\">\r\n\t\t\t\t\t\t\t<div class=\"service_top_text\">\r\n\r\n\t\t\t\t\t\t\t\t<div class=\"em-service-title\">\r\n\t\t\t\t\t\t\t\t\t<h2>Conducciones<\/h2>\r\n\t\t\t\t\t\t\t\t<\/div>\r\n\r\n\t\t\t\t\t\t\t<\/div>\r\n\t\t\t\t\t\t\t<div class=\"em-service-inner\">\t\t\t\t\r\n\t\t\t\t\t\t\t\t<div class=\"service-box-desc\" >\r\n\t\t\t\t\t\t\t\t\t<p>\nRIEGOSUR ha ejecutado m\u00faltiples conducciones de todo tipo de materiales y di\u00e1metros, tanto para abastecimientos de poblaci\u00f3n, como para distribuci\u00f3n en zonas de riego, siendo pionera en la instalaci\u00f3n de dispositivos de regulaci\u00f3n y control del flujo de agua, utilizando v\u00e1lvulas hidr\u00e1ulicas de \u00faltima generaci\u00f3n, ...<\/p>\r\n\t\t\t\t\t\t\t\t<\/div>\t\t\t\t\t\t\r\n\t\t\t\t\t\t\t<\/div>\r\n\r\n\t\t\t\t\t\t\t\t\t\t\t\t\t\t<div class=\"service-btn\">\r\n\t\t\t\t\t\t\t\t<a href=\"#\">\r\n\t\t\t\t\t\t\t\t\t\u3164\t\t\t\t\t\t\t\t\t<i class=\" \"><\/i>\r\n\t\t\t\t\t\t\t\t<\/a>\r\n\t\t\t\t\t\t\t<\/div><!-- .service-btn\t-->\r\n\t\t\t\t\t\t\t\r\n\r\n\t\t\t\t\t\t<\/div>\r\n\t\t\t\t\t<\/div>\r\n\t\t\t\t<\/div>\r\n\t\t\t\t\t\t\t<div class=\"em-service style_4\">\t\t\r\n\t\t\t\t\t<div class=\"em-service-thumb\">\r\n\t\t\t\t\t\t<img decoding=\"async\" src=\"https:\/\/riegosur.es\/web\/wp-content\/uploads\/2023\/10\/002_resi.jpg\" alt=\"\">\r\n\t\t\t\t\t\t<!-- <div class=\"em-service-icon\">\r\n\t\t\t\t\t\t\t<i class=\"\"><\/i>\r\n\t\t\t\t\t\t<\/div> -->\r\n\r\n\t\t\t\t\t<\/div>\r\n\r\n\t\t\t\t\t<div class=\"em_service_content\">\r\n\t\t\t\t\t\t<div class=\"em_single_service_text\">\r\n\t\t\t\t\t\t\t<div class=\"service_top_text\">\r\n\r\n\t\t\t\t\t\t\t\t<div class=\"em-service-title\">\r\n\t\t\t\t\t\t\t\t\t<h2>Estaciones depuradoras de aguas residuales<\/h2>\r\n\t\t\t\t\t\t\t\t<\/div>\r\n\r\n\t\t\t\t\t\t\t<\/div>\r\n\t\t\t\t\t\t\t<div class=\"em-service-inner\">\t\t\t\t\r\n\t\t\t\t\t\t\t\t<div class=\"service-box-desc\" >\r\n\t\t\t\t\t\t\t\t\t<p>Riegosur\ntiene una amplia trayectoria en el dise\u00f1o y construcci\u00f3n de estaciones depuradoras de aguas residuales, tanto para grandes ciudades como para peque\u00f1os municipios. Nuestros t\u00e9cnicos han afrontado las m\u00e1s diversas problem\u00e1ticas, consiguiendo dar soluciones a ciudades con alto incremento poblacional en periodo estival, ...<\/p>\r\n\t\t\t\t\t\t\t\t<\/div>\t\t\t\t\t\t\r\n\t\t\t\t\t\t\t<\/div>\r\n\r\n\t\t\t\t\t\t\t\t\t\t\t\t\t\t<div class=\"service-btn\">\r\n\t\t\t\t\t\t\t\t<a href=\"#\">\r\n\t\t\t\t\t\t\t\t\t\t\t\t\t\t\t\t\t\t<i class=\"fa fa-angle-right \"><\/i>\r\n\t\t\t\t\t\t\t\t<\/a>\r\n\t\t\t\t\t\t\t<\/div><!-- .service-btn\t-->\r\n\t\t\t\t\t\t\t\r\n\r\n\t\t\t\t\t\t<\/div>\r\n\t\t\t\t\t<\/div>\r\n\t\t\t\t<\/div>\r\n\t\t\t\t\t\t\t<div class=\"em-service style_4\">\t\t\r\n\t\t\t\t\t<div class=\"em-service-thumb\">\r\n\t\t\t\t\t\t<img decoding=\"async\" src=\"https:\/\/riegosur.es\/web\/wp-content\/uploads\/2023\/10\/002_encauz.jpg\" alt=\"\">\r\n\t\t\t\t\t\t<!-- <div class=\"em-service-icon\">\r\n\t\t\t\t\t\t\t<i class=\"\"><\/i>\r\n\t\t\t\t\t\t<\/div> -->\r\n\r\n\t\t\t\t\t<\/div>\r\n\r\n\t\t\t\t\t<div class=\"em_service_content\">\r\n\t\t\t\t\t\t<div class=\"em_single_service_text\">\r\n\t\t\t\t\t\t\t<div class=\"service_top_text\">\r\n\r\n\t\t\t\t\t\t\t\t<div class=\"em-service-title\">\r\n\t\t\t\t\t\t\t\t\t<h2>Encauzamientos<\/h2>\r\n\t\t\t\t\t\t\t\t<\/div>\r\n\r\n\t\t\t\t\t\t\t<\/div>\r\n\t\t\t\t\t\t\t<div class=\"em-service-inner\">\t\t\t\t\r\n\t\t\t\t\t\t\t\t<div class=\"service-box-desc\" >\r\n\t\t\t\t\t\t\t\t\t<p>En RIEGOSUR hemos realizado m\u00faltiples obras de encauzamientos en r\u00edos y arroyos para protecci\u00f3n frente a inundaciones, protecci\u00f3n de m\u00e1rgenes, fijaci\u00f3n de cauces estables, mejora de las condiciones de desag\u00fce y como medidas de restauraci\u00f3n ecol\u00f3gica.<\/p>\r\n\t\t\t\t\t\t\t\t<\/div>\t\t\t\t\t\t\r\n\t\t\t\t\t\t\t<\/div>\r\n\r\n\t\t\t\t\t\t\t\t\t\t\t\t\t\t<div class=\"service-btn\">\r\n\t\t\t\t\t\t\t\t<a href=\"#\">\r\n\t\t\t\t\t\t\t\t\t\t\t\t\t\t\t\t\t\t<i class=\" \"><\/i>\r\n\t\t\t\t\t\t\t\t<\/a>\r\n\t\t\t\t\t\t\t<\/div><!-- .service-btn\t-->\r\n\t\t\t\t\t\t\t\r\n\r\n\t\t\t\t\t\t<\/div>\r\n\t\t\t\t\t<\/div>\r\n\t\t\t\t<\/div>\r\n\t\t\t\t\t\t\t<div class=\"em-service style_4\">\t\t\r\n\t\t\t\t\t<div class=\"em-service-thumb\">\r\n\t\t\t\t\t\t<img decoding=\"async\" src=\"https:\/\/riegosur.es\/web\/wp-content\/uploads\/2023\/10\/001_forest.jpg\" alt=\"\">\r\n\t\t\t\t\t\t<!-- <div class=\"em-service-icon\">\r\n\t\t\t\t\t\t\t<i class=\"\"><\/i>\r\n\t\t\t\t\t\t<\/div> -->\r\n\r\n\t\t\t\t\t<\/div>\r\n\r\n\t\t\t\t\t<div class=\"em_service_content\">\r\n\t\t\t\t\t\t<div class=\"em_single_service_text\">\r\n\t\t\t\t\t\t\t<div class=\"service_top_text\">\r\n\r\n\t\t\t\t\t\t\t\t<div class=\"em-service-title\">\r\n\t\t\t\t\t\t\t\t\t<h2>Forestal y tratamientos selv\u00edcolas<\/h2>\r\n\t\t\t\t\t\t\t\t<\/div>\r\n\r\n\t\t\t\t\t\t\t<\/div>\r\n\t\t\t\t\t\t\t<div class=\"em-service-inner\">\t\t\t\t\r\n\t\t\t\t\t\t\t\t<div class=\"service-box-desc\" >\r\n\t\t\t\t\t\t\t\t\t<p>RIEGOSUR posee un departamento forestal con capacidad para realizar todo tipo de proyectos forestales (Proyectos de Ordenaci\u00f3n de Montes, Planes T\u00e9cnicos de Montes, Gesti\u00f3n de Subvenciones del sector forestal, Planes T\u00e9cnicos de Caza, Planes de Autoprotecci\u00f3n contra los Incendios Forestales, Proyectos de Aprovechamientos de Recursos Forestales\u2026) ...<\/p>\r\n\t\t\t\t\t\t\t\t<\/div>\t\t\t\t\t\t\r\n\t\t\t\t\t\t\t<\/div>\r\n\r\n\t\t\t\t\t\t\t\t\t\t\t\t\t\t<div class=\"service-btn\">\r\n\t\t\t\t\t\t\t\t<a href=\"#\">\r\n\t\t\t\t\t\t\t\t\t\t\t\t\t\t\t\t\t\t<i class=\" \"><\/i>\r\n\t\t\t\t\t\t\t\t<\/a>\r\n\t\t\t\t\t\t\t<\/div><!-- .service-btn\t-->\r\n\t\t\t\t\t\t\t\r\n\r\n\t\t\t\t\t\t<\/div>\r\n\t\t\t\t\t<\/div>\r\n\t\t\t\t<\/div>\r\n\t\t\t\t\t\t\t<div class=\"em-service style_4\">\t\t\r\n\t\t\t\t\t<div class=\"em-service-thumb\">\r\n\t\t\t\t\t\t<img decoding=\"async\" src=\"https:\/\/riegosur.es\/web\/wp-content\/uploads\/2023\/10\/002_rest_amb.jpg\" alt=\"\">\r\n\t\t\t\t\t\t<!-- <div class=\"em-service-icon\">\r\n\t\t\t\t\t\t\t<i class=\"\"><\/i>\r\n\t\t\t\t\t\t<\/div> -->\r\n\r\n\t\t\t\t\t<\/div>\r\n\r\n\t\t\t\t\t<div class=\"em_service_content\">\r\n\t\t\t\t\t\t<div class=\"em_single_service_text\">\r\n\t\t\t\t\t\t\t<div class=\"service_top_text\">\r\n\r\n\t\t\t\t\t\t\t\t<div class=\"em-service-title\">\r\n\t\t\t\t\t\t\t\t\t<h2>Restauraci\u00f3n ambiental y jardiner\u00eda<\/h2>\r\n\t\t\t\t\t\t\t\t<\/div>\r\n\r\n\t\t\t\t\t\t\t<\/div>\r\n\t\t\t\t\t\t\t<div class=\"em-service-inner\">\t\t\t\t\r\n\t\t\t\t\t\t\t\t<div class=\"service-box-desc\" >\r\n\t\t\t\t\t\t\t\t\t<p>En RIEGOSUR estamos preparados para afrontar cualquier reto en el campo de la restauraci\u00f3n ambiental y la jardiner\u00eda. Somos especialistas en el dise\u00f1o, construcci\u00f3n de jardines, el dise\u00f1o e instalaci\u00f3n de sistemas de riego, plantaciones, ...<\/p>\r\n\t\t\t\t\t\t\t\t<\/div>\t\t\t\t\t\t\r\n\t\t\t\t\t\t\t<\/div>\r\n\r\n\t\t\t\t\t\t\t\t\t\t\t\t\t\t\t\t<i class=\" \"><\/i>\r\n\t\t\t\t\t\t\t\t<\/a>\r\n\t\t\t\t\t\t\t<\/div><!-- .service-btn\t-->\r\n\t\t\t\t\t\t\t\r\n\r\n\t\t\t\t\t\t<\/div>\r\n\t\t\t\t\t<\/div>\r\n\t\t\t\t<\/div>\r\n\t\t\t\t\t\t<\/section>\r\n\r\n\t            <script>\r\n\t                jQuery(document).ready(function() {\r\n\t                    jQuery(\".service_cursousel_sliderr_two\").slick({\r\n\t                        \t                            dots:false,\r\n\t                            infinite: true,\r\n\t                            centerMode: true,\r\n\t                            autoplay: true,\r\n\t                            autoplaySpeed: 7000,\r\n\t                            slidesToShow: 3,\r\n\t                            slidesToScroll: 3,\r\n\t                            centerPadding: '0',\r\n\t                            padding: 15,\r\n\t                            nav:true,\r\n\t                            arrows:true,\r\n\t\t\t\t\t\t        responsive: [\r\n\t\t\t\t\t\t            {\r\n\t\t\t\t\t\t                breakpoint: 1920,\r\n\t\t\t\t\t\t                settings: {\r\n\t\t\t\t\t\t                    slidesToShow: 3,\r\n\t\t\t\t\t\t                }\r\n\t\t\t\t\t\t            },\r\n\t\t\t\t\t\t\t\t\t {\r\n\t\t\t\t\t\t                breakpoint: 1400,\r\n\t\t\t\t\t\t                settings: {\r\n\t\t\t\t\t\t                    slidesToShow: 2,\r\n\t\t\t\t\t\t                }\r\n\t\t\t\t\t\t            },\r\n\t\t\t\t\t\t\t\t\t\r\n\t\t\t\t\t\t\t\t\t\r\n\t\t\t\t\t\t            {\r\n\t\t\t\t\t\t                breakpoint: 991,\r\n\t\t\t\t\t\t                settings: {\r\n\t\t\t\t\t\t                    slidesToShow: 2,\r\n\t\t\t\t\t\t                }\r\n\t\t\t\t\t\t            },\r\n\t\t\t\t\t\t            {\r\n\t\t\t\t\t\t              breakpoint: 768,\r\n\t\t\t\t\t\t              settings: {\r\n\t\t\t\t\t\t                slidesToShow: 1\r\n\t\t\t\t\t\t              }\r\n\t\t\t\t\t\t            },\r\n\t\t\t\t\t\t            {\r\n\t\t\t\t\t\t              breakpoint: 600,\r\n\t\t\t\t\t\t              settings: {\r\n\t\t\t\t\t\t                arrows: false,\r\n\t\t\t\t\t\t                slidesToShow: 1\r\n\t\t\t\t\t\t              }\r\n\t\t\t\t\t\t            }\r\n\t\t\t\t\t\t        ]\r\n\r\n\t                        \t                    });\r\n\t                });\r\n\t            <\/script>\r\n\r\n\t\t\r\n\t\t\t\t\t\t<\/div>\n\t\t\t\t<\/div>\n\t\t\t\t\t<\/div>\n\t\t<\/div>\n\t\t\t\t\t<\/div>\n\t\t<\/section>\n\t\t\t\t<\/div>\n\t\t","protected":false},"excerpt":{"rendered":"<p>\u00a0 \u00a0 Estaciones de bombeo Riegosur ha instalado toda clase de bombas, ya sean bombas sumergibles, verticales u horizontales de c\u00e1mara partida, grupos de presi\u00f3n, bombas de drenaje, de achique, de fecales, trituradoras, etc. Nuestros ingenieros realizan el dise\u00f1o completo de la estaci\u00f3n de bombeo, desde el c\u00e1lculo del pozo de bombeo hasta la automatizaci\u00f3n [&hellip;]<\/p>\n","protected":false},"author":1,"featured_media":0,"parent":5428,"menu_order":0,"comment_status":"closed","ping_status":"closed","template":"page-templates\/template-default.php","meta":{"inline_featured_image":false,"_monsterinsights_skip_tracking":false,"_monsterinsights_sitenote_active":false,"_monsterinsights_sitenote_note":"","_monsterinsights_sitenote_category":0,"footnotes":""},"class_list":["post-5719","page","type-page","status-publish","hentry"],"aioseo_notices":[],"_links":{"self":[{"href":"https:\/\/riegosur.es\/web\/index.php\/wp-json\/wp\/v2\/pages\/5719","targetHints":{"allow":["GET"]}}],"collection":[{"href":"https:\/\/riegosur.es\/web\/index.php\/wp-json\/wp\/v2\/pages"}],"about":[{"href":"https:\/\/riegosur.es\/web\/index.php\/wp-json\/wp\/v2\/types\/page"}],"author":[{"embeddable":true,"href":"https:\/\/riegosur.es\/web\/index.php\/wp-json\/wp\/v2\/users\/1"}],"replies":[{"embeddable":true,"href":"https:\/\/riegosur.es\/web\/index.php\/wp-json\/wp\/v2\/comments?post=5719"}],"version-history":[{"count":23,"href":"https:\/\/riegosur.es\/web\/index.php\/wp-json\/wp\/v2\/pages\/5719\/revisions"}],"predecessor-version":[{"id":5802,"href":"https:\/\/riegosur.es\/web\/index.php\/wp-json\/wp\/v2\/pages\/5719\/revisions\/5802"}],"up":[{"embeddable":true,"href":"https:\/\/riegosur.es\/web\/index.php\/wp-json\/wp\/v2\/pages\/5428"}],"wp:attachment":[{"href":"https:\/\/riegosur.es\/web\/index.php\/wp-json\/wp\/v2\/media?parent=5719"}],"curies":[{"name":"wp","href":"https:\/\/api.w.org\/{rel}","templated":true}]}}