{"id":5889,"date":"2023-11-14T12:12:05","date_gmt":"2023-11-14T10:12:05","guid":{"rendered":"https:\/\/riegosur.es\/web\/index.php\/actividades\/actividades-agua\/balsas-depositos-copy\/"},"modified":"2023-12-14T10:21:02","modified_gmt":"2023-12-14T08:21:02","slug":"proyecto-662","status":"publish","type":"page","link":"https:\/\/riegosur.es\/web\/index.php\/pagina-principal\/proyectos-222\/proyecto-662\/","title":{"rendered":"Obras de emergencia para adecuaci\u00f3n de presas en Ja\u00e9n, C\u00f3rdoba y Sevilla"},"content":{"rendered":"\t\t<div data-elementor-type=\"wp-page\" data-elementor-id=\"5889\" class=\"elementor elementor-5889\">\n\t\t\t\t\t\t<section class=\"elementor-section elementor-top-section elementor-element elementor-element-853a243 elementor-section-boxed elementor-section-height-default elementor-section-height-default\" data-id=\"853a243\" data-element_type=\"section\">\n\t\t\t\t\t\t<div class=\"elementor-container elementor-column-gap-default\">\n\t\t\t\t\t<div class=\"elementor-column elementor-col-100 elementor-top-column elementor-element elementor-element-f6a3038\" data-id=\"f6a3038\" data-element_type=\"column\">\n\t\t\t<div class=\"elementor-widget-wrap\">\n\t\t\t\t\t\t\t<\/div>\n\t\t<\/div>\n\t\t\t\t\t<\/div>\n\t\t<\/section>\n\t\t<div class=\"elementor-element elementor-element-c2e8659 e-flex e-con-boxed e-con e-parent\" data-id=\"c2e8659\" data-element_type=\"container\">\n\t\t\t\t\t<div class=\"e-con-inner\">\n\t\t\t\t<div class=\"elementor-element elementor-element-5a25419 elementor-widget elementor-widget-text-editor\" data-id=\"5a25419\" data-element_type=\"widget\" data-widget_type=\"text-editor.default\">\n\t\t\t\t<div class=\"elementor-widget-container\">\n\t\t\t\t\t\t\t\t\t<p>\u00a0<\/p><p>\u00a0<\/p>\t\t\t\t\t\t\t\t<\/div>\n\t\t\t\t<\/div>\n\t\t\t\t\t<\/div>\n\t\t\t\t<\/div>\n\t\t\t\t<section class=\"elementor-section elementor-top-section elementor-element elementor-element-0d5d840 elementor-section-boxed elementor-section-height-default elementor-section-height-default\" data-id=\"0d5d840\" data-element_type=\"section\">\n\t\t\t\t\t\t<div class=\"elementor-container elementor-column-gap-default\">\n\t\t\t\t\t<div class=\"elementor-column elementor-col-100 elementor-top-column elementor-element elementor-element-fb74440\" data-id=\"fb74440\" data-element_type=\"column\">\n\t\t\t<div class=\"elementor-widget-wrap elementor-element-populated\">\n\t\t\t\t\t\t<div class=\"elementor-element elementor-element-7d640c9 elementor-widget elementor-widget-heading\" data-id=\"7d640c9\" data-element_type=\"widget\" data-widget_type=\"heading.default\">\n\t\t\t\t<div class=\"elementor-widget-container\">\n\t\t\t\t\t<h2 class=\"elementor-heading-title elementor-size-xxl\">Proyecto de obra 662 de obras de emergencia para la adecuaci\u00f3n de presas<\/h2>\t\t\t\t<\/div>\n\t\t\t\t<\/div>\n\t\t\t\t\t<\/div>\n\t\t<\/div>\n\t\t\t\t\t<\/div>\n\t\t<\/section>\n\t\t\t\t<section class=\"elementor-section elementor-top-section elementor-element elementor-element-70078cb elementor-section-boxed elementor-section-height-default elementor-section-height-default\" data-id=\"70078cb\" data-element_type=\"section\">\n\t\t\t\t\t\t<div class=\"elementor-container elementor-column-gap-default\">\n\t\t\t\t\t<div class=\"elementor-column elementor-col-100 elementor-top-column elementor-element elementor-element-a130ebf\" data-id=\"a130ebf\" data-element_type=\"column\">\n\t\t\t<div class=\"elementor-widget-wrap elementor-element-populated\">\n\t\t\t\t\t\t<section class=\"elementor-section elementor-inner-section elementor-element elementor-element-89b5202 elementor-section-content-middle elementor-section-boxed elementor-section-height-default elementor-section-height-default\" data-id=\"89b5202\" data-element_type=\"section\">\n\t\t\t\t\t\t<div class=\"elementor-container elementor-column-gap-default\">\n\t\t\t\t\t<div class=\"elementor-column elementor-col-50 elementor-inner-column elementor-element elementor-element-c94844c two\" data-id=\"c94844c\" data-element_type=\"column\">\n\t\t\t<div class=\"elementor-widget-wrap elementor-element-populated\">\n\t\t\t\t\t\t<div class=\"elementor-element elementor-element-c051211 elementor-absolute elementor-widget elementor-widget-image\" data-id=\"c051211\" data-element_type=\"widget\" data-settings=\"{&quot;_position&quot;:&quot;absolute&quot;}\" data-widget_type=\"image.default\">\n\t\t\t\t<div class=\"elementor-widget-container\">\n\t\t\t\t\t\t\t\t\t\t\t\t\t\t\t<img decoding=\"async\" src=\"https:\/\/riegosur.es\/web\/wp-content\/uploads\/2022\/01\/662_1.png\" title=\"662_1\" alt=\"Proyecto de obras de emergencia para la adecuaci\u00f3n de presas\" loading=\"lazy\" \/>\t\t\t\t\t\t\t\t\t\t\t\t\t\t\t<\/div>\n\t\t\t\t<\/div>\n\t\t\t\t\t<\/div>\n\t\t<\/div>\n\t\t\t\t<div class=\"elementor-column elementor-col-50 elementor-inner-column elementor-element elementor-element-e3c4374\" data-id=\"e3c4374\" data-element_type=\"column\">\n\t\t\t<div class=\"elementor-widget-wrap elementor-element-populated\">\n\t\t\t\t\t\t<div class=\"elementor-element elementor-element-91887a8 elementor-widget elementor-widget-sectiontitle\" data-id=\"91887a8\" data-element_type=\"widget\" data-widget_type=\"sectiontitle.default\">\n\t\t\t\t<div class=\"elementor-widget-container\">\n\t\t\t\t\t\r\n\t\t\r\n\t\t<div class=\"title_in_area\">\r\n\t\t<div class=\"title_in\">\r\n\t\t\t<div class=\"title_tx\">\r\n\t\t\t\r\n                 \t\t\t\t \t\t\t\t\r\n\t\t\t\t\t\t\t<\/div>\r\n\t\t<\/div>\r\n         \t\r\n    \t\t<div class=\"title_p\">\r\n    \t\t\t<div class=\"title_ptx\">\r\n                     <p>Nombre de proyecto: OBRAS DE EMERGENCIA PARA LA ADECUACI\u00d3N DE LAS PRESAS EN LAS PROVINCIAS DE JA\u00c9N, C\u00d3RDOBA Y SEVILLA\n<\/br>\n<\/br>\nCategor\u00eda: Presas\n<\/br>\n<\/br>\nCliente: Confederaci\u00f3n hidrogr\u00e1fica del Guadalquivir\nPresupuesto: 646.016,95 \u20ac\n<\/br>\n<\/br>\nActividad realizada:\n\u00a0Presa Fernandina: Revisi\u00f3n, reparaci\u00f3n y adecuaci\u00f3n de Cuadros El\u00e9ctricos de los Grupos Electr\u00f3genos\ncon energ\u00eda alternativa.\n<\/br>\nPresa Giribaile: Reparaci\u00f3n de Ventosas y V\u00e1lvulas de los elementos de desag\u00fce de fondo de la Presa.\nReparaci\u00f3n y revisi\u00f3n de los Cuadros de Mando de las V\u00e1lvulas de desag\u00fce de fondo e intermedios, as\u00ed\ncomo eliminaci\u00f3n de p\u00e9rdida de aceite.\n<\/br>\nPresa Guadal\u00e9n: Reparaci\u00f3n y revisi\u00f3n de los Cuadros de Mando de las V\u00e1lvulas de desag\u00fce de fondo y de\nlos elementos de accionamiento de los mismos.\n<\/br>\nPresa Guadalmena: Reparaci\u00f3n de caminos de acceso a los desag\u00fces de fondo y a la central\nhidroel\u00e9ctrica. Revisi\u00f3n, estudio, an\u00e1lisis y reparaci\u00f3n de las ventosas, v\u00e1lvulas y cuadros el\u00e9ctricos de los\nelementos de desag\u00fce. Reparaci\u00f3n de juntas horizontales.\n<\/br>\nPresa Tranco de Beas: Sustituci\u00f3n de juntas de tuber\u00edas de elementos de desag\u00fce, as\u00ed como estudio,\nrevisi\u00f3n y reparaci\u00f3n de las V\u00e1lvulas de desag\u00fce de fondo y de tomas intermedias, para mejorar la\nestanqueidad del sistema.\n<\/br>\nPresa Agrio: Reparaci\u00f3n y sustituci\u00f3n de cubierta de oficina\/almac\u00e9n as\u00ed como la cubierta y cerramiento\nde la c\u00e1mara de v\u00e1lvulas.\n<\/br>\nPresa Huesna: Suministro, transporte y montaje grupo electr\u00f3geno de 50 kva, arranque autom\u00e1tico y\nconmutaci\u00f3n de red, con retirada de grupo existente.\nPresa Melonares: Suministro y montaje sistema de vigilancia y seguridad constituido por 3 c\u00e1maras,\ntotalmente instalada y funcionando.\n<\/br>\nPresa Puebla de Cazalla: Suministro y colocaci\u00f3n l\u00ednea de vida y pasamanos de seguridad en acero\ninoxidable, incluso material de agarre y desmontaje instalaci\u00f3n existente. Red de alumbrado, fuerza y\nemergencia instalada en galer\u00eda de presa cumpliendo normativa vigente espacios confinados, con\ndesmontaje instalaci\u00f3n existente.\n<\/br>\nPresa Izn\u00e1jar: Reparaci\u00f3n y sustituci\u00f3n pelda\u00f1os escaleras met\u00e1licas. Despeje y limpieza de galer\u00eda con\nagua a presi\u00f3n. Suministro e instalaci\u00f3n ventilador de gran potencia.<\/p>\r\n    \t\t\t<\/div>\r\n    \t\t<\/div>\r\n\t\t\t\t<\/div>\r\n\r\n\t\t\r\n\t\t\t\t\t\t<\/div>\n\t\t\t\t<\/div>\n\t\t\t\t\t<\/div>\n\t\t<\/div>\n\t\t\t\t\t<\/div>\n\t\t<\/section>\n\t\t\t\t\t<\/div>\n\t\t<\/div>\n\t\t\t\t\t<\/div>\n\t\t<\/section>\n\t\t\t\t<section class=\"elementor-section elementor-top-section elementor-element elementor-element-aaf22fa elementor-section-boxed elementor-section-height-default elementor-section-height-default\" data-id=\"aaf22fa\" data-element_type=\"section\">\n\t\t\t\t\t\t<div class=\"elementor-container elementor-column-gap-default\">\n\t\t\t\t\t<div class=\"elementor-column elementor-col-100 elementor-top-column elementor-element elementor-element-0484e47\" data-id=\"0484e47\" data-element_type=\"column\">\n\t\t\t<div class=\"elementor-widget-wrap elementor-element-populated\">\n\t\t\t\t\t\t<div class=\"elementor-element elementor-element-2ac087b elementor-widget elementor-widget-sectiontitle\" data-id=\"2ac087b\" data-element_type=\"widget\" data-widget_type=\"sectiontitle.default\">\n\t\t\t\t<div class=\"elementor-widget-container\">\n\t\t\t\t\t\r\n\t\t\t\t<div class=\"\">\r\n\r\n\t\t\t<div class=\"section-title t_left\">\r\n                 \r\n                        <h5>Proyectos<\/h5>\r\n                \t\t\t\t\r\n\t\t\t\t  \r\n                       <h3>Algunos<\/h3>\r\n                \t\t\t\t\r\n\t\t\t\t  \r\n                       <h2>de nuestros proyectos.<span><\/span><\/h2>\r\n                \t\t\t\t<div class=\"bar-main\">\r\n\t\t\t\t\t<div class=\"bar bar-big\"><\/div>\r\n\t\t\t\t<\/div>\r\n\t\t\t\t\r\n                \t\t\t\t\r\n\r\n\t\t\t\t\r\n\t\t\t<\/div>\t\r\n\r\n\t\t<\/div>\r\n\r\n\t\t\r\n\t\t\t\t\t\t<\/div>\n\t\t\t\t<\/div>\n\t\t\t\t\t<\/div>\n\t\t<\/div>\n\t\t\t\t\t<\/div>\n\t\t<\/section>\n\t\t<div class=\"elementor-element elementor-element-9919eb9 e-flex e-con-boxed e-con e-parent\" data-id=\"9919eb9\" data-element_type=\"container\">\n\t\t\t\t\t<div class=\"e-con-inner\">\n\t\t<div class=\"elementor-element elementor-element-acb5f35 e-con-full e-flex e-con e-child\" data-id=\"acb5f35\" data-element_type=\"container\">\n\t\t\t\t<div class=\"elementor-element elementor-element-585066c elementor-widget elementor-widget-text-editor\" data-id=\"585066c\" data-element_type=\"widget\" data-widget_type=\"text-editor.default\">\n\t\t\t\t<div class=\"elementor-widget-container\">\n\t\t\t\t\t\t\t\t\t<h3>Proyecto para la mejora de abastecimiento de agua potable en Ja\u00e9n<\/h3>\t\t\t\t\t\t\t\t<\/div>\n\t\t\t\t<\/div>\n\t\t\t\t<div class=\"elementor-element elementor-element-019bb7f elementor-align-left elementor-widget elementor-widget-button\" data-id=\"019bb7f\" data-element_type=\"widget\" data-widget_type=\"button.default\">\n\t\t\t\t<div class=\"elementor-widget-container\">\n\t\t\t\t\t\t\t\t\t<div class=\"elementor-button-wrapper\">\n\t\t\t\t\t<a class=\"elementor-button elementor-button-link elementor-size-xs\" href=\"https:\/\/riegosur.es\/web\/index.php\/pagina-principal\/proyectos\/proyecto-631\/\">\n\t\t\t\t\t\t<span class=\"elementor-button-content-wrapper\">\n\t\t\t\t\t\t\t\t\t<span class=\"elementor-button-text\">ver m\u00e1s<\/span>\n\t\t\t\t\t<\/span>\n\t\t\t\t\t<\/a>\n\t\t\t\t<\/div>\n\t\t\t\t\t\t\t\t<\/div>\n\t\t\t\t<\/div>\n\t\t\t\t<\/div>\n\t\t<div class=\"elementor-element elementor-element-2f0be43 e-con-full e-flex e-con e-child\" data-id=\"2f0be43\" data-element_type=\"container\">\n\t\t\t\t<div class=\"elementor-element elementor-element-d18c7d9 elementor-widget elementor-widget-text-editor\" data-id=\"d18c7d9\" data-element_type=\"widget\" data-widget_type=\"text-editor.default\">\n\t\t\t\t<div class=\"elementor-widget-container\">\n\t\t\t\t\t\t\t\t\t<h3>Proyecto de obras de emergencia para la adecuaci\u00f3n de presas<\/h3>\t\t\t\t\t\t\t\t<\/div>\n\t\t\t\t<\/div>\n\t\t\t\t<div class=\"elementor-element elementor-element-8f5db64 elementor-align-left elementor-widget elementor-widget-button\" data-id=\"8f5db64\" data-element_type=\"widget\" data-widget_type=\"button.default\">\n\t\t\t\t<div class=\"elementor-widget-container\">\n\t\t\t\t\t\t\t\t\t<div class=\"elementor-button-wrapper\">\n\t\t\t\t\t<a class=\"elementor-button elementor-button-link elementor-size-xs\" href=\"https:\/\/riegosur.es\/web\/index.php\/pagina-principal\/proyectos\/proyecto-662\/\">\n\t\t\t\t\t\t<span class=\"elementor-button-content-wrapper\">\n\t\t\t\t\t\t\t\t\t<span class=\"elementor-button-text\">ver m\u00e1s<\/span>\n\t\t\t\t\t<\/span>\n\t\t\t\t\t<\/a>\n\t\t\t\t<\/div>\n\t\t\t\t\t\t\t\t<\/div>\n\t\t\t\t<\/div>\n\t\t\t\t<\/div>\n\t\t<div class=\"elementor-element elementor-element-130c352 e-con-full e-flex e-con e-child\" data-id=\"130c352\" data-element_type=\"container\">\n\t\t\t\t<div class=\"elementor-element elementor-element-916d707 elementor-widget elementor-widget-text-editor\" data-id=\"916d707\" data-element_type=\"widget\" data-widget_type=\"text-editor.default\">\n\t\t\t\t<div class=\"elementor-widget-container\">\n\t\t\t\t\t\t\t\t\t<h3>Proyecto de modificaci\u00f3n del proyecto de modernizaci\u00f3n de regad\u00edos del Guadalquivir<\/h3>\t\t\t\t\t\t\t\t<\/div>\n\t\t\t\t<\/div>\n\t\t\t\t<div class=\"elementor-element elementor-element-d40f264 elementor-align-left elementor-widget elementor-widget-button\" data-id=\"d40f264\" data-element_type=\"widget\" data-widget_type=\"button.default\">\n\t\t\t\t<div class=\"elementor-widget-container\">\n\t\t\t\t\t\t\t\t\t<div class=\"elementor-button-wrapper\">\n\t\t\t\t\t<a class=\"elementor-button elementor-button-link elementor-size-xs\" href=\"https:\/\/riegosur.es\/web\/index.php\/pagina-principal\/proyectos\/proyecto-658\/\">\n\t\t\t\t\t\t<span class=\"elementor-button-content-wrapper\">\n\t\t\t\t\t\t\t\t\t<span class=\"elementor-button-text\">ver m\u00e1s<\/span>\n\t\t\t\t\t<\/span>\n\t\t\t\t\t<\/a>\n\t\t\t\t<\/div>\n\t\t\t\t\t\t\t\t<\/div>\n\t\t\t\t<\/div>\n\t\t\t\t<\/div>\n\t\t<div class=\"elementor-element elementor-element-495b88e e-con-full e-flex e-con e-child\" data-id=\"495b88e\" data-element_type=\"container\">\n\t\t\t\t<div class=\"elementor-element elementor-element-94829c0 elementor-widget elementor-widget-text-editor\" data-id=\"94829c0\" data-element_type=\"widget\" data-widget_type=\"text-editor.default\">\n\t\t\t\t<div class=\"elementor-widget-container\">\n\t\t\t\t\t\t\t\t\t<h3>Proyecto de construcci\u00f3n del parque forestal Los Tres Jardines\u00a0<\/h3><div>\u00a0<\/div>\t\t\t\t\t\t\t\t<\/div>\n\t\t\t\t<\/div>\n\t\t\t\t<div class=\"elementor-element elementor-element-b1d46a1 elementor-align-left elementor-widget elementor-widget-button\" data-id=\"b1d46a1\" data-element_type=\"widget\" data-widget_type=\"button.default\">\n\t\t\t\t<div class=\"elementor-widget-container\">\n\t\t\t\t\t\t\t\t\t<div class=\"elementor-button-wrapper\">\n\t\t\t\t\t<a class=\"elementor-button elementor-button-link elementor-size-xs\" href=\"https:\/\/riegosur.es\/web\/index.php\/pagina-principal\/proyectos\/proyecto-444\/\">\n\t\t\t\t\t\t<span class=\"elementor-button-content-wrapper\">\n\t\t\t\t\t\t\t\t\t<span class=\"elementor-button-text\">ver m\u00e1s<\/span>\n\t\t\t\t\t<\/span>\n\t\t\t\t\t<\/a>\n\t\t\t\t<\/div>\n\t\t\t\t\t\t\t\t<\/div>\n\t\t\t\t<\/div>\n\t\t\t\t<\/div>\n\t\t\t\t\t<\/div>\n\t\t\t\t<\/div>\n\t\t<div class=\"elementor-element elementor-element-b2d9603 e-flex e-con-boxed e-con e-parent\" data-id=\"b2d9603\" data-element_type=\"container\">\n\t\t\t\t\t<div class=\"e-con-inner\">\n\t\t<div class=\"elementor-element elementor-element-cfedb3a e-con-full e-flex e-con e-child\" data-id=\"cfedb3a\" data-element_type=\"container\">\n\t\t\t\t<div class=\"elementor-element elementor-element-8bcecbe elementor-widget elementor-widget-text-editor\" data-id=\"8bcecbe\" data-element_type=\"widget\" data-widget_type=\"text-editor.default\">\n\t\t\t\t<div class=\"elementor-widget-container\">\n\t\t\t\t\t\t\t\t\t<h3>Proyecto para la reparaci\u00f3n de da\u00f1os motivados por inundaciones<\/h3>\t\t\t\t\t\t\t\t<\/div>\n\t\t\t\t<\/div>\n\t\t\t\t<div class=\"elementor-element elementor-element-bd29bdf elementor-align-left elementor-widget elementor-widget-button\" data-id=\"bd29bdf\" data-element_type=\"widget\" data-widget_type=\"button.default\">\n\t\t\t\t<div class=\"elementor-widget-container\">\n\t\t\t\t\t\t\t\t\t<div class=\"elementor-button-wrapper\">\n\t\t\t\t\t<a class=\"elementor-button elementor-button-link elementor-size-xs\" href=\"https:\/\/riegosur.es\/web\/index.php\/pagina-principal\/proyectos\/proyecto-375\/\">\n\t\t\t\t\t\t<span class=\"elementor-button-content-wrapper\">\n\t\t\t\t\t\t\t\t\t<span class=\"elementor-button-text\">ver m\u00e1s<\/span>\n\t\t\t\t\t<\/span>\n\t\t\t\t\t<\/a>\n\t\t\t\t<\/div>\n\t\t\t\t\t\t\t\t<\/div>\n\t\t\t\t<\/div>\n\t\t\t\t<\/div>\n\t\t<div class=\"elementor-element elementor-element-86facb6 e-con-full e-flex e-con e-child\" data-id=\"86facb6\" data-element_type=\"container\">\n\t\t\t\t<div class=\"elementor-element elementor-element-b4b3e51 elementor-widget elementor-widget-text-editor\" data-id=\"b4b3e51\" data-element_type=\"widget\" data-widget_type=\"text-editor.default\">\n\t\t\t\t<div class=\"elementor-widget-container\">\n\t\t\t\t\t\t\t\t\t<h3>Proyecto de obras de abastecimiento a la vega de Granada<\/h3>\t\t\t\t\t\t\t\t<\/div>\n\t\t\t\t<\/div>\n\t\t\t\t<div class=\"elementor-element elementor-element-0240be6 elementor-align-left elementor-widget elementor-widget-button\" data-id=\"0240be6\" data-element_type=\"widget\" data-widget_type=\"button.default\">\n\t\t\t\t<div class=\"elementor-widget-container\">\n\t\t\t\t\t\t\t\t\t<div class=\"elementor-button-wrapper\">\n\t\t\t\t\t<a class=\"elementor-button elementor-button-link elementor-size-xs\" href=\"https:\/\/riegosur.es\/web\/index.php\/pagina-principal\/proyectos\/proyecto-616\/\">\n\t\t\t\t\t\t<span class=\"elementor-button-content-wrapper\">\n\t\t\t\t\t\t\t\t\t<span class=\"elementor-button-text\">ver m\u00e1s<\/span>\n\t\t\t\t\t<\/span>\n\t\t\t\t\t<\/a>\n\t\t\t\t<\/div>\n\t\t\t\t\t\t\t\t<\/div>\n\t\t\t\t<\/div>\n\t\t\t\t<\/div>\n\t\t\t\t\t<\/div>\n\t\t\t\t<\/div>\n\t\t\t\t<\/div>\n\t\t","protected":false},"excerpt":{"rendered":"<p>\u00a0 \u00a0 Proyecto de obra 662 de obras de emergencia para la adecuaci\u00f3n de presas Nombre de proyecto: OBRAS DE EMERGENCIA PARA LA ADECUACI\u00d3N DE LAS PRESAS EN LAS PROVINCIAS DE JA\u00c9N, C\u00d3RDOBA Y SEVILLA Categor\u00eda: Presas Cliente: Confederaci\u00f3n hidrogr\u00e1fica del Guadalquivir Presupuesto: 646.016,95 \u20ac Actividad realizada: \u00a0Presa Fernandina: Revisi\u00f3n, reparaci\u00f3n y adecuaci\u00f3n de Cuadros [&hellip;]<\/p>\n","protected":false},"author":1,"featured_media":0,"parent":5896,"menu_order":0,"comment_status":"closed","ping_status":"closed","template":"page-templates\/template-default.php","meta":{"inline_featured_image":false,"_monsterinsights_skip_tracking":false,"_monsterinsights_sitenote_active":false,"_monsterinsights_sitenote_note":"","_monsterinsights_sitenote_category":0,"footnotes":""},"class_list":["post-5889","page","type-page","status-publish","hentry"],"aioseo_notices":[],"_links":{"self":[{"href":"https:\/\/riegosur.es\/web\/index.php\/wp-json\/wp\/v2\/pages\/5889","targetHints":{"allow":["GET"]}}],"collection":[{"href":"https:\/\/riegosur.es\/web\/index.php\/wp-json\/wp\/v2\/pages"}],"about":[{"href":"https:\/\/riegosur.es\/web\/index.php\/wp-json\/wp\/v2\/types\/page"}],"author":[{"embeddable":true,"href":"https:\/\/riegosur.es\/web\/index.php\/wp-json\/wp\/v2\/users\/1"}],"replies":[{"embeddable":true,"href":"https:\/\/riegosur.es\/web\/index.php\/wp-json\/wp\/v2\/comments?post=5889"}],"version-history":[{"count":48,"href":"https:\/\/riegosur.es\/web\/index.php\/wp-json\/wp\/v2\/pages\/5889\/revisions"}],"predecessor-version":[{"id":6354,"href":"https:\/\/riegosur.es\/web\/index.php\/wp-json\/wp\/v2\/pages\/5889\/revisions\/6354"}],"up":[{"embeddable":true,"href":"https:\/\/riegosur.es\/web\/index.php\/wp-json\/wp\/v2\/pages\/5896"}],"wp:attachment":[{"href":"https:\/\/riegosur.es\/web\/index.php\/wp-json\/wp\/v2\/media?parent=5889"}],"curies":[{"name":"wp","href":"https:\/\/api.w.org\/{rel}","templated":true}]}}