{"id":5913,"date":"2023-11-14T12:41:11","date_gmt":"2023-11-14T10:41:11","guid":{"rendered":"https:\/\/riegosur.es\/web\/index.php\/pagina-principal\/proyectos\/proyecto-616-copy\/"},"modified":"2023-12-14T10:27:53","modified_gmt":"2023-12-14T08:27:53","slug":"proyecto-631","status":"publish","type":"page","link":"https:\/\/riegosur.es\/web\/index.php\/pagina-principal\/proyectos-222\/proyecto-631\/","title":{"rendered":"Contrato de obra para la mejora de abastecimiento de agua potable en distintos t\u00e9rminos municipales de Ja\u00e9n"},"content":{"rendered":"\t\t<div data-elementor-type=\"wp-page\" data-elementor-id=\"5913\" class=\"elementor elementor-5913\">\n\t\t\t\t\t\t<section class=\"elementor-section elementor-top-section elementor-element elementor-element-853a243 elementor-section-boxed elementor-section-height-default elementor-section-height-default\" data-id=\"853a243\" data-element_type=\"section\">\n\t\t\t\t\t\t<div class=\"elementor-container elementor-column-gap-default\">\n\t\t\t\t\t<div class=\"elementor-column elementor-col-100 elementor-top-column elementor-element elementor-element-f6a3038\" data-id=\"f6a3038\" data-element_type=\"column\">\n\t\t\t<div class=\"elementor-widget-wrap\">\n\t\t\t\t\t\t\t<\/div>\n\t\t<\/div>\n\t\t\t\t\t<\/div>\n\t\t<\/section>\n\t\t<div class=\"elementor-element elementor-element-c2e8659 e-flex e-con-boxed e-con e-parent\" data-id=\"c2e8659\" data-element_type=\"container\">\n\t\t\t\t\t<div class=\"e-con-inner\">\n\t\t\t\t<div class=\"elementor-element elementor-element-5a25419 elementor-widget elementor-widget-text-editor\" data-id=\"5a25419\" data-element_type=\"widget\" data-widget_type=\"text-editor.default\">\n\t\t\t\t<div class=\"elementor-widget-container\">\n\t\t\t\t\t\t\t\t\t<p>\u00a0<\/p><p>\u00a0<\/p>\t\t\t\t\t\t\t\t<\/div>\n\t\t\t\t<\/div>\n\t\t\t\t\t<\/div>\n\t\t\t\t<\/div>\n\t\t\t\t<section class=\"elementor-section elementor-top-section elementor-element elementor-element-0d5d840 elementor-section-boxed elementor-section-height-default elementor-section-height-default\" data-id=\"0d5d840\" data-element_type=\"section\">\n\t\t\t\t\t\t<div class=\"elementor-container elementor-column-gap-default\">\n\t\t\t\t\t<div class=\"elementor-column elementor-col-100 elementor-top-column elementor-element elementor-element-fb74440\" data-id=\"fb74440\" data-element_type=\"column\">\n\t\t\t<div class=\"elementor-widget-wrap elementor-element-populated\">\n\t\t\t\t\t\t<div class=\"elementor-element elementor-element-7d640c9 elementor-widget elementor-widget-heading\" data-id=\"7d640c9\" data-element_type=\"widget\" data-widget_type=\"heading.default\">\n\t\t\t\t<div class=\"elementor-widget-container\">\n\t\t\t\t\t<h2 class=\"elementor-heading-title elementor-size-xxl\">Proyecto de obra 631 para la mejora de abastecimiento de agua potable en distintos t\u00e9rminos municipales de Ja\u00e9n<\/h2>\t\t\t\t<\/div>\n\t\t\t\t<\/div>\n\t\t\t\t\t<\/div>\n\t\t<\/div>\n\t\t\t\t\t<\/div>\n\t\t<\/section>\n\t\t\t\t<section class=\"elementor-section elementor-top-section elementor-element elementor-element-70078cb elementor-section-boxed elementor-section-height-default elementor-section-height-default\" data-id=\"70078cb\" data-element_type=\"section\">\n\t\t\t\t\t\t<div class=\"elementor-container elementor-column-gap-default\">\n\t\t\t\t\t<div class=\"elementor-column elementor-col-100 elementor-top-column elementor-element elementor-element-a130ebf\" data-id=\"a130ebf\" data-element_type=\"column\">\n\t\t\t<div class=\"elementor-widget-wrap elementor-element-populated\">\n\t\t\t\t\t\t<section class=\"elementor-section elementor-inner-section elementor-element elementor-element-89b5202 elementor-section-content-middle elementor-section-boxed elementor-section-height-default elementor-section-height-default\" data-id=\"89b5202\" data-element_type=\"section\">\n\t\t\t\t\t\t<div class=\"elementor-container elementor-column-gap-default\">\n\t\t\t\t\t<div class=\"elementor-column elementor-col-50 elementor-inner-column elementor-element elementor-element-c94844c two\" data-id=\"c94844c\" data-element_type=\"column\">\n\t\t\t<div class=\"elementor-widget-wrap elementor-element-populated\">\n\t\t\t\t\t\t<div class=\"elementor-element elementor-element-c051211 elementor-absolute elementor-widget elementor-widget-image\" data-id=\"c051211\" data-element_type=\"widget\" data-settings=\"{&quot;_position&quot;:&quot;absolute&quot;}\" data-widget_type=\"image.default\">\n\t\t\t\t<div class=\"elementor-widget-container\">\n\t\t\t\t\t\t\t\t\t\t\t\t\t\t\t<img decoding=\"async\" src=\"https:\/\/riegosur.es\/web\/wp-content\/uploads\/2022\/01\/631.png\" title=\"631\" alt=\"Proyecto para la mejora de abastecimiento de agua potable en distintos t\u00e9rminos municipales de Ja\u00e9n\" loading=\"lazy\" \/>\t\t\t\t\t\t\t\t\t\t\t\t\t\t\t<\/div>\n\t\t\t\t<\/div>\n\t\t\t\t\t<\/div>\n\t\t<\/div>\n\t\t\t\t<div class=\"elementor-column elementor-col-50 elementor-inner-column elementor-element elementor-element-e3c4374\" data-id=\"e3c4374\" data-element_type=\"column\">\n\t\t\t<div class=\"elementor-widget-wrap elementor-element-populated\">\n\t\t\t\t\t\t<div class=\"elementor-element elementor-element-91887a8 elementor-widget elementor-widget-sectiontitle\" data-id=\"91887a8\" data-element_type=\"widget\" data-widget_type=\"sectiontitle.default\">\n\t\t\t\t<div class=\"elementor-widget-container\">\n\t\t\t\t\t\r\n\t\t\r\n\t\t<div class=\"title_in_area\">\r\n\t\t<div class=\"title_in\">\r\n\t\t\t<div class=\"title_tx\">\r\n\t\t\t\r\n                 \t\t\t\t \t\t\t\t\r\n\t\t\t\t\t\t\t<\/div>\r\n\t\t<\/div>\r\n         \t\r\n    \t\t<div class=\"title_p\">\r\n    \t\t\t<div class=\"title_ptx\">\r\n                     <p>Nombre De Proyecto: CONTRATO DE OBRA PARA LOS TRABAJOS DE MEJORA DE ABASTECIMIENTO DE AGUA POTABLE EN DISTINTOS T\u00c9RMINOS MUNICIPALES DE LA PROVINCIA DE JA\u00c9N\n<\/br> <\/br>\nCategor\u00eda: Abastecimientos Y Saneamientos\n<\/br> <\/br>\nCliente: EGMASA\n<\/br> <\/br>\nPresupuesto: 1.685.008,90 \u20ac\n<\/br> <\/br>\nActividad Realizada:\nPOBLACI\u00d3N: 118.236 Habitantes\nMUNICIPIO DE ARJONA: Deposito Col\u00f3n Dep\u00f3sito Santa Mar\u00eda: Impermeabilizaci\u00f3n De Vaso, Aplicaci\u00f3n De Revestimiento El\u00e1stico, Reparaci\u00f3n De Viguetas Caseta De Llaves, Sistema De Refuerzo De Estructura De Hormig\u00f3n, Etc\u2026 <\/br>\nMUNICIPIO DE G\u00c9NAVE: Conexi\u00f3n Desde El Nuevo Dep\u00f3sito Hasta El Pueblo, Conducci\u00f3n Desde El\nManantial De La Fuente De Los Pesebres, Mejora De Tramo En Tuber\u00eda De PEAD De \u00d875 Mm Y PN 10.\n<\/br>\nMUNICIPIO DE HORNOS DE SEGURA: Vallado Perimetral De Los Manantiales, Sistema De Cloraci\u00f3n Con Dosificaci\u00f3n Autom\u00e1tica, Caseta Para Alojamiento De Sistema De Dosificaci\u00f3n De Cloro Y Sistema De\nAlimentaci\u00f3n El\u00e9ctrica Para El Dep\u00f3sito.\n<\/br>\nMUNICIPIO DE VILLACARRILLO: Pintado Exterior De Los Dep\u00f3sitos Elevados, Impermeabilizaci\u00f3n Interior\nDel Dep\u00f3sito Tipo Chimenea, Saneamiento Exterior Del Mismo Dep\u00f3sito.\n<\/br>\nMUNICIPIO DE BAEZA: Retirada Y Sustituci\u00f3n De La Impermeabilizaci\u00f3n De La Cubierta Y Saneo E\nImpermeabilizaci\u00f3n Interior De Los Vasos Del Dep\u00f3sito Regulaci\u00f3n.\n<\/br>\nMUNICIPIO DE EL M\u00c1RMOL: Saneo, Impermeabilizaci\u00f3n Y Pintado Del Dep\u00f3sito Regulaci\u00f3n.\n<\/br>\nMUNICIPIO DE VILLAGORDO: Saneamiento E Impermeabilizaci\u00f3n Del Interior Del Dep\u00f3sito N\u00ba 2 Y 3,\nConexi\u00f3n De La Entrada Y Conexi\u00f3n De Salida De Agua De Los Dep\u00f3sitos N\u00ba 2 Y 3 Y Modificaci\u00f3n De La\nValvuler\u00eda De Entrada Al Dep\u00f3sito N\u00ba 2 Y 3.\n<\/br>\nMUNICIPIO DE BAIL\u00c9N: Saneamiento General E Impermeabilizaci\u00f3n Interior Del Dep\u00f3sito, Demolici\u00f3n De La Cubierta Actual Del Dep\u00f3sito Repartidor, Forjado De Bovedillas Para Dep\u00f3sito Repartidor,\nImpermeabilizaci\u00f3n Exterior De Nueva Cubierta De Dep\u00f3sito Reparto Y Ejecuci\u00f3n Bypass.\n<\/br>\nMUNICIPIO DE BA\u00d1OS DE LA ENCINA: Forjado De Bovedillas Para Dep\u00f3sito Repartidor, Demolici\u00f3n Del\nForjado E Impermeabilizaci\u00f3n Exterior De La Nueva Cubierta Del Dep\u00f3sito N\u00ba 2.\n<\/br>\nMUNICIPIO DE GUARROM\u00c1N: Saneo General E Impermeabilizaci\u00f3n Interior De Solera Del Dep\u00f3sito\n<\/br>\nMUNICIPIO DE MENG\u00cdBAR: Saneo General E Impermeabilizaci\u00f3n Interior De Solera Del Dep\u00f3sito\n<\/br>\nMUNICIPIO DE AND\u00daJAR: Saneo General E Impermeabilizaci\u00f3n Interior De Solera Del Dep\u00f3sito\n<\/br> <\/br>\nMUNICIPIO DE PUERTA DE SEGURA:\n<\/br>\nDEPOSITO DE LOS PASCUALES: Saneo General E Impermeabilizaci\u00f3n Interior De Solera, Escalera De\nAcceso A Vaso Del Dep\u00f3sito De Los Pascuales, Sistema De Cloraci\u00f3n Con Dosificaci\u00f3n Autom\u00e1tica,\nConexi\u00f3n Desde El Nuevo Dep\u00f3sito Hasta El Pueblo Con Tuber\u00eda En PEAD De Di\u00e1metro 110 Mm Y PN-16, Etc\u2026\n<\/br>\nDEPOSITO DE LOS YEG\u00dcERIZOS: Escalera De Acceso A Vaso Del Dep\u00f3sito De Los Yeg\u00fcerizos, Escalera\nDe Acceso A La C\u00e1mara De Llaves, Plataforma Para Tapar El Hueco De Acceso A La Zona De Llaves,\nSustituci\u00f3n De Rejilla De Rebose Y Tuber\u00eda De Abastecimiento En PEAD De \u00d863 Mm Y PN10.\n<\/br> <\/br>\nMUNICIPIO DE SANTIAGO PONTONE:\n<\/br>\nEL ARROYICO: Desmontaje De Tuber\u00eda De Impulsi\u00f3n Y De La Bomba Sumergible.\n<\/br>\nALDEA COLLADO DE MILLER: Nuevo Dep\u00f3sito De 50 M\u00b3, Camino De Acceso A Dep\u00f3sitos, Sistema De\nAlimentaci\u00f3n El\u00e9ctrica Para El Dep\u00f3sito, Sistema De Cloraci\u00f3n Con Dosificaci\u00f3n Autom\u00e1tica Y\nConexi\u00f3n De Entrada A Dep\u00f3sito Y Salida Con Red General.\n<\/br>\nLA TOBA: Reparaci\u00f3n De Las Filtraciones Del Dep\u00f3sito, Sustituci\u00f3n De Valvuler\u00eda En El Dep\u00f3sito,\nSistema De Cloraci\u00f3n Con Dosificaci\u00f3n Autom\u00e1tica Y Limpieza Entorno Y Desbroce De Hierbas.\n<\/br>\nALDEA DE LOS ANCHOS: Nuevo Dep\u00f3sito De 50 M\u00b3, Camino De Acceso A Dep\u00f3sitos, Sistema De\nAlimentaci\u00f3n El\u00e9ctrica, Sistema De Cloraci\u00f3n Con Dosificaci\u00f3n Autom\u00e1tica Y Conexi\u00f3n De Entrada A\nDep\u00f3sito Y Salida Con Red General.\n<\/br> <\/br>\nMUNICIPIO DE PUENTE GENAVE:\n<\/br>\nMEJORA Y MODERNIZACION DE LOS DOS DEPOSITOS PARA ABASTECIMIENTO: Mejora De\nCanalizaciones Desde El Punto De Conexi\u00f3n, Mejoras En La Cubierta Del Dep\u00f3sito, Mejora De\nInstalaciones De Desag\u00fce Y Explotaci\u00f3n, Vallado Exterior De Protecci\u00f3n, Sistema De Alimentaci\u00f3n\nEl\u00e9ctrica Para El Dep\u00f3sito Con Sistema Fotovoltaico, Sistema De Cloraci\u00f3n Con Dosificaci\u00f3n\nAutom\u00e1tica En Los Tres Dep\u00f3sitos, Conducci\u00f3n En Tuber\u00eda De PEAD De \u00d890 Mm Y PN 10,\nCaudal\u00edmetro DN150 Y V\u00e1lvula Reductora De Presi\u00f3n DN150.\n<\/br>\nALDEA CORTIJOS NUEVOS: Conducci\u00f3n De Abastecimiento Con Tuber\u00eda De PEAD Di\u00e1metro 90 Mm, Conducci\u00f3n En Tuber\u00eda De PEAD De 90 Mm De Di\u00e1metro Y PN 10, Cruce Sobre El R\u00edo Guadalimar De\n100 M De Longitud, Sistema De Cloraci\u00f3n Con Dosificaci\u00f3n Autom\u00e1tica Y Dep\u00f3sito De Hormig\u00f3n De\n32 M\u00b3.<\/p>\r\n    \t\t\t<\/div>\r\n    \t\t<\/div>\r\n\t\t\t\t<\/div>\r\n\r\n\t\t\r\n\t\t\t\t\t\t<\/div>\n\t\t\t\t<\/div>\n\t\t\t\t\t<\/div>\n\t\t<\/div>\n\t\t\t\t\t<\/div>\n\t\t<\/section>\n\t\t\t\t\t<\/div>\n\t\t<\/div>\n\t\t\t\t\t<\/div>\n\t\t<\/section>\n\t\t\t\t<section class=\"elementor-section elementor-top-section elementor-element elementor-element-aaf22fa elementor-section-boxed elementor-section-height-default elementor-section-height-default\" data-id=\"aaf22fa\" data-element_type=\"section\">\n\t\t\t\t\t\t<div class=\"elementor-container elementor-column-gap-default\">\n\t\t\t\t\t<div class=\"elementor-column elementor-col-100 elementor-top-column elementor-element elementor-element-0484e47\" data-id=\"0484e47\" data-element_type=\"column\">\n\t\t\t<div class=\"elementor-widget-wrap elementor-element-populated\">\n\t\t\t\t\t\t<div class=\"elementor-element elementor-element-6aa8c62 elementor-widget elementor-widget-sectiontitle\" data-id=\"6aa8c62\" data-element_type=\"widget\" data-widget_type=\"sectiontitle.default\">\n\t\t\t\t<div class=\"elementor-widget-container\">\n\t\t\t\t\t\r\n\t\t\t\t<div class=\"\">\r\n\r\n\t\t\t<div class=\"section-title t_left\">\r\n                 \r\n                        <h5>Proyectos<\/h5>\r\n                \t\t\t\t\r\n\t\t\t\t  \r\n                       <h3>Algunos<\/h3>\r\n                \t\t\t\t\r\n\t\t\t\t  \r\n                       <h2>de nuestros proyectos.<span><\/span><\/h2>\r\n                \t\t\t\t<div class=\"bar-main\">\r\n\t\t\t\t\t<div class=\"bar bar-big\"><\/div>\r\n\t\t\t\t<\/div>\r\n\t\t\t\t\r\n                \t\t\t\t\r\n\r\n\t\t\t\t\r\n\t\t\t<\/div>\t\r\n\r\n\t\t<\/div>\r\n\r\n\t\t\r\n\t\t\t\t\t\t<\/div>\n\t\t\t\t<\/div>\n\t\t\t\t\t<\/div>\n\t\t<\/div>\n\t\t\t\t\t<\/div>\n\t\t<\/section>\n\t\t<div class=\"elementor-element elementor-element-4c9327f e-flex e-con-boxed e-con e-parent\" data-id=\"4c9327f\" data-element_type=\"container\">\n\t\t\t\t\t<div class=\"e-con-inner\">\n\t\t<div class=\"elementor-element elementor-element-4826b06 e-flex e-con-boxed e-con e-child\" data-id=\"4826b06\" data-element_type=\"container\">\n\t\t\t\t\t<div class=\"e-con-inner\">\n\t\t<div class=\"elementor-element elementor-element-cae3ab6 e-con-full e-flex e-con e-child\" data-id=\"cae3ab6\" data-element_type=\"container\">\n\t\t\t\t<div class=\"elementor-element elementor-element-ef0c76d elementor-widget elementor-widget-text-editor\" data-id=\"ef0c76d\" data-element_type=\"widget\" data-widget_type=\"text-editor.default\">\n\t\t\t\t<div class=\"elementor-widget-container\">\n\t\t\t\t\t\t\t\t\t<h3>Proyecto para la mejora de abastecimiento de agua potable en Ja\u00e9n<\/h3>\t\t\t\t\t\t\t\t<\/div>\n\t\t\t\t<\/div>\n\t\t\t\t<div class=\"elementor-element elementor-element-6581c88 elementor-align-left elementor-widget elementor-widget-button\" data-id=\"6581c88\" data-element_type=\"widget\" data-widget_type=\"button.default\">\n\t\t\t\t<div class=\"elementor-widget-container\">\n\t\t\t\t\t\t\t\t\t<div class=\"elementor-button-wrapper\">\n\t\t\t\t\t<a class=\"elementor-button elementor-button-link elementor-size-xs\" href=\"https:\/\/riegosur.es\/web\/index.php\/pagina-principal\/proyectos\/proyecto-631\/\">\n\t\t\t\t\t\t<span class=\"elementor-button-content-wrapper\">\n\t\t\t\t\t\t\t\t\t<span class=\"elementor-button-text\">ver m\u00e1s<\/span>\n\t\t\t\t\t<\/span>\n\t\t\t\t\t<\/a>\n\t\t\t\t<\/div>\n\t\t\t\t\t\t\t\t<\/div>\n\t\t\t\t<\/div>\n\t\t\t\t<\/div>\n\t\t<div class=\"elementor-element elementor-element-a777e85 e-con-full e-flex e-con e-child\" data-id=\"a777e85\" data-element_type=\"container\">\n\t\t\t\t<div class=\"elementor-element elementor-element-e8cb0a5 elementor-widget elementor-widget-text-editor\" data-id=\"e8cb0a5\" data-element_type=\"widget\" data-widget_type=\"text-editor.default\">\n\t\t\t\t<div class=\"elementor-widget-container\">\n\t\t\t\t\t\t\t\t\t<h3>Proyecto de obras de emergencia para la adecuaci\u00f3n de presas<\/h3><div><br><\/div>\t\t\t\t\t\t\t\t<\/div>\n\t\t\t\t<\/div>\n\t\t\t\t<div class=\"elementor-element elementor-element-2580c6d elementor-align-left elementor-widget elementor-widget-button\" data-id=\"2580c6d\" data-element_type=\"widget\" data-widget_type=\"button.default\">\n\t\t\t\t<div class=\"elementor-widget-container\">\n\t\t\t\t\t\t\t\t\t<div class=\"elementor-button-wrapper\">\n\t\t\t\t\t<a class=\"elementor-button elementor-button-link elementor-size-xs\" href=\"https:\/\/riegosur.es\/web\/index.php\/pagina-principal\/proyectos\/proyecto-662\/\">\n\t\t\t\t\t\t<span class=\"elementor-button-content-wrapper\">\n\t\t\t\t\t\t\t\t\t<span class=\"elementor-button-text\">ver m\u00e1s<\/span>\n\t\t\t\t\t<\/span>\n\t\t\t\t\t<\/a>\n\t\t\t\t<\/div>\n\t\t\t\t\t\t\t\t<\/div>\n\t\t\t\t<\/div>\n\t\t\t\t<\/div>\n\t\t<div class=\"elementor-element elementor-element-51a5b13 e-con-full e-flex e-con e-child\" data-id=\"51a5b13\" data-element_type=\"container\">\n\t\t\t\t<div class=\"elementor-element elementor-element-ea1ed93 elementor-widget elementor-widget-text-editor\" data-id=\"ea1ed93\" data-element_type=\"widget\" data-widget_type=\"text-editor.default\">\n\t\t\t\t<div class=\"elementor-widget-container\">\n\t\t\t\t\t\t\t\t\t<h3>Proyecto de modificaci\u00f3n del proyecto de modernizaci\u00f3n de regad\u00edos del Guadalquivir<\/h3>\t\t\t\t\t\t\t\t<\/div>\n\t\t\t\t<\/div>\n\t\t\t\t<div class=\"elementor-element elementor-element-6ed7d9a elementor-align-left elementor-widget elementor-widget-button\" data-id=\"6ed7d9a\" data-element_type=\"widget\" data-widget_type=\"button.default\">\n\t\t\t\t<div class=\"elementor-widget-container\">\n\t\t\t\t\t\t\t\t\t<div class=\"elementor-button-wrapper\">\n\t\t\t\t\t<a class=\"elementor-button elementor-button-link elementor-size-xs\" href=\"https:\/\/riegosur.es\/web\/index.php\/pagina-principal\/proyectos\/proyecto-658\/\">\n\t\t\t\t\t\t<span class=\"elementor-button-content-wrapper\">\n\t\t\t\t\t\t\t\t\t<span class=\"elementor-button-text\">ver m\u00e1s<\/span>\n\t\t\t\t\t<\/span>\n\t\t\t\t\t<\/a>\n\t\t\t\t<\/div>\n\t\t\t\t\t\t\t\t<\/div>\n\t\t\t\t<\/div>\n\t\t\t\t<\/div>\n\t\t<div class=\"elementor-element elementor-element-124e3b2 e-con-full e-flex e-con e-child\" data-id=\"124e3b2\" data-element_type=\"container\">\n\t\t\t\t<div class=\"elementor-element elementor-element-9aa9bdc elementor-widget elementor-widget-text-editor\" data-id=\"9aa9bdc\" data-element_type=\"widget\" data-widget_type=\"text-editor.default\">\n\t\t\t\t<div class=\"elementor-widget-container\">\n\t\t\t\t\t\t\t\t\t<h3>Proyecto de construcci\u00f3n del parque forestal Los Tres Jardines\u00a0<\/h3><div>\u00a0<\/div>\t\t\t\t\t\t\t\t<\/div>\n\t\t\t\t<\/div>\n\t\t\t\t<div class=\"elementor-element elementor-element-e92c80c elementor-align-left elementor-widget elementor-widget-button\" data-id=\"e92c80c\" data-element_type=\"widget\" data-widget_type=\"button.default\">\n\t\t\t\t<div class=\"elementor-widget-container\">\n\t\t\t\t\t\t\t\t\t<div class=\"elementor-button-wrapper\">\n\t\t\t\t\t<a class=\"elementor-button elementor-button-link elementor-size-xs\" href=\"https:\/\/riegosur.es\/web\/index.php\/pagina-principal\/proyectos\/proyecto-444\/\">\n\t\t\t\t\t\t<span class=\"elementor-button-content-wrapper\">\n\t\t\t\t\t\t\t\t\t<span class=\"elementor-button-text\">ver m\u00e1s<\/span>\n\t\t\t\t\t<\/span>\n\t\t\t\t\t<\/a>\n\t\t\t\t<\/div>\n\t\t\t\t\t\t\t\t<\/div>\n\t\t\t\t<\/div>\n\t\t\t\t<\/div>\n\t\t\t\t\t<\/div>\n\t\t\t\t<\/div>\n\t\t<div class=\"elementor-element elementor-element-2d40b53 e-flex e-con-boxed e-con e-child\" data-id=\"2d40b53\" data-element_type=\"container\">\n\t\t\t\t\t<div class=\"e-con-inner\">\n\t\t<div class=\"elementor-element elementor-element-52ad744 e-con-full e-flex e-con e-child\" data-id=\"52ad744\" data-element_type=\"container\">\n\t\t\t\t<div class=\"elementor-element elementor-element-893b63e elementor-widget elementor-widget-text-editor\" data-id=\"893b63e\" data-element_type=\"widget\" data-widget_type=\"text-editor.default\">\n\t\t\t\t<div class=\"elementor-widget-container\">\n\t\t\t\t\t\t\t\t\t<h3>Proyecto para la reparaci\u00f3n de da\u00f1os motivados por inundaciones<\/h3>\t\t\t\t\t\t\t\t<\/div>\n\t\t\t\t<\/div>\n\t\t\t\t<div class=\"elementor-element elementor-element-d99a680 elementor-align-left elementor-widget elementor-widget-button\" data-id=\"d99a680\" data-element_type=\"widget\" data-widget_type=\"button.default\">\n\t\t\t\t<div class=\"elementor-widget-container\">\n\t\t\t\t\t\t\t\t\t<div class=\"elementor-button-wrapper\">\n\t\t\t\t\t<a class=\"elementor-button elementor-button-link elementor-size-xs\" href=\"https:\/\/riegosur.es\/web\/index.php\/pagina-principal\/proyectos\/proyecto-375\/\">\n\t\t\t\t\t\t<span class=\"elementor-button-content-wrapper\">\n\t\t\t\t\t\t\t\t\t<span class=\"elementor-button-text\">ver m\u00e1s<\/span>\n\t\t\t\t\t<\/span>\n\t\t\t\t\t<\/a>\n\t\t\t\t<\/div>\n\t\t\t\t\t\t\t\t<\/div>\n\t\t\t\t<\/div>\n\t\t\t\t<\/div>\n\t\t<div class=\"elementor-element elementor-element-6506c26 e-con-full e-flex e-con e-child\" data-id=\"6506c26\" data-element_type=\"container\">\n\t\t\t\t<div class=\"elementor-element elementor-element-5fe391c elementor-widget elementor-widget-text-editor\" data-id=\"5fe391c\" data-element_type=\"widget\" data-widget_type=\"text-editor.default\">\n\t\t\t\t<div class=\"elementor-widget-container\">\n\t\t\t\t\t\t\t\t\t<h3>Proyecto de obras de abastecimiento a la vega de Granada<\/h3>\t\t\t\t\t\t\t\t<\/div>\n\t\t\t\t<\/div>\n\t\t\t\t<div class=\"elementor-element elementor-element-52634ad elementor-align-left elementor-widget elementor-widget-button\" data-id=\"52634ad\" data-element_type=\"widget\" data-widget_type=\"button.default\">\n\t\t\t\t<div class=\"elementor-widget-container\">\n\t\t\t\t\t\t\t\t\t<div class=\"elementor-button-wrapper\">\n\t\t\t\t\t<a class=\"elementor-button elementor-button-link elementor-size-xs\" href=\"https:\/\/riegosur.es\/web\/index.php\/pagina-principal\/proyectos\/proyecto-616\/\">\n\t\t\t\t\t\t<span class=\"elementor-button-content-wrapper\">\n\t\t\t\t\t\t\t\t\t<span class=\"elementor-button-text\">ver m\u00e1s<\/span>\n\t\t\t\t\t<\/span>\n\t\t\t\t\t<\/a>\n\t\t\t\t<\/div>\n\t\t\t\t\t\t\t\t<\/div>\n\t\t\t\t<\/div>\n\t\t\t\t<\/div>\n\t\t\t\t\t<\/div>\n\t\t\t\t<\/div>\n\t\t\t\t\t<\/div>\n\t\t\t\t<\/div>\n\t\t\t\t<\/div>\n\t\t","protected":false},"excerpt":{"rendered":"<p>\u00a0 \u00a0 Proyecto de obra 631 para la mejora de abastecimiento de agua potable en distintos t\u00e9rminos municipales de Ja\u00e9n Nombre De Proyecto: CONTRATO DE OBRA PARA LOS TRABAJOS DE MEJORA DE ABASTECIMIENTO DE AGUA POTABLE EN DISTINTOS T\u00c9RMINOS MUNICIPALES DE LA PROVINCIA DE JA\u00c9N Categor\u00eda: Abastecimientos Y Saneamientos Cliente: EGMASA Presupuesto: 1.685.008,90 \u20ac Actividad [&hellip;]<\/p>\n","protected":false},"author":1,"featured_media":0,"parent":5896,"menu_order":0,"comment_status":"closed","ping_status":"closed","template":"page-templates\/template-default.php","meta":{"inline_featured_image":false,"_monsterinsights_skip_tracking":false,"_monsterinsights_sitenote_active":false,"_monsterinsights_sitenote_note":"","_monsterinsights_sitenote_category":0,"footnotes":""},"class_list":["post-5913","page","type-page","status-publish","hentry"],"aioseo_notices":[],"_links":{"self":[{"href":"https:\/\/riegosur.es\/web\/index.php\/wp-json\/wp\/v2\/pages\/5913","targetHints":{"allow":["GET"]}}],"collection":[{"href":"https:\/\/riegosur.es\/web\/index.php\/wp-json\/wp\/v2\/pages"}],"about":[{"href":"https:\/\/riegosur.es\/web\/index.php\/wp-json\/wp\/v2\/types\/page"}],"author":[{"embeddable":true,"href":"https:\/\/riegosur.es\/web\/index.php\/wp-json\/wp\/v2\/users\/1"}],"replies":[{"embeddable":true,"href":"https:\/\/riegosur.es\/web\/index.php\/wp-json\/wp\/v2\/comments?post=5913"}],"version-history":[{"count":31,"href":"https:\/\/riegosur.es\/web\/index.php\/wp-json\/wp\/v2\/pages\/5913\/revisions"}],"predecessor-version":[{"id":6367,"href":"https:\/\/riegosur.es\/web\/index.php\/wp-json\/wp\/v2\/pages\/5913\/revisions\/6367"}],"up":[{"embeddable":true,"href":"https:\/\/riegosur.es\/web\/index.php\/wp-json\/wp\/v2\/pages\/5896"}],"wp:attachment":[{"href":"https:\/\/riegosur.es\/web\/index.php\/wp-json\/wp\/v2\/media?parent=5913"}],"curies":[{"name":"wp","href":"https:\/\/api.w.org\/{rel}","templated":true}]}}