{"id":5927,"date":"2023-11-14T12:54:04","date_gmt":"2023-11-14T10:54:04","guid":{"rendered":"https:\/\/riegosur.es\/web\/index.php\/pagina-principal\/proyectos\/proyecto-631-copy\/"},"modified":"2023-12-14T10:21:19","modified_gmt":"2023-12-14T08:21:19","slug":"proyecto-375","status":"publish","type":"page","link":"https:\/\/riegosur.es\/web\/index.php\/pagina-principal\/proyectos-222\/proyecto-375\/","title":{"rendered":"Reparaci\u00f3n de da\u00f1os motivados por inundaciones en la aldea del Roc\u00edo"},"content":{"rendered":"\t\t<div data-elementor-type=\"wp-page\" data-elementor-id=\"5927\" class=\"elementor elementor-5927\">\n\t\t\t\t\t\t<section class=\"elementor-section elementor-top-section elementor-element elementor-element-853a243 elementor-section-boxed elementor-section-height-default elementor-section-height-default\" data-id=\"853a243\" data-element_type=\"section\">\n\t\t\t\t\t\t<div class=\"elementor-container elementor-column-gap-default\">\n\t\t\t\t\t<div class=\"elementor-column elementor-col-100 elementor-top-column elementor-element elementor-element-f6a3038\" data-id=\"f6a3038\" data-element_type=\"column\">\n\t\t\t<div class=\"elementor-widget-wrap\">\n\t\t\t\t\t\t\t<\/div>\n\t\t<\/div>\n\t\t\t\t\t<\/div>\n\t\t<\/section>\n\t\t<div class=\"elementor-element elementor-element-c2e8659 e-flex e-con-boxed e-con e-parent\" data-id=\"c2e8659\" data-element_type=\"container\">\n\t\t\t\t\t<div class=\"e-con-inner\">\n\t\t\t\t<div class=\"elementor-element elementor-element-5a25419 elementor-widget elementor-widget-text-editor\" data-id=\"5a25419\" data-element_type=\"widget\" data-widget_type=\"text-editor.default\">\n\t\t\t\t<div class=\"elementor-widget-container\">\n\t\t\t\t\t\t\t\t\t<p>\u00a0<\/p><p>\u00a0<\/p>\t\t\t\t\t\t\t\t<\/div>\n\t\t\t\t<\/div>\n\t\t\t\t\t<\/div>\n\t\t\t\t<\/div>\n\t\t\t\t<section class=\"elementor-section elementor-top-section elementor-element elementor-element-0d5d840 elementor-section-boxed elementor-section-height-default elementor-section-height-default\" data-id=\"0d5d840\" data-element_type=\"section\">\n\t\t\t\t\t\t<div class=\"elementor-container elementor-column-gap-default\">\n\t\t\t\t\t<div class=\"elementor-column elementor-col-100 elementor-top-column elementor-element elementor-element-fb74440\" data-id=\"fb74440\" data-element_type=\"column\">\n\t\t\t<div class=\"elementor-widget-wrap elementor-element-populated\">\n\t\t\t\t\t\t<div class=\"elementor-element elementor-element-7d640c9 elementor-widget elementor-widget-heading\" data-id=\"7d640c9\" data-element_type=\"widget\" data-widget_type=\"heading.default\">\n\t\t\t\t<div class=\"elementor-widget-container\">\n\t\t\t\t\t<h2 class=\"elementor-heading-title elementor-size-xxl\">Proyecto de obra 375 de reparaci\u00f3n de da\u00f1os motivados por inundaciones en la aldea del Roc\u00edo<\/h2>\t\t\t\t<\/div>\n\t\t\t\t<\/div>\n\t\t\t\t\t<\/div>\n\t\t<\/div>\n\t\t\t\t\t<\/div>\n\t\t<\/section>\n\t\t\t\t<section class=\"elementor-section elementor-top-section elementor-element elementor-element-70078cb elementor-section-boxed elementor-section-height-default elementor-section-height-default\" data-id=\"70078cb\" data-element_type=\"section\">\n\t\t\t\t\t\t<div class=\"elementor-container elementor-column-gap-default\">\n\t\t\t\t\t<div class=\"elementor-column elementor-col-100 elementor-top-column elementor-element elementor-element-a130ebf\" data-id=\"a130ebf\" data-element_type=\"column\">\n\t\t\t<div class=\"elementor-widget-wrap elementor-element-populated\">\n\t\t\t\t\t\t<section class=\"elementor-section elementor-inner-section elementor-element elementor-element-89b5202 elementor-section-content-middle elementor-section-boxed elementor-section-height-default elementor-section-height-default\" data-id=\"89b5202\" data-element_type=\"section\">\n\t\t\t\t\t\t<div class=\"elementor-container elementor-column-gap-default\">\n\t\t\t\t\t<div class=\"elementor-column elementor-col-50 elementor-inner-column elementor-element elementor-element-c94844c two\" data-id=\"c94844c\" data-element_type=\"column\">\n\t\t\t<div class=\"elementor-widget-wrap elementor-element-populated\">\n\t\t\t\t\t\t<div class=\"elementor-element elementor-element-c051211 elementor-absolute elementor-widget elementor-widget-image\" data-id=\"c051211\" data-element_type=\"widget\" data-settings=\"{&quot;_position&quot;:&quot;absolute&quot;}\" data-widget_type=\"image.default\">\n\t\t\t\t<div class=\"elementor-widget-container\">\n\t\t\t\t\t\t\t\t\t\t\t\t\t\t\t<img decoding=\"async\" src=\"https:\/\/riegosur.es\/web\/wp-content\/uploads\/2022\/01\/375.png\" title=\"375\" alt=\"Proyecto de reparaci\u00f3n de da\u00f1os motivados por inundaciones de la aldea del Roc\u00edo\" loading=\"lazy\" \/>\t\t\t\t\t\t\t\t\t\t\t\t\t\t\t<\/div>\n\t\t\t\t<\/div>\n\t\t\t\t\t<\/div>\n\t\t<\/div>\n\t\t\t\t<div class=\"elementor-column elementor-col-50 elementor-inner-column elementor-element elementor-element-e3c4374\" data-id=\"e3c4374\" data-element_type=\"column\">\n\t\t\t<div class=\"elementor-widget-wrap elementor-element-populated\">\n\t\t\t\t\t\t<div class=\"elementor-element elementor-element-91887a8 elementor-widget elementor-widget-sectiontitle\" data-id=\"91887a8\" data-element_type=\"widget\" data-widget_type=\"sectiontitle.default\">\n\t\t\t\t<div class=\"elementor-widget-container\">\n\t\t\t\t\t\r\n\t\t\r\n\t\t<div class=\"title_in_area\">\r\n\t\t<div class=\"title_in\">\r\n\t\t\t<div class=\"title_tx\">\r\n\t\t\t\r\n                 \t\t\t\t \t\t\t\t\r\n\t\t\t\t\t\t\t<\/div>\r\n\t\t<\/div>\r\n         \t\r\n    \t\t<div class=\"title_p\">\r\n    \t\t\t<div class=\"title_ptx\">\r\n                     <p>Nombre De Proyecto: DA\u00d1OS MOTIVADOS POR INUNDACIONES EN LA ALDEA DEL ROC\u00cdO (CA\u00d1O MAR\u00cdN) SITUADAS EN LA PROVINCIA DE HUELVA\n<\/br> <\/br>\nCategor\u00eda: Defensas De M\u00e1rgenes Y Encauzamientos\n<\/br> <\/br>\nCliente: Confederaci\u00f3n Hidrogr\u00e1fica Del Guadalquivir\n<\/br> <\/br>\nPresupuesto: 90.151,81 \u20ac\n<\/br> <\/br>\nActividad Realizada:\n<br>\nMuro Para El Que Se Utilizaron 3748 M\u00b3 De Tierra Arcillosa De Pr\u00e9stamo Compactada En Capas De 40 Cm.\nAl 95% PM., Y 2411 M\u00b3 De Arena En Tongadas De 30 Cm.\n<\/br>\n505 M\u00b3 De Limpieza De Cauce.\n<\/br>\n2 Uds De Desag\u00fces.<\/p>\r\n    \t\t\t<\/div>\r\n    \t\t<\/div>\r\n\t\t\t\t<\/div>\r\n\r\n\t\t\r\n\t\t\t\t\t\t<\/div>\n\t\t\t\t<\/div>\n\t\t\t\t\t<\/div>\n\t\t<\/div>\n\t\t\t\t\t<\/div>\n\t\t<\/section>\n\t\t\t\t\t<\/div>\n\t\t<\/div>\n\t\t\t\t\t<\/div>\n\t\t<\/section>\n\t\t\t\t<section class=\"elementor-section elementor-top-section elementor-element elementor-element-aaf22fa elementor-section-boxed elementor-section-height-default elementor-section-height-default\" data-id=\"aaf22fa\" data-element_type=\"section\">\n\t\t\t\t\t\t<div class=\"elementor-container elementor-column-gap-default\">\n\t\t\t\t\t<div class=\"elementor-column elementor-col-100 elementor-top-column elementor-element elementor-element-0484e47\" data-id=\"0484e47\" data-element_type=\"column\">\n\t\t\t<div class=\"elementor-widget-wrap elementor-element-populated\">\n\t\t\t\t\t\t<div class=\"elementor-element elementor-element-4983092 elementor-widget elementor-widget-sectiontitle\" data-id=\"4983092\" data-element_type=\"widget\" data-widget_type=\"sectiontitle.default\">\n\t\t\t\t<div class=\"elementor-widget-container\">\n\t\t\t\t\t\r\n\t\t\t\t<div class=\"\">\r\n\r\n\t\t\t<div class=\"section-title t_left\">\r\n                 \r\n                        <h5>Proyectos<\/h5>\r\n                \t\t\t\t\r\n\t\t\t\t  \r\n                       <h3>Algunos<\/h3>\r\n                \t\t\t\t\r\n\t\t\t\t  \r\n                       <h2>de nuestros proyectos.<span><\/span><\/h2>\r\n                \t\t\t\t<div class=\"bar-main\">\r\n\t\t\t\t\t<div class=\"bar bar-big\"><\/div>\r\n\t\t\t\t<\/div>\r\n\t\t\t\t\r\n                \t\t\t\t\r\n\r\n\t\t\t\t\r\n\t\t\t<\/div>\t\r\n\r\n\t\t<\/div>\r\n\r\n\t\t\r\n\t\t\t\t\t\t<\/div>\n\t\t\t\t<\/div>\n\t\t\t\t\t<\/div>\n\t\t<\/div>\n\t\t\t\t\t<\/div>\n\t\t<\/section>\n\t\t<div class=\"elementor-element elementor-element-838a38c e-flex e-con-boxed e-con e-parent\" data-id=\"838a38c\" data-element_type=\"container\">\n\t\t\t\t\t<div class=\"e-con-inner\">\n\t\t<div class=\"elementor-element elementor-element-b953f72 e-con-full e-flex e-con e-child\" data-id=\"b953f72\" data-element_type=\"container\">\n\t\t\t\t<div class=\"elementor-element elementor-element-fd8c5f8 elementor-widget elementor-widget-text-editor\" data-id=\"fd8c5f8\" data-element_type=\"widget\" data-widget_type=\"text-editor.default\">\n\t\t\t\t<div class=\"elementor-widget-container\">\n\t\t\t\t\t\t\t\t\t<h3>Proyecto para la mejora de abastecimiento de agua potable en Ja\u00e9n<\/h3>\t\t\t\t\t\t\t\t<\/div>\n\t\t\t\t<\/div>\n\t\t\t\t<div class=\"elementor-element elementor-element-199f5cb elementor-align-left elementor-widget elementor-widget-button\" data-id=\"199f5cb\" data-element_type=\"widget\" data-widget_type=\"button.default\">\n\t\t\t\t<div class=\"elementor-widget-container\">\n\t\t\t\t\t\t\t\t\t<div class=\"elementor-button-wrapper\">\n\t\t\t\t\t<a class=\"elementor-button elementor-button-link elementor-size-xs\" href=\"https:\/\/riegosur.es\/web\/index.php\/pagina-principal\/proyectos\/proyecto-631\/\">\n\t\t\t\t\t\t<span class=\"elementor-button-content-wrapper\">\n\t\t\t\t\t\t\t\t\t<span class=\"elementor-button-text\">ver m\u00e1s<\/span>\n\t\t\t\t\t<\/span>\n\t\t\t\t\t<\/a>\n\t\t\t\t<\/div>\n\t\t\t\t\t\t\t\t<\/div>\n\t\t\t\t<\/div>\n\t\t\t\t<\/div>\n\t\t<div class=\"elementor-element elementor-element-792fcf3 e-con-full e-flex e-con e-child\" data-id=\"792fcf3\" data-element_type=\"container\">\n\t\t\t\t<div class=\"elementor-element elementor-element-8ff203d elementor-widget elementor-widget-text-editor\" data-id=\"8ff203d\" data-element_type=\"widget\" data-widget_type=\"text-editor.default\">\n\t\t\t\t<div class=\"elementor-widget-container\">\n\t\t\t\t\t\t\t\t\t<h3>Proyecto de obras de emergencia para la adecuaci\u00f3n de presas<\/h3>\t\t\t\t\t\t\t\t<\/div>\n\t\t\t\t<\/div>\n\t\t\t\t<div class=\"elementor-element elementor-element-2840c3b elementor-align-left elementor-widget elementor-widget-button\" data-id=\"2840c3b\" data-element_type=\"widget\" data-widget_type=\"button.default\">\n\t\t\t\t<div class=\"elementor-widget-container\">\n\t\t\t\t\t\t\t\t\t<div class=\"elementor-button-wrapper\">\n\t\t\t\t\t<a class=\"elementor-button elementor-button-link elementor-size-xs\" href=\"https:\/\/riegosur.es\/web\/index.php\/pagina-principal\/proyectos\/proyecto-662\/\">\n\t\t\t\t\t\t<span class=\"elementor-button-content-wrapper\">\n\t\t\t\t\t\t\t\t\t<span class=\"elementor-button-text\">ver m\u00e1s<\/span>\n\t\t\t\t\t<\/span>\n\t\t\t\t\t<\/a>\n\t\t\t\t<\/div>\n\t\t\t\t\t\t\t\t<\/div>\n\t\t\t\t<\/div>\n\t\t\t\t<\/div>\n\t\t<div class=\"elementor-element elementor-element-5e9933f e-con-full e-flex e-con e-child\" data-id=\"5e9933f\" data-element_type=\"container\">\n\t\t\t\t<div class=\"elementor-element elementor-element-7d0c341 elementor-widget elementor-widget-text-editor\" data-id=\"7d0c341\" data-element_type=\"widget\" data-widget_type=\"text-editor.default\">\n\t\t\t\t<div class=\"elementor-widget-container\">\n\t\t\t\t\t\t\t\t\t<h3>Proyecto de modificaci\u00f3n del proyecto de modernizaci\u00f3n de regad\u00edos del Guadalquivir<\/h3>\t\t\t\t\t\t\t\t<\/div>\n\t\t\t\t<\/div>\n\t\t\t\t<div class=\"elementor-element elementor-element-ccfac3d elementor-align-left elementor-widget elementor-widget-button\" data-id=\"ccfac3d\" data-element_type=\"widget\" data-widget_type=\"button.default\">\n\t\t\t\t<div class=\"elementor-widget-container\">\n\t\t\t\t\t\t\t\t\t<div class=\"elementor-button-wrapper\">\n\t\t\t\t\t<a class=\"elementor-button elementor-button-link elementor-size-xs\" href=\"https:\/\/riegosur.es\/web\/index.php\/pagina-principal\/proyectos\/proyecto-658\/\">\n\t\t\t\t\t\t<span class=\"elementor-button-content-wrapper\">\n\t\t\t\t\t\t\t\t\t<span class=\"elementor-button-text\">ver m\u00e1s<\/span>\n\t\t\t\t\t<\/span>\n\t\t\t\t\t<\/a>\n\t\t\t\t<\/div>\n\t\t\t\t\t\t\t\t<\/div>\n\t\t\t\t<\/div>\n\t\t\t\t<\/div>\n\t\t<div class=\"elementor-element elementor-element-498e1df e-con-full e-flex e-con e-child\" data-id=\"498e1df\" data-element_type=\"container\">\n\t\t\t\t<div class=\"elementor-element elementor-element-5698d9a elementor-widget elementor-widget-text-editor\" data-id=\"5698d9a\" data-element_type=\"widget\" data-widget_type=\"text-editor.default\">\n\t\t\t\t<div class=\"elementor-widget-container\">\n\t\t\t\t\t\t\t\t\t<h3>Proyecto de construcci\u00f3n del parque forestal Los Tres Jardines\u00a0<\/h3><div>\u00a0<\/div>\t\t\t\t\t\t\t\t<\/div>\n\t\t\t\t<\/div>\n\t\t\t\t<div class=\"elementor-element elementor-element-b4c2155 elementor-align-left elementor-widget elementor-widget-button\" data-id=\"b4c2155\" data-element_type=\"widget\" data-widget_type=\"button.default\">\n\t\t\t\t<div class=\"elementor-widget-container\">\n\t\t\t\t\t\t\t\t\t<div class=\"elementor-button-wrapper\">\n\t\t\t\t\t<a class=\"elementor-button elementor-button-link elementor-size-xs\" href=\"https:\/\/riegosur.es\/web\/index.php\/pagina-principal\/proyectos\/proyecto-444\/\">\n\t\t\t\t\t\t<span class=\"elementor-button-content-wrapper\">\n\t\t\t\t\t\t\t\t\t<span class=\"elementor-button-text\">ver m\u00e1s<\/span>\n\t\t\t\t\t<\/span>\n\t\t\t\t\t<\/a>\n\t\t\t\t<\/div>\n\t\t\t\t\t\t\t\t<\/div>\n\t\t\t\t<\/div>\n\t\t\t\t<\/div>\n\t\t<div class=\"elementor-element elementor-element-e1d1e38 e-flex e-con-boxed e-con e-child\" data-id=\"e1d1e38\" data-element_type=\"container\">\n\t\t\t\t\t<div class=\"e-con-inner\">\n\t\t<div class=\"elementor-element elementor-element-4ec5e87 e-con-full e-flex e-con e-child\" data-id=\"4ec5e87\" data-element_type=\"container\">\n\t\t\t\t<div class=\"elementor-element elementor-element-7125edb elementor-widget elementor-widget-text-editor\" data-id=\"7125edb\" data-element_type=\"widget\" data-widget_type=\"text-editor.default\">\n\t\t\t\t<div class=\"elementor-widget-container\">\n\t\t\t\t\t\t\t\t\t<h3>Proyecto para la reparaci\u00f3n de da\u00f1os motivados por inundaciones<\/h3><div>\u00a0<\/div>\t\t\t\t\t\t\t\t<\/div>\n\t\t\t\t<\/div>\n\t\t\t\t<div class=\"elementor-element elementor-element-3a24b60 elementor-align-left elementor-widget elementor-widget-button\" data-id=\"3a24b60\" data-element_type=\"widget\" data-widget_type=\"button.default\">\n\t\t\t\t<div class=\"elementor-widget-container\">\n\t\t\t\t\t\t\t\t\t<div class=\"elementor-button-wrapper\">\n\t\t\t\t\t<a class=\"elementor-button elementor-button-link elementor-size-xs\" href=\"https:\/\/riegosur.es\/web\/index.php\/pagina-principal\/proyectos\/proyecto-375\/\">\n\t\t\t\t\t\t<span class=\"elementor-button-content-wrapper\">\n\t\t\t\t\t\t\t\t\t<span class=\"elementor-button-text\">ver m\u00e1s<\/span>\n\t\t\t\t\t<\/span>\n\t\t\t\t\t<\/a>\n\t\t\t\t<\/div>\n\t\t\t\t\t\t\t\t<\/div>\n\t\t\t\t<\/div>\n\t\t\t\t<\/div>\n\t\t<div class=\"elementor-element elementor-element-f5e6bb7 e-con-full e-flex e-con e-child\" data-id=\"f5e6bb7\" data-element_type=\"container\">\n\t\t\t\t<div class=\"elementor-element elementor-element-df9ebe2 elementor-widget elementor-widget-text-editor\" data-id=\"df9ebe2\" data-element_type=\"widget\" data-widget_type=\"text-editor.default\">\n\t\t\t\t<div class=\"elementor-widget-container\">\n\t\t\t\t\t\t\t\t\t<h3>Proyecto de obras de abastecimiento a la vega de Granada<\/h3><div>\u00a0<\/div>\t\t\t\t\t\t\t\t<\/div>\n\t\t\t\t<\/div>\n\t\t\t\t<div class=\"elementor-element elementor-element-d75b83f elementor-align-left elementor-widget elementor-widget-button\" data-id=\"d75b83f\" data-element_type=\"widget\" data-widget_type=\"button.default\">\n\t\t\t\t<div class=\"elementor-widget-container\">\n\t\t\t\t\t\t\t\t\t<div class=\"elementor-button-wrapper\">\n\t\t\t\t\t<a class=\"elementor-button elementor-button-link elementor-size-xs\" href=\"https:\/\/riegosur.es\/web\/index.php\/pagina-principal\/proyectos\/proyecto-616\/\">\n\t\t\t\t\t\t<span class=\"elementor-button-content-wrapper\">\n\t\t\t\t\t\t\t\t\t<span class=\"elementor-button-text\">ver m\u00e1s<\/span>\n\t\t\t\t\t<\/span>\n\t\t\t\t\t<\/a>\n\t\t\t\t<\/div>\n\t\t\t\t\t\t\t\t<\/div>\n\t\t\t\t<\/div>\n\t\t\t\t<\/div>\n\t\t\t\t\t<\/div>\n\t\t\t\t<\/div>\n\t\t\t\t\t<\/div>\n\t\t\t\t<\/div>\n\t\t\t\t<\/div>\n\t\t","protected":false},"excerpt":{"rendered":"<p>\u00a0 \u00a0 Proyecto de obra 375 de reparaci\u00f3n de da\u00f1os motivados por inundaciones en la aldea del Roc\u00edo Nombre De Proyecto: DA\u00d1OS MOTIVADOS POR INUNDACIONES EN LA ALDEA DEL ROC\u00cdO (CA\u00d1O MAR\u00cdN) SITUADAS EN LA PROVINCIA DE HUELVA Categor\u00eda: Defensas De M\u00e1rgenes Y Encauzamientos Cliente: Confederaci\u00f3n Hidrogr\u00e1fica Del Guadalquivir Presupuesto: 90.151,81 \u20ac Actividad Realizada: Muro [&hellip;]<\/p>\n","protected":false},"author":1,"featured_media":0,"parent":5896,"menu_order":0,"comment_status":"closed","ping_status":"closed","template":"page-templates\/template-default.php","meta":{"inline_featured_image":false,"_monsterinsights_skip_tracking":false,"_monsterinsights_sitenote_active":false,"_monsterinsights_sitenote_note":"","_monsterinsights_sitenote_category":0,"footnotes":""},"class_list":["post-5927","page","type-page","status-publish","hentry"],"aioseo_notices":[],"_links":{"self":[{"href":"https:\/\/riegosur.es\/web\/index.php\/wp-json\/wp\/v2\/pages\/5927","targetHints":{"allow":["GET"]}}],"collection":[{"href":"https:\/\/riegosur.es\/web\/index.php\/wp-json\/wp\/v2\/pages"}],"about":[{"href":"https:\/\/riegosur.es\/web\/index.php\/wp-json\/wp\/v2\/types\/page"}],"author":[{"embeddable":true,"href":"https:\/\/riegosur.es\/web\/index.php\/wp-json\/wp\/v2\/users\/1"}],"replies":[{"embeddable":true,"href":"https:\/\/riegosur.es\/web\/index.php\/wp-json\/wp\/v2\/comments?post=5927"}],"version-history":[{"count":39,"href":"https:\/\/riegosur.es\/web\/index.php\/wp-json\/wp\/v2\/pages\/5927\/revisions"}],"predecessor-version":[{"id":6358,"href":"https:\/\/riegosur.es\/web\/index.php\/wp-json\/wp\/v2\/pages\/5927\/revisions\/6358"}],"up":[{"embeddable":true,"href":"https:\/\/riegosur.es\/web\/index.php\/wp-json\/wp\/v2\/pages\/5896"}],"wp:attachment":[{"href":"https:\/\/riegosur.es\/web\/index.php\/wp-json\/wp\/v2\/media?parent=5927"}],"curies":[{"name":"wp","href":"https:\/\/api.w.org\/{rel}","templated":true}]}}