{"id":5938,"date":"2023-11-14T12:59:01","date_gmt":"2023-11-14T10:59:01","guid":{"rendered":"https:\/\/riegosur.es\/web\/index.php\/pagina-principal\/proyectos\/proyecto-375-copy\/"},"modified":"2023-12-14T10:29:22","modified_gmt":"2023-12-14T08:29:22","slug":"proyecto-658","status":"publish","type":"page","link":"https:\/\/riegosur.es\/web\/index.php\/pagina-principal\/proyectos-222\/proyecto-658\/","title":{"rendered":"Modificaci\u00f3n del proyecto de modernizaci\u00f3n de regad\u00edos de las vegas del Guadalquivir"},"content":{"rendered":"\t\t<div data-elementor-type=\"wp-page\" data-elementor-id=\"5938\" class=\"elementor elementor-5938\">\n\t\t\t\t\t\t<section class=\"elementor-section elementor-top-section elementor-element elementor-element-853a243 elementor-section-boxed elementor-section-height-default elementor-section-height-default\" data-id=\"853a243\" data-element_type=\"section\">\n\t\t\t\t\t\t<div class=\"elementor-container elementor-column-gap-default\">\n\t\t\t\t\t<div class=\"elementor-column elementor-col-100 elementor-top-column elementor-element elementor-element-f6a3038\" data-id=\"f6a3038\" data-element_type=\"column\">\n\t\t\t<div class=\"elementor-widget-wrap\">\n\t\t\t\t\t\t\t<\/div>\n\t\t<\/div>\n\t\t\t\t\t<\/div>\n\t\t<\/section>\n\t\t<div class=\"elementor-element elementor-element-c2e8659 e-flex e-con-boxed e-con e-parent\" data-id=\"c2e8659\" data-element_type=\"container\">\n\t\t\t\t\t<div class=\"e-con-inner\">\n\t\t\t\t<div class=\"elementor-element elementor-element-5a25419 elementor-widget elementor-widget-text-editor\" data-id=\"5a25419\" data-element_type=\"widget\" data-widget_type=\"text-editor.default\">\n\t\t\t\t<div class=\"elementor-widget-container\">\n\t\t\t\t\t\t\t\t\t<p>\u00a0<\/p><p>\u00a0<\/p>\t\t\t\t\t\t\t\t<\/div>\n\t\t\t\t<\/div>\n\t\t\t\t\t<\/div>\n\t\t\t\t<\/div>\n\t\t\t\t<section class=\"elementor-section elementor-top-section elementor-element elementor-element-0d5d840 elementor-section-boxed elementor-section-height-default elementor-section-height-default\" data-id=\"0d5d840\" data-element_type=\"section\">\n\t\t\t\t\t\t<div class=\"elementor-container elementor-column-gap-default\">\n\t\t\t\t\t<div class=\"elementor-column elementor-col-100 elementor-top-column elementor-element elementor-element-fb74440\" data-id=\"fb74440\" data-element_type=\"column\">\n\t\t\t<div class=\"elementor-widget-wrap elementor-element-populated\">\n\t\t\t\t\t\t<div class=\"elementor-element elementor-element-7d640c9 elementor-widget elementor-widget-heading\" data-id=\"7d640c9\" data-element_type=\"widget\" data-widget_type=\"heading.default\">\n\t\t\t\t<div class=\"elementor-widget-container\">\n\t\t\t\t\t<h2 class=\"elementor-heading-title elementor-size-xxl\">Proyecto de obra 658 de modificaci\u00f3n del proyecto de modernizaci\u00f3n de regad\u00edos de las vegas del Guadalquivir<\/h2>\t\t\t\t<\/div>\n\t\t\t\t<\/div>\n\t\t\t\t\t<\/div>\n\t\t<\/div>\n\t\t\t\t\t<\/div>\n\t\t<\/section>\n\t\t\t\t<section class=\"elementor-section elementor-top-section elementor-element elementor-element-70078cb elementor-section-boxed elementor-section-height-default elementor-section-height-default\" data-id=\"70078cb\" data-element_type=\"section\">\n\t\t\t\t\t\t<div class=\"elementor-container elementor-column-gap-default\">\n\t\t\t\t\t<div class=\"elementor-column elementor-col-100 elementor-top-column elementor-element elementor-element-a130ebf\" data-id=\"a130ebf\" data-element_type=\"column\">\n\t\t\t<div class=\"elementor-widget-wrap elementor-element-populated\">\n\t\t\t\t\t\t<section class=\"elementor-section elementor-inner-section elementor-element elementor-element-89b5202 elementor-section-content-middle elementor-section-boxed elementor-section-height-default elementor-section-height-default\" data-id=\"89b5202\" data-element_type=\"section\">\n\t\t\t\t\t\t<div class=\"elementor-container elementor-column-gap-default\">\n\t\t\t\t\t<div class=\"elementor-column elementor-col-50 elementor-inner-column elementor-element elementor-element-c94844c two\" data-id=\"c94844c\" data-element_type=\"column\">\n\t\t\t<div class=\"elementor-widget-wrap elementor-element-populated\">\n\t\t\t\t\t\t<div class=\"elementor-element elementor-element-c051211 elementor-absolute elementor-widget elementor-widget-image\" data-id=\"c051211\" data-element_type=\"widget\" data-settings=\"{&quot;_position&quot;:&quot;absolute&quot;}\" data-widget_type=\"image.default\">\n\t\t\t\t<div class=\"elementor-widget-container\">\n\t\t\t\t\t\t\t\t\t\t\t\t\t\t\t<img decoding=\"async\" src=\"https:\/\/riegosur.es\/web\/wp-content\/uploads\/2022\/01\/658.png\" title=\"658\" alt=\"Proyecto de modificaci\u00f3n del proyecto de modernizaci\u00f3n de regad\u00edos de las vegas del Guadalquivir\" loading=\"lazy\" \/>\t\t\t\t\t\t\t\t\t\t\t\t\t\t\t<\/div>\n\t\t\t\t<\/div>\n\t\t\t\t\t<\/div>\n\t\t<\/div>\n\t\t\t\t<div class=\"elementor-column elementor-col-50 elementor-inner-column elementor-element elementor-element-e3c4374\" data-id=\"e3c4374\" data-element_type=\"column\">\n\t\t\t<div class=\"elementor-widget-wrap elementor-element-populated\">\n\t\t\t\t\t\t<div class=\"elementor-element elementor-element-91887a8 elementor-widget elementor-widget-sectiontitle\" data-id=\"91887a8\" data-element_type=\"widget\" data-widget_type=\"sectiontitle.default\">\n\t\t\t\t<div class=\"elementor-widget-container\">\n\t\t\t\t\t\r\n\t\t\r\n\t\t<div class=\"title_in_area\">\r\n\t\t<div class=\"title_in\">\r\n\t\t\t<div class=\"title_tx\">\r\n\t\t\t\r\n                 \t\t\t\t \t\t\t\t\r\n\t\t\t\t\t\t\t<\/div>\r\n\t\t<\/div>\r\n         \t\r\n    \t\t<div class=\"title_p\">\r\n    \t\t\t<div class=\"title_ptx\">\r\n                     <p>Nombre De Proyecto: MODIFICACI\u00d3N N\u00ba1 DEL PROYECTO DE MODERNIZACI\u00d3N DE REGAD\u00cdOS DE LAS VEGAS DEL GUADALQUIVIR. VEGAS BAJAS SECTOR I. TT.MM. DE MENG\u00cdBAR Y ESPELUY (JA\u00c9N)\n<\/br> <\/br>\nCategor\u00eda: Regad\u00edos\n<\/br> <\/br>\nCliente: Confederaci\u00f3n Hidrogr\u00e1fica Del Guadalquivir\n<\/br> <\/br>\nPresupuesto: 12.210.315,19 \u20ac\n<\/br> <\/br>\nActividad Realizada:\n<\/br>\nConsistieron En La Mejora Y Modernizaci\u00f3n Del Regad\u00edo De Los Sectores I-A Y I-B De Las Vegas Bajas Del Guadalquivir, TT.MM De Meng\u00edbar Y Espeluy. Para Ello, Se Ha Construido Una Balsa De Regulaci\u00f3n Y Decantaci\u00f3n, Con Una Capacidad De Regulaci\u00f3n De 60.000 M\u00b3, Siendo La Superficie De Riego De 1.193 Has.\n<\/br>\nRedes De Riego Se Incluy\u00f3 La Ejecuci\u00f3n De 14.302,30 M.L. De Tuber\u00eda PN 10\n<\/br>\nBalsa De Regulaci\u00f3n Y Decantaci\u00f3n\n<\/br>\nEstaci\u00f3n De Bombeo A Las Balsas Y Estaciones De Filtrado De Las Redes De Riego\n<\/br>\nCentro De Control Y Nave De Almac\u00e9n, Automatizaci\u00f3n, Electrificaci\u00f3n Y Plantaciones.<\/p>\r\n    \t\t\t<\/div>\r\n    \t\t<\/div>\r\n\t\t\t\t<\/div>\r\n\r\n\t\t\r\n\t\t\t\t\t\t<\/div>\n\t\t\t\t<\/div>\n\t\t\t\t\t<\/div>\n\t\t<\/div>\n\t\t\t\t\t<\/div>\n\t\t<\/section>\n\t\t\t\t\t<\/div>\n\t\t<\/div>\n\t\t\t\t\t<\/div>\n\t\t<\/section>\n\t\t\t\t<section class=\"elementor-section elementor-top-section elementor-element elementor-element-aaf22fa elementor-section-boxed elementor-section-height-default elementor-section-height-default\" data-id=\"aaf22fa\" data-element_type=\"section\">\n\t\t\t\t\t\t<div class=\"elementor-container elementor-column-gap-default\">\n\t\t\t\t\t<div class=\"elementor-column elementor-col-100 elementor-top-column elementor-element elementor-element-0484e47\" data-id=\"0484e47\" data-element_type=\"column\">\n\t\t\t<div class=\"elementor-widget-wrap elementor-element-populated\">\n\t\t\t\t\t\t<div class=\"elementor-element elementor-element-b1397de elementor-widget elementor-widget-sectiontitle\" data-id=\"b1397de\" data-element_type=\"widget\" data-widget_type=\"sectiontitle.default\">\n\t\t\t\t<div class=\"elementor-widget-container\">\n\t\t\t\t\t\r\n\t\t\t\t<div class=\"\">\r\n\r\n\t\t\t<div class=\"section-title t_left\">\r\n                 \r\n                        <h5>Proyectos<\/h5>\r\n                \t\t\t\t\r\n\t\t\t\t  \r\n                       <h3>Algunos<\/h3>\r\n                \t\t\t\t\r\n\t\t\t\t  \r\n                       <h2>de nuestros proyectos.<span><\/span><\/h2>\r\n                \t\t\t\t<div class=\"bar-main\">\r\n\t\t\t\t\t<div class=\"bar bar-big\"><\/div>\r\n\t\t\t\t<\/div>\r\n\t\t\t\t\r\n                \t\t\t\t\r\n\r\n\t\t\t\t\r\n\t\t\t<\/div>\t\r\n\r\n\t\t<\/div>\r\n\r\n\t\t\r\n\t\t\t\t\t\t<\/div>\n\t\t\t\t<\/div>\n\t\t\t\t\t<\/div>\n\t\t<\/div>\n\t\t\t\t\t<\/div>\n\t\t<\/section>\n\t\t<div class=\"elementor-element elementor-element-fa93dd4 e-flex e-con-boxed e-con e-parent\" data-id=\"fa93dd4\" data-element_type=\"container\">\n\t\t\t\t\t<div class=\"e-con-inner\">\n\t\t<div class=\"elementor-element elementor-element-e4ca9b6 e-flex e-con-boxed e-con e-child\" data-id=\"e4ca9b6\" data-element_type=\"container\">\n\t\t\t\t\t<div class=\"e-con-inner\">\n\t\t<div class=\"elementor-element elementor-element-e57b455 e-con-full e-flex e-con e-child\" data-id=\"e57b455\" data-element_type=\"container\">\n\t\t\t\t<div class=\"elementor-element elementor-element-651516c elementor-widget elementor-widget-text-editor\" data-id=\"651516c\" data-element_type=\"widget\" data-widget_type=\"text-editor.default\">\n\t\t\t\t<div class=\"elementor-widget-container\">\n\t\t\t\t\t\t\t\t\t<h3>Proyecto para la mejora de abastecimiento de agua potable en Ja\u00e9n<\/h3>\t\t\t\t\t\t\t\t<\/div>\n\t\t\t\t<\/div>\n\t\t\t\t<div class=\"elementor-element elementor-element-63f6cdc elementor-align-left elementor-widget elementor-widget-button\" data-id=\"63f6cdc\" data-element_type=\"widget\" data-widget_type=\"button.default\">\n\t\t\t\t<div class=\"elementor-widget-container\">\n\t\t\t\t\t\t\t\t\t<div class=\"elementor-button-wrapper\">\n\t\t\t\t\t<a class=\"elementor-button elementor-button-link elementor-size-xs\" href=\"https:\/\/riegosur.es\/web\/index.php\/pagina-principal\/proyectos\/proyecto-631\/\">\n\t\t\t\t\t\t<span class=\"elementor-button-content-wrapper\">\n\t\t\t\t\t\t\t\t\t<span class=\"elementor-button-text\">ver m\u00e1s<\/span>\n\t\t\t\t\t<\/span>\n\t\t\t\t\t<\/a>\n\t\t\t\t<\/div>\n\t\t\t\t\t\t\t\t<\/div>\n\t\t\t\t<\/div>\n\t\t\t\t<\/div>\n\t\t<div class=\"elementor-element elementor-element-34c78e6 e-con-full e-flex e-con e-child\" data-id=\"34c78e6\" data-element_type=\"container\">\n\t\t\t\t<div class=\"elementor-element elementor-element-4f449c3 elementor-widget elementor-widget-text-editor\" data-id=\"4f449c3\" data-element_type=\"widget\" data-widget_type=\"text-editor.default\">\n\t\t\t\t<div class=\"elementor-widget-container\">\n\t\t\t\t\t\t\t\t\t<h3>Proyecto de obras de emergencia para la adecuaci\u00f3n de presas<\/h3><div>\u00a0<\/div>\t\t\t\t\t\t\t\t<\/div>\n\t\t\t\t<\/div>\n\t\t\t\t<div class=\"elementor-element elementor-element-a5d07fb elementor-align-left elementor-widget elementor-widget-button\" data-id=\"a5d07fb\" data-element_type=\"widget\" data-widget_type=\"button.default\">\n\t\t\t\t<div class=\"elementor-widget-container\">\n\t\t\t\t\t\t\t\t\t<div class=\"elementor-button-wrapper\">\n\t\t\t\t\t<a class=\"elementor-button elementor-button-link elementor-size-xs\" href=\"https:\/\/riegosur.es\/web\/index.php\/pagina-principal\/proyectos\/proyecto-662\/\">\n\t\t\t\t\t\t<span class=\"elementor-button-content-wrapper\">\n\t\t\t\t\t\t\t\t\t<span class=\"elementor-button-text\">ver m\u00e1s<\/span>\n\t\t\t\t\t<\/span>\n\t\t\t\t\t<\/a>\n\t\t\t\t<\/div>\n\t\t\t\t\t\t\t\t<\/div>\n\t\t\t\t<\/div>\n\t\t\t\t<\/div>\n\t\t<div class=\"elementor-element elementor-element-9689c6f e-con-full e-flex e-con e-child\" data-id=\"9689c6f\" data-element_type=\"container\">\n\t\t\t\t<div class=\"elementor-element elementor-element-916a2b4 elementor-widget elementor-widget-text-editor\" data-id=\"916a2b4\" data-element_type=\"widget\" data-widget_type=\"text-editor.default\">\n\t\t\t\t<div class=\"elementor-widget-container\">\n\t\t\t\t\t\t\t\t\t<h3>Proyecto de modificaci\u00f3n del proyecto de modernizaci\u00f3n de regad\u00edos del Guadalquivir<\/h3>\t\t\t\t\t\t\t\t<\/div>\n\t\t\t\t<\/div>\n\t\t\t\t<div class=\"elementor-element elementor-element-763c6ae elementor-align-left elementor-widget elementor-widget-button\" data-id=\"763c6ae\" data-element_type=\"widget\" data-widget_type=\"button.default\">\n\t\t\t\t<div class=\"elementor-widget-container\">\n\t\t\t\t\t\t\t\t\t<div class=\"elementor-button-wrapper\">\n\t\t\t\t\t<a class=\"elementor-button elementor-button-link elementor-size-xs\" href=\"https:\/\/riegosur.es\/web\/index.php\/pagina-principal\/proyectos\/proyecto-658\/\">\n\t\t\t\t\t\t<span class=\"elementor-button-content-wrapper\">\n\t\t\t\t\t\t\t\t\t<span class=\"elementor-button-text\">ver m\u00e1s<\/span>\n\t\t\t\t\t<\/span>\n\t\t\t\t\t<\/a>\n\t\t\t\t<\/div>\n\t\t\t\t\t\t\t\t<\/div>\n\t\t\t\t<\/div>\n\t\t\t\t<\/div>\n\t\t<div class=\"elementor-element elementor-element-e9e8741 e-con-full e-flex e-con e-child\" data-id=\"e9e8741\" data-element_type=\"container\">\n\t\t\t\t<div class=\"elementor-element elementor-element-d854168 elementor-widget elementor-widget-text-editor\" data-id=\"d854168\" data-element_type=\"widget\" data-widget_type=\"text-editor.default\">\n\t\t\t\t<div class=\"elementor-widget-container\">\n\t\t\t\t\t\t\t\t\t<h3>Proyecto de construcci\u00f3n del parque forestal Los Tres Jardines&nbsp;<\/h3><div><br><\/div>\t\t\t\t\t\t\t\t<\/div>\n\t\t\t\t<\/div>\n\t\t\t\t<div class=\"elementor-element elementor-element-f830a79 elementor-align-left elementor-widget elementor-widget-button\" data-id=\"f830a79\" data-element_type=\"widget\" data-widget_type=\"button.default\">\n\t\t\t\t<div class=\"elementor-widget-container\">\n\t\t\t\t\t\t\t\t\t<div class=\"elementor-button-wrapper\">\n\t\t\t\t\t<a class=\"elementor-button elementor-button-link elementor-size-xs\" href=\"https:\/\/riegosur.es\/web\/index.php\/pagina-principal\/proyectos\/proyecto-444\/\">\n\t\t\t\t\t\t<span class=\"elementor-button-content-wrapper\">\n\t\t\t\t\t\t\t\t\t<span class=\"elementor-button-text\">ver m\u00e1s<\/span>\n\t\t\t\t\t<\/span>\n\t\t\t\t\t<\/a>\n\t\t\t\t<\/div>\n\t\t\t\t\t\t\t\t<\/div>\n\t\t\t\t<\/div>\n\t\t\t\t<\/div>\n\t\t\t\t\t<\/div>\n\t\t\t\t<\/div>\n\t\t<div class=\"elementor-element elementor-element-331f026 e-flex e-con-boxed e-con e-child\" data-id=\"331f026\" data-element_type=\"container\">\n\t\t\t\t\t<div class=\"e-con-inner\">\n\t\t<div class=\"elementor-element elementor-element-acf248c e-con-full e-flex e-con e-child\" data-id=\"acf248c\" data-element_type=\"container\">\n\t\t\t\t<div class=\"elementor-element elementor-element-5733db9 elementor-widget elementor-widget-text-editor\" data-id=\"5733db9\" data-element_type=\"widget\" data-widget_type=\"text-editor.default\">\n\t\t\t\t<div class=\"elementor-widget-container\">\n\t\t\t\t\t\t\t\t\t<h3>Proyecto para la reparaci\u00f3n de da\u00f1os motivados por inundaciones<\/h3>\t\t\t\t\t\t\t\t<\/div>\n\t\t\t\t<\/div>\n\t\t\t\t<div class=\"elementor-element elementor-element-4323e57 elementor-align-left elementor-widget elementor-widget-button\" data-id=\"4323e57\" data-element_type=\"widget\" data-widget_type=\"button.default\">\n\t\t\t\t<div class=\"elementor-widget-container\">\n\t\t\t\t\t\t\t\t\t<div class=\"elementor-button-wrapper\">\n\t\t\t\t\t<a class=\"elementor-button elementor-button-link elementor-size-xs\" href=\"https:\/\/riegosur.es\/web\/index.php\/pagina-principal\/proyectos\/proyecto-375\/\">\n\t\t\t\t\t\t<span class=\"elementor-button-content-wrapper\">\n\t\t\t\t\t\t\t\t\t<span class=\"elementor-button-text\">ver m\u00e1s<\/span>\n\t\t\t\t\t<\/span>\n\t\t\t\t\t<\/a>\n\t\t\t\t<\/div>\n\t\t\t\t\t\t\t\t<\/div>\n\t\t\t\t<\/div>\n\t\t\t\t<\/div>\n\t\t<div class=\"elementor-element elementor-element-b018234 e-con-full e-flex e-con e-child\" data-id=\"b018234\" data-element_type=\"container\">\n\t\t\t\t<div class=\"elementor-element elementor-element-32b8058 elementor-widget elementor-widget-text-editor\" data-id=\"32b8058\" data-element_type=\"widget\" data-widget_type=\"text-editor.default\">\n\t\t\t\t<div class=\"elementor-widget-container\">\n\t\t\t\t\t\t\t\t\t<h3>Proyecto de obras de abastecimiento a la vega de Granada<\/h3>\t\t\t\t\t\t\t\t<\/div>\n\t\t\t\t<\/div>\n\t\t\t\t<div class=\"elementor-element elementor-element-3ddfaf7 elementor-align-left elementor-widget elementor-widget-button\" data-id=\"3ddfaf7\" data-element_type=\"widget\" data-widget_type=\"button.default\">\n\t\t\t\t<div class=\"elementor-widget-container\">\n\t\t\t\t\t\t\t\t\t<div class=\"elementor-button-wrapper\">\n\t\t\t\t\t<a class=\"elementor-button elementor-button-link elementor-size-xs\" href=\"https:\/\/riegosur.es\/web\/index.php\/pagina-principal\/proyectos\/proyecto-616\/\">\n\t\t\t\t\t\t<span class=\"elementor-button-content-wrapper\">\n\t\t\t\t\t\t\t\t\t<span class=\"elementor-button-text\">ver m\u00e1s<\/span>\n\t\t\t\t\t<\/span>\n\t\t\t\t\t<\/a>\n\t\t\t\t<\/div>\n\t\t\t\t\t\t\t\t<\/div>\n\t\t\t\t<\/div>\n\t\t\t\t<\/div>\n\t\t\t\t\t<\/div>\n\t\t\t\t<\/div>\n\t\t\t\t\t<\/div>\n\t\t\t\t<\/div>\n\t\t\t\t<\/div>\n\t\t","protected":false},"excerpt":{"rendered":"<p>\u00a0 \u00a0 Proyecto de obra 658 de modificaci\u00f3n del proyecto de modernizaci\u00f3n de regad\u00edos de las vegas del Guadalquivir Nombre De Proyecto: MODIFICACI\u00d3N N\u00ba1 DEL PROYECTO DE MODERNIZACI\u00d3N DE REGAD\u00cdOS DE LAS VEGAS DEL GUADALQUIVIR. VEGAS BAJAS SECTOR I. TT.MM. DE MENG\u00cdBAR Y ESPELUY (JA\u00c9N) Categor\u00eda: Regad\u00edos Cliente: Confederaci\u00f3n Hidrogr\u00e1fica Del Guadalquivir Presupuesto: 12.210.315,19 \u20ac [&hellip;]<\/p>\n","protected":false},"author":1,"featured_media":0,"parent":5896,"menu_order":0,"comment_status":"closed","ping_status":"closed","template":"page-templates\/template-default.php","meta":{"inline_featured_image":false,"_monsterinsights_skip_tracking":false,"_monsterinsights_sitenote_active":false,"_monsterinsights_sitenote_note":"","_monsterinsights_sitenote_category":0,"footnotes":""},"class_list":["post-5938","page","type-page","status-publish","hentry"],"aioseo_notices":[],"_links":{"self":[{"href":"https:\/\/riegosur.es\/web\/index.php\/wp-json\/wp\/v2\/pages\/5938","targetHints":{"allow":["GET"]}}],"collection":[{"href":"https:\/\/riegosur.es\/web\/index.php\/wp-json\/wp\/v2\/pages"}],"about":[{"href":"https:\/\/riegosur.es\/web\/index.php\/wp-json\/wp\/v2\/types\/page"}],"author":[{"embeddable":true,"href":"https:\/\/riegosur.es\/web\/index.php\/wp-json\/wp\/v2\/users\/1"}],"replies":[{"embeddable":true,"href":"https:\/\/riegosur.es\/web\/index.php\/wp-json\/wp\/v2\/comments?post=5938"}],"version-history":[{"count":21,"href":"https:\/\/riegosur.es\/web\/index.php\/wp-json\/wp\/v2\/pages\/5938\/revisions"}],"predecessor-version":[{"id":6370,"href":"https:\/\/riegosur.es\/web\/index.php\/wp-json\/wp\/v2\/pages\/5938\/revisions\/6370"}],"up":[{"embeddable":true,"href":"https:\/\/riegosur.es\/web\/index.php\/wp-json\/wp\/v2\/pages\/5896"}],"wp:attachment":[{"href":"https:\/\/riegosur.es\/web\/index.php\/wp-json\/wp\/v2\/media?parent=5938"}],"curies":[{"name":"wp","href":"https:\/\/api.w.org\/{rel}","templated":true}]}}