{"id":5943,"date":"2023-11-14T13:03:26","date_gmt":"2023-11-14T11:03:26","guid":{"rendered":"https:\/\/riegosur.es\/web\/index.php\/pagina-principal\/proyectos\/proyecto-658-copy\/"},"modified":"2023-12-14T10:25:28","modified_gmt":"2023-12-14T08:25:28","slug":"proyecto-444","status":"publish","type":"page","link":"https:\/\/riegosur.es\/web\/index.php\/pagina-principal\/proyectos-222\/proyecto-444\/","title":{"rendered":"Proyecto forestal Los Tres Jardines"},"content":{"rendered":"\t\t<div data-elementor-type=\"wp-page\" data-elementor-id=\"5943\" class=\"elementor elementor-5943\">\n\t\t\t\t\t\t<section class=\"elementor-section elementor-top-section elementor-element elementor-element-853a243 elementor-section-boxed elementor-section-height-default elementor-section-height-default\" data-id=\"853a243\" data-element_type=\"section\">\n\t\t\t\t\t\t<div class=\"elementor-container elementor-column-gap-default\">\n\t\t\t\t\t<div class=\"elementor-column elementor-col-100 elementor-top-column elementor-element elementor-element-f6a3038\" data-id=\"f6a3038\" data-element_type=\"column\">\n\t\t\t<div class=\"elementor-widget-wrap\">\n\t\t\t\t\t\t\t<\/div>\n\t\t<\/div>\n\t\t\t\t\t<\/div>\n\t\t<\/section>\n\t\t<div class=\"elementor-element elementor-element-c2e8659 e-flex e-con-boxed e-con e-parent\" data-id=\"c2e8659\" data-element_type=\"container\">\n\t\t\t\t\t<div class=\"e-con-inner\">\n\t\t\t\t<div class=\"elementor-element elementor-element-5a25419 elementor-widget elementor-widget-text-editor\" data-id=\"5a25419\" data-element_type=\"widget\" data-widget_type=\"text-editor.default\">\n\t\t\t\t<div class=\"elementor-widget-container\">\n\t\t\t\t\t\t\t\t\t<p>\u00a0<\/p><p>\u00a0<\/p>\t\t\t\t\t\t\t\t<\/div>\n\t\t\t\t<\/div>\n\t\t\t\t\t<\/div>\n\t\t\t\t<\/div>\n\t\t\t\t<section class=\"elementor-section elementor-top-section elementor-element elementor-element-0d5d840 elementor-section-boxed elementor-section-height-default elementor-section-height-default\" data-id=\"0d5d840\" data-element_type=\"section\">\n\t\t\t\t\t\t<div class=\"elementor-container elementor-column-gap-default\">\n\t\t\t\t\t<div class=\"elementor-column elementor-col-100 elementor-top-column elementor-element elementor-element-fb74440\" data-id=\"fb74440\" data-element_type=\"column\">\n\t\t\t<div class=\"elementor-widget-wrap elementor-element-populated\">\n\t\t\t\t\t\t<div class=\"elementor-element elementor-element-7d640c9 elementor-widget elementor-widget-heading\" data-id=\"7d640c9\" data-element_type=\"widget\" data-widget_type=\"heading.default\">\n\t\t\t\t<div class=\"elementor-widget-container\">\n\t\t\t\t\t<h2 class=\"elementor-heading-title elementor-size-xxl\">Proyecto de obra 444 en Parque forestal Los tres jardines<\/h2>\t\t\t\t<\/div>\n\t\t\t\t<\/div>\n\t\t\t\t\t<\/div>\n\t\t<\/div>\n\t\t\t\t\t<\/div>\n\t\t<\/section>\n\t\t\t\t<section class=\"elementor-section elementor-top-section elementor-element elementor-element-70078cb elementor-section-boxed elementor-section-height-default elementor-section-height-default\" data-id=\"70078cb\" data-element_type=\"section\">\n\t\t\t\t\t\t<div class=\"elementor-container elementor-column-gap-default\">\n\t\t\t\t\t<div class=\"elementor-column elementor-col-100 elementor-top-column elementor-element elementor-element-a130ebf\" data-id=\"a130ebf\" data-element_type=\"column\">\n\t\t\t<div class=\"elementor-widget-wrap elementor-element-populated\">\n\t\t\t\t\t\t<section class=\"elementor-section elementor-inner-section elementor-element elementor-element-89b5202 elementor-section-content-middle elementor-section-boxed elementor-section-height-default elementor-section-height-default\" data-id=\"89b5202\" data-element_type=\"section\">\n\t\t\t\t\t\t<div class=\"elementor-container elementor-column-gap-default\">\n\t\t\t\t\t<div class=\"elementor-column elementor-col-50 elementor-inner-column elementor-element elementor-element-c94844c two\" data-id=\"c94844c\" data-element_type=\"column\">\n\t\t\t<div class=\"elementor-widget-wrap elementor-element-populated\">\n\t\t\t\t\t\t<div class=\"elementor-element elementor-element-c051211 elementor-absolute elementor-widget elementor-widget-image\" data-id=\"c051211\" data-element_type=\"widget\" data-settings=\"{&quot;_position&quot;:&quot;absolute&quot;}\" data-widget_type=\"image.default\">\n\t\t\t\t<div class=\"elementor-widget-container\">\n\t\t\t\t\t\t\t\t\t\t\t\t\t\t\t<img decoding=\"async\" src=\"https:\/\/riegosur.es\/web\/wp-content\/uploads\/2022\/01\/444.png\" title=\"444\" alt=\"444\" loading=\"lazy\" \/>\t\t\t\t\t\t\t\t\t\t\t\t\t\t\t<\/div>\n\t\t\t\t<\/div>\n\t\t\t\t\t<\/div>\n\t\t<\/div>\n\t\t\t\t<div class=\"elementor-column elementor-col-50 elementor-inner-column elementor-element elementor-element-e3c4374\" data-id=\"e3c4374\" data-element_type=\"column\">\n\t\t\t<div class=\"elementor-widget-wrap elementor-element-populated\">\n\t\t\t\t\t\t<div class=\"elementor-element elementor-element-91887a8 elementor-widget elementor-widget-sectiontitle\" data-id=\"91887a8\" data-element_type=\"widget\" data-widget_type=\"sectiontitle.default\">\n\t\t\t\t<div class=\"elementor-widget-container\">\n\t\t\t\t\t\r\n\t\t\r\n\t\t<div class=\"title_in_area\">\r\n\t\t<div class=\"title_in\">\r\n\t\t\t<div class=\"title_tx\">\r\n\t\t\t\r\n                 \t\t\t\t \t\t\t\t\r\n\t\t\t\t\t\t\t<\/div>\r\n\t\t<\/div>\r\n         \t\r\n    \t\t<div class=\"title_p\">\r\n    \t\t\t<div class=\"title_ptx\">\r\n                     <p>Nombre De Proyecto: Parque Forestal Los Tres Jardines. San Pedro De Alc\u00e1ntara, M\u00e1laga\n<\/br> <\/br>\nCategor\u00eda: Trabajos Forestales\n<\/br> <\/br>\nCliente: Delegaci\u00f3n Provincial De M\u00e1laga, Consejer\u00eda De Medio Ambiente\n<\/br> <\/br>\nPresupuesto: 5.003.478,94 \u20ac\n<\/br> <\/br>\nActividad Realizada:\n<\/br>\nLas Obras Mencionadas Consistieron En La Construcci\u00f3n Del Parque Forestal, En Donde Se Realizaron\nTrabajos De Explanaciones, Demoliciones, Edificaciones Como El Centro De Informaci\u00f3n Turismo Rural,\nAdecuaci\u00f3n De Quisco Y Aseos, Casetas Y Dep\u00f3sitos, Torres, Muros, Fontaner\u00eda, Redes De Saneamiento Y\nAbastecimiento, Electricidad, Cerramiento Perimetral, Viales Y Jardiner\u00eda Entre Otros.\n<\/br> <\/br>\nEn Jardiner\u00eda Se Realizaron Tratamientos Previos A La Vegetaci\u00f3n, As\u00ed Como Transporte De Plantas,\nReparaci\u00f3n Del Terreno Y Plantaciones.\n<\/br> <\/br>\nLas Obras Mencionadas Consistieron En La Construcci\u00f3n De Un Centro De Informaci\u00f3n De Turismo Rural De X\nPlantas Y X M2; As\u00ed Como Una Caseta De Riego Y Otra De Contadores De X M2.\n<\/br> <\/br>\nLas Obras Destinadas A Una Poblaci\u00f3n Aprox. De 34.240 Habitantes, Comprende Una Tuber\u00eda PEAD \u00d8 50 Mm\nY 10 Atm, Con Longitud Aprox. De 1.381,00 M.\n265,78 M\u00b3 De Construcci\u00f3n De Cama Tuber\u00edas D<3 Km, 1.1 01,75 Ml Canalizaci\u00f3n De Gres \u00d8 300 Mm; 185,03\nMl De Canalizaci\u00f3n \u00d8 200 Mm Y 247,05 Ml De Canalizaci\u00f3n \u00d8 110 M, 31 Ud. Pozo De Registro Circular \u00d8 110 Mm Y 5 Ud. De Pozo De Resalto Circular De \u00d8 110 Mm, As\u00ed Como 4.981,15 M\u00b3 De Relleno Y Apisonado En Zanjas.<\/p>\r\n    \t\t\t<\/div>\r\n    \t\t<\/div>\r\n\t\t\t\t<\/div>\r\n\r\n\t\t\r\n\t\t\t\t\t\t<\/div>\n\t\t\t\t<\/div>\n\t\t\t\t\t<\/div>\n\t\t<\/div>\n\t\t\t\t\t<\/div>\n\t\t<\/section>\n\t\t\t\t\t<\/div>\n\t\t<\/div>\n\t\t\t\t\t<\/div>\n\t\t<\/section>\n\t\t\t\t<section class=\"elementor-section elementor-top-section elementor-element elementor-element-1c60859 elementor-section-boxed elementor-section-height-default elementor-section-height-default\" data-id=\"1c60859\" data-element_type=\"section\">\n\t\t\t\t\t\t<div class=\"elementor-container elementor-column-gap-default\">\n\t\t\t\t\t<div class=\"elementor-column elementor-col-100 elementor-top-column elementor-element elementor-element-8e317bd\" data-id=\"8e317bd\" data-element_type=\"column\">\n\t\t\t<div class=\"elementor-widget-wrap elementor-element-populated\">\n\t\t\t\t\t\t<div class=\"elementor-element elementor-element-9943141 elementor-widget elementor-widget-sectiontitle\" data-id=\"9943141\" data-element_type=\"widget\" data-widget_type=\"sectiontitle.default\">\n\t\t\t\t<div class=\"elementor-widget-container\">\n\t\t\t\t\t\r\n\t\t\t\t<div class=\"\">\r\n\r\n\t\t\t<div class=\"section-title t_left\">\r\n                 \r\n                        <h5>Proyectos<\/h5>\r\n                \t\t\t\t\r\n\t\t\t\t  \r\n                       <h3>Algunos<\/h3>\r\n                \t\t\t\t\r\n\t\t\t\t  \r\n                       <h2>de nuestros proyectos.<span><\/span><\/h2>\r\n                \t\t\t\t<div class=\"bar-main\">\r\n\t\t\t\t\t<div class=\"bar bar-big\"><\/div>\r\n\t\t\t\t<\/div>\r\n\t\t\t\t\r\n                \t\t\t\t\r\n\r\n\t\t\t\t\r\n\t\t\t<\/div>\t\r\n\r\n\t\t<\/div>\r\n\r\n\t\t\r\n\t\t\t\t\t\t<\/div>\n\t\t\t\t<\/div>\n\t\t\t\t\t<\/div>\n\t\t<\/div>\n\t\t\t\t\t<\/div>\n\t\t<\/section>\n\t\t<div class=\"elementor-element elementor-element-a48ecdf e-flex e-con-boxed e-con e-parent\" data-id=\"a48ecdf\" data-element_type=\"container\">\n\t\t\t\t\t<div class=\"e-con-inner\">\n\t\t<div class=\"elementor-element elementor-element-ee806b1 e-con-full e-flex e-con e-child\" data-id=\"ee806b1\" data-element_type=\"container\">\n\t\t\t\t<div class=\"elementor-element elementor-element-86bd5b9 elementor-widget elementor-widget-text-editor\" data-id=\"86bd5b9\" data-element_type=\"widget\" data-widget_type=\"text-editor.default\">\n\t\t\t\t<div class=\"elementor-widget-container\">\n\t\t\t\t\t\t\t\t\t<h3>Proyecto para la mejora de abastecimiento de agua potable en Ja\u00e9n<\/h3>\t\t\t\t\t\t\t\t<\/div>\n\t\t\t\t<\/div>\n\t\t\t\t<div class=\"elementor-element elementor-element-70edd63 elementor-align-left elementor-widget elementor-widget-button\" data-id=\"70edd63\" data-element_type=\"widget\" data-widget_type=\"button.default\">\n\t\t\t\t<div class=\"elementor-widget-container\">\n\t\t\t\t\t\t\t\t\t<div class=\"elementor-button-wrapper\">\n\t\t\t\t\t<a class=\"elementor-button elementor-button-link elementor-size-xs\" href=\"https:\/\/riegosur.es\/web\/index.php\/pagina-principal\/proyectos\/proyecto-631\/\">\n\t\t\t\t\t\t<span class=\"elementor-button-content-wrapper\">\n\t\t\t\t\t\t\t\t\t<span class=\"elementor-button-text\">ver m\u00e1s<\/span>\n\t\t\t\t\t<\/span>\n\t\t\t\t\t<\/a>\n\t\t\t\t<\/div>\n\t\t\t\t\t\t\t\t<\/div>\n\t\t\t\t<\/div>\n\t\t\t\t<\/div>\n\t\t<div class=\"elementor-element elementor-element-296ce1b e-con-full e-flex e-con e-child\" data-id=\"296ce1b\" data-element_type=\"container\">\n\t\t\t\t<div class=\"elementor-element elementor-element-97dc939 elementor-widget elementor-widget-text-editor\" data-id=\"97dc939\" data-element_type=\"widget\" data-widget_type=\"text-editor.default\">\n\t\t\t\t<div class=\"elementor-widget-container\">\n\t\t\t\t\t\t\t\t\t<h3>Proyecto de obras de emergencia para la adecuaci\u00f3n de presas<\/h3>\t\t\t\t\t\t\t\t<\/div>\n\t\t\t\t<\/div>\n\t\t\t\t<div class=\"elementor-element elementor-element-3119771 elementor-align-left elementor-widget elementor-widget-button\" data-id=\"3119771\" data-element_type=\"widget\" data-widget_type=\"button.default\">\n\t\t\t\t<div class=\"elementor-widget-container\">\n\t\t\t\t\t\t\t\t\t<div class=\"elementor-button-wrapper\">\n\t\t\t\t\t<a class=\"elementor-button elementor-button-link elementor-size-xs\" href=\"https:\/\/riegosur.es\/web\/index.php\/pagina-principal\/proyectos\/proyecto-662\/\">\n\t\t\t\t\t\t<span class=\"elementor-button-content-wrapper\">\n\t\t\t\t\t\t\t\t\t<span class=\"elementor-button-text\">ver m\u00e1s<\/span>\n\t\t\t\t\t<\/span>\n\t\t\t\t\t<\/a>\n\t\t\t\t<\/div>\n\t\t\t\t\t\t\t\t<\/div>\n\t\t\t\t<\/div>\n\t\t\t\t<\/div>\n\t\t<div class=\"elementor-element elementor-element-c3e970c e-con-full e-flex e-con e-child\" data-id=\"c3e970c\" data-element_type=\"container\">\n\t\t\t\t<div class=\"elementor-element elementor-element-bad92a9 elementor-widget elementor-widget-text-editor\" data-id=\"bad92a9\" data-element_type=\"widget\" data-widget_type=\"text-editor.default\">\n\t\t\t\t<div class=\"elementor-widget-container\">\n\t\t\t\t\t\t\t\t\t<h3>Proyecto de modificaci\u00f3n del proyecto de modernizaci\u00f3n de regad\u00edos del Guadalquivir<\/h3>\t\t\t\t\t\t\t\t<\/div>\n\t\t\t\t<\/div>\n\t\t\t\t<div class=\"elementor-element elementor-element-a2e9abb elementor-align-left elementor-widget elementor-widget-button\" data-id=\"a2e9abb\" data-element_type=\"widget\" data-widget_type=\"button.default\">\n\t\t\t\t<div class=\"elementor-widget-container\">\n\t\t\t\t\t\t\t\t\t<div class=\"elementor-button-wrapper\">\n\t\t\t\t\t<a class=\"elementor-button elementor-button-link elementor-size-xs\" href=\"https:\/\/riegosur.es\/web\/index.php\/pagina-principal\/proyectos\/proyecto-658\/\">\n\t\t\t\t\t\t<span class=\"elementor-button-content-wrapper\">\n\t\t\t\t\t\t\t\t\t<span class=\"elementor-button-text\">ver m\u00e1s<\/span>\n\t\t\t\t\t<\/span>\n\t\t\t\t\t<\/a>\n\t\t\t\t<\/div>\n\t\t\t\t\t\t\t\t<\/div>\n\t\t\t\t<\/div>\n\t\t\t\t<\/div>\n\t\t<div class=\"elementor-element elementor-element-602fa4f e-con-full e-flex e-con e-child\" data-id=\"602fa4f\" data-element_type=\"container\">\n\t\t\t\t<div class=\"elementor-element elementor-element-5bb5f13 elementor-widget elementor-widget-text-editor\" data-id=\"5bb5f13\" data-element_type=\"widget\" data-widget_type=\"text-editor.default\">\n\t\t\t\t<div class=\"elementor-widget-container\">\n\t\t\t\t\t\t\t\t\t<h3>Proyecto de construcci\u00f3n del parque forestal Los Tres Jardines&nbsp;<\/h3><div><br><\/div>\t\t\t\t\t\t\t\t<\/div>\n\t\t\t\t<\/div>\n\t\t\t\t<div class=\"elementor-element elementor-element-7285469 elementor-align-left elementor-widget elementor-widget-button\" data-id=\"7285469\" data-element_type=\"widget\" data-widget_type=\"button.default\">\n\t\t\t\t<div class=\"elementor-widget-container\">\n\t\t\t\t\t\t\t\t\t<div class=\"elementor-button-wrapper\">\n\t\t\t\t\t<a class=\"elementor-button elementor-button-link elementor-size-xs\" href=\"https:\/\/riegosur.es\/web\/index.php\/pagina-principal\/proyectos\/proyecto-444\/\">\n\t\t\t\t\t\t<span class=\"elementor-button-content-wrapper\">\n\t\t\t\t\t\t\t\t\t<span class=\"elementor-button-text\">ver m\u00e1s<\/span>\n\t\t\t\t\t<\/span>\n\t\t\t\t\t<\/a>\n\t\t\t\t<\/div>\n\t\t\t\t\t\t\t\t<\/div>\n\t\t\t\t<\/div>\n\t\t\t\t<\/div>\n\t\t<div class=\"elementor-element elementor-element-7046392 e-flex e-con-boxed e-con e-child\" data-id=\"7046392\" data-element_type=\"container\">\n\t\t\t\t\t<div class=\"e-con-inner\">\n\t\t<div class=\"elementor-element elementor-element-dfa29a7 e-con-full e-flex e-con e-child\" data-id=\"dfa29a7\" data-element_type=\"container\">\n\t\t\t\t<div class=\"elementor-element elementor-element-63f79d9 elementor-widget elementor-widget-text-editor\" data-id=\"63f79d9\" data-element_type=\"widget\" data-widget_type=\"text-editor.default\">\n\t\t\t\t<div class=\"elementor-widget-container\">\n\t\t\t\t\t\t\t\t\t<h3>Proyecto para la reparaci\u00f3n de da\u00f1os motivados por inundaciones<\/h3>\t\t\t\t\t\t\t\t<\/div>\n\t\t\t\t<\/div>\n\t\t\t\t<div class=\"elementor-element elementor-element-b0b7b61 elementor-align-left elementor-widget elementor-widget-button\" data-id=\"b0b7b61\" data-element_type=\"widget\" data-widget_type=\"button.default\">\n\t\t\t\t<div class=\"elementor-widget-container\">\n\t\t\t\t\t\t\t\t\t<div class=\"elementor-button-wrapper\">\n\t\t\t\t\t<a class=\"elementor-button elementor-button-link elementor-size-xs\" href=\"https:\/\/riegosur.es\/web\/index.php\/pagina-principal\/proyectos\/proyecto-375\/\">\n\t\t\t\t\t\t<span class=\"elementor-button-content-wrapper\">\n\t\t\t\t\t\t\t\t\t<span class=\"elementor-button-text\">ver m\u00e1s<\/span>\n\t\t\t\t\t<\/span>\n\t\t\t\t\t<\/a>\n\t\t\t\t<\/div>\n\t\t\t\t\t\t\t\t<\/div>\n\t\t\t\t<\/div>\n\t\t\t\t<\/div>\n\t\t<div class=\"elementor-element elementor-element-6990b17 e-con-full e-flex e-con e-child\" data-id=\"6990b17\" data-element_type=\"container\">\n\t\t\t\t<div class=\"elementor-element elementor-element-d586181 elementor-widget elementor-widget-text-editor\" data-id=\"d586181\" data-element_type=\"widget\" data-widget_type=\"text-editor.default\">\n\t\t\t\t<div class=\"elementor-widget-container\">\n\t\t\t\t\t\t\t\t\t<h3>Proyecto de obras de abastecimiento a la vega de Granada<\/h3>\t\t\t\t\t\t\t\t<\/div>\n\t\t\t\t<\/div>\n\t\t\t\t<div class=\"elementor-element elementor-element-8987206 elementor-align-left elementor-widget elementor-widget-button\" data-id=\"8987206\" data-element_type=\"widget\" data-widget_type=\"button.default\">\n\t\t\t\t<div class=\"elementor-widget-container\">\n\t\t\t\t\t\t\t\t\t<div class=\"elementor-button-wrapper\">\n\t\t\t\t\t<a class=\"elementor-button elementor-button-link elementor-size-xs\" href=\"https:\/\/riegosur.es\/web\/index.php\/pagina-principal\/proyectos\/proyecto-616\/\">\n\t\t\t\t\t\t<span class=\"elementor-button-content-wrapper\">\n\t\t\t\t\t\t\t\t\t<span class=\"elementor-button-text\">ver m\u00e1s<\/span>\n\t\t\t\t\t<\/span>\n\t\t\t\t\t<\/a>\n\t\t\t\t<\/div>\n\t\t\t\t\t\t\t\t<\/div>\n\t\t\t\t<\/div>\n\t\t\t\t<\/div>\n\t\t\t\t\t<\/div>\n\t\t\t\t<\/div>\n\t\t\t\t\t<\/div>\n\t\t\t\t<\/div>\n\t\t\t\t<\/div>\n\t\t","protected":false},"excerpt":{"rendered":"<p>\u00a0 \u00a0 Proyecto de obra 444 en Parque forestal Los tres jardines Nombre De Proyecto: Parque Forestal Los Tres Jardines. San Pedro De Alc\u00e1ntara, M\u00e1laga Categor\u00eda: Trabajos Forestales Cliente: Delegaci\u00f3n Provincial De M\u00e1laga, Consejer\u00eda De Medio Ambiente Presupuesto: 5.003.478,94 \u20ac Actividad Realizada: Las Obras Mencionadas Consistieron En La Construcci\u00f3n Del Parque Forestal, En Donde Se [&hellip;]<\/p>\n","protected":false},"author":1,"featured_media":0,"parent":5896,"menu_order":0,"comment_status":"closed","ping_status":"closed","template":"page-templates\/template-default.php","meta":{"inline_featured_image":false,"_monsterinsights_skip_tracking":false,"_monsterinsights_sitenote_active":false,"_monsterinsights_sitenote_note":"","_monsterinsights_sitenote_category":0,"footnotes":""},"class_list":["post-5943","page","type-page","status-publish","hentry"],"aioseo_notices":[],"_links":{"self":[{"href":"https:\/\/riegosur.es\/web\/index.php\/wp-json\/wp\/v2\/pages\/5943","targetHints":{"allow":["GET"]}}],"collection":[{"href":"https:\/\/riegosur.es\/web\/index.php\/wp-json\/wp\/v2\/pages"}],"about":[{"href":"https:\/\/riegosur.es\/web\/index.php\/wp-json\/wp\/v2\/types\/page"}],"author":[{"embeddable":true,"href":"https:\/\/riegosur.es\/web\/index.php\/wp-json\/wp\/v2\/users\/1"}],"replies":[{"embeddable":true,"href":"https:\/\/riegosur.es\/web\/index.php\/wp-json\/wp\/v2\/comments?post=5943"}],"version-history":[{"count":29,"href":"https:\/\/riegosur.es\/web\/index.php\/wp-json\/wp\/v2\/pages\/5943\/revisions"}],"predecessor-version":[{"id":6364,"href":"https:\/\/riegosur.es\/web\/index.php\/wp-json\/wp\/v2\/pages\/5943\/revisions\/6364"}],"up":[{"embeddable":true,"href":"https:\/\/riegosur.es\/web\/index.php\/wp-json\/wp\/v2\/pages\/5896"}],"wp:attachment":[{"href":"https:\/\/riegosur.es\/web\/index.php\/wp-json\/wp\/v2\/media?parent=5943"}],"curies":[{"name":"wp","href":"https:\/\/api.w.org\/{rel}","templated":true}]}}