{"id":6130,"date":"2023-12-11T12:54:38","date_gmt":"2023-12-11T10:54:38","guid":{"rendered":"https:\/\/riegosur.es\/web\/index.php\/sobre-nosotros-copy\/"},"modified":"2024-03-18T11:32:13","modified_gmt":"2024-03-18T09:32:13","slug":"aviso-legal","status":"publish","type":"page","link":"https:\/\/riegosur.es\/web\/index.php\/aviso-legal\/","title":{"rendered":"Aviso legal"},"content":{"rendered":"\t\t<div data-elementor-type=\"wp-page\" data-elementor-id=\"6130\" class=\"elementor elementor-6130\">\n\t\t\t\t\t\t<section class=\"elementor-section elementor-top-section elementor-element elementor-element-853a243 elementor-section-boxed elementor-section-height-default elementor-section-height-default\" data-id=\"853a243\" data-element_type=\"section\">\n\t\t\t\t\t\t<div class=\"elementor-container elementor-column-gap-default\">\n\t\t\t\t\t<div class=\"elementor-column elementor-col-100 elementor-top-column elementor-element elementor-element-f6a3038\" data-id=\"f6a3038\" data-element_type=\"column\">\n\t\t\t<div class=\"elementor-widget-wrap\">\n\t\t\t\t\t\t\t<\/div>\n\t\t<\/div>\n\t\t\t\t\t<\/div>\n\t\t<\/section>\n\t\t<div class=\"elementor-element elementor-element-c2e8659 e-flex e-con-boxed e-con e-parent\" data-id=\"c2e8659\" data-element_type=\"container\">\n\t\t\t\t\t<div class=\"e-con-inner\">\n\t\t\t\t\t<\/div>\n\t\t\t\t<\/div>\n\t\t\t\t<section class=\"elementor-section elementor-top-section elementor-element elementor-element-0d5d840 elementor-section-boxed elementor-section-height-default elementor-section-height-default\" data-id=\"0d5d840\" data-element_type=\"section\">\n\t\t\t\t\t\t<div class=\"elementor-container elementor-column-gap-default\">\n\t\t\t\t\t<div class=\"elementor-column elementor-col-100 elementor-top-column elementor-element elementor-element-fb74440\" data-id=\"fb74440\" data-element_type=\"column\">\n\t\t\t<div class=\"elementor-widget-wrap elementor-element-populated\">\n\t\t\t\t\t\t<div class=\"elementor-element elementor-element-90d676b elementor-widget elementor-widget-heading\" data-id=\"90d676b\" data-element_type=\"widget\" data-widget_type=\"heading.default\">\n\t\t\t\t<div class=\"elementor-widget-container\">\n\t\t\t\t\t<h2 class=\"elementor-heading-title elementor-size-default\">Aviso legal, Riegosur S.A.<\/h2>\t\t\t\t<\/div>\n\t\t\t\t<\/div>\n\t\t\t\t\t<\/div>\n\t\t<\/div>\n\t\t\t\t\t<\/div>\n\t\t<\/section>\n\t\t<div class=\"elementor-element elementor-element-6f366ea e-flex e-con-boxed e-con e-parent\" data-id=\"6f366ea\" data-element_type=\"container\">\n\t\t\t\t\t<div class=\"e-con-inner\">\n\t\t\t\t<div class=\"elementor-element elementor-element-1201f91 elementor-widget elementor-widget-text-editor\" data-id=\"1201f91\" data-element_type=\"widget\" data-widget_type=\"text-editor.default\">\n\t\t\t\t<div class=\"elementor-widget-container\">\n\t\t\t\t\t\t\t\t\t<p>El presente aviso legal (en adelante, el \u201cAviso Legal\u201d) regula el uso del servicio del portal de Internet https:\/\/www.riegosur.es\/web (en adelante, la \u201cWeb\u201d) de Riegosur S.A. con domicilio social en Avda. Blas Infante, 6. Edificio Urbis, Planta 9\u00aa, 41011 Sevilla, con CIF A41025776 inscrita en el Registro Mercantil de Sevilla.<\/p><p><strong>Legislaci\u00f3n<\/strong><\/p><p>Con car\u00e1cter general las relaciones entre Riegosur S.A. con los Usuarios de sus servicios telem\u00e1ticos, presentes en la web, se encuentran sometidas a la legislaci\u00f3n y jurisdicci\u00f3n espa\u00f1olas.<br \/>Las partes renuncian expresamente al fuero que les pudiera corresponder y someten expresamente a los Juzgados y Tribunales de Sevilla para resolver cualquier controversia que pueda surgir en la interpretaci\u00f3n o ejecuci\u00f3n de las presentes condiciones contractuales. Por otra parte, siempre que se contrate con consumidores finales la competencia judicial corresponder\u00e1 a los jueces y tribunales del domicilio del usuario.<\/p><p><strong>Contenido y uso<\/strong><\/p><p>El Usuario queda informado, y acepta, que el acceso a la presente web no supone, en modo alguno, el inicio de una relaci\u00f3n comercial con\u00a0Riegosur S.A.<br \/>El titular de la web no se identifica con las opiniones vertidas en el mismo por sus colaboradores. La Empresa se reserva el derecho de efectuar sin previo aviso las modificaciones que considere oportunas en su Web, pudiendo cambiar, suprimir o a\u00f1adir tanto los contenidos y servicios que se presten a trav\u00e9s de la misma como la forma en la que \u00e9stos aparezcan presentados o localizados en sus servidores.<\/p><p><strong>Propiedad intelectual e industrial<\/strong><\/p><p>Los derechos de propiedad intelectual del contenido de las p\u00e1ginas web, su dise\u00f1o gr\u00e1fico y c\u00f3digos son titularidad de Riegosur S.A. y, por tanto, queda prohibida su reproducci\u00f3n, distribuci\u00f3n, comunicaci\u00f3n p\u00fablica, transformaci\u00f3n o cualquier otra actividad que se pueda realizar con los contenidos de sus p\u00e1ginas web ni a\u00fan citando las fuentes, salvo consentimiento por escrito de Riegosur S.A. Todos los nombres comerciales, marcas o signos distintos de cualquier clase contenidos en las p\u00e1ginas web de la Empresa son propiedad de sus due\u00f1os y est\u00e1n protegidos por ley.<\/p><p><strong>Enlaces (links)<\/strong><\/p><p>La presencia de enlaces (links) en las p\u00e1ginas web de Riegosur S.A.\u00a0tiene finalidad meramente informativa y en ning\u00fan caso supone sugerencia, invitaci\u00f3n o recomendaci\u00f3n sobre los mismos.<\/p>\t\t\t\t\t\t\t\t<\/div>\n\t\t\t\t<\/div>\n\t\t\t\t\t<\/div>\n\t\t\t\t<\/div>\n\t\t\t\t<\/div>\n\t\t","protected":false},"excerpt":{"rendered":"<p>Aviso legal, Riegosur S.A. El presente aviso legal (en adelante, el \u201cAviso Legal\u201d) regula el uso del servicio del portal de Internet https:\/\/www.riegosur.es\/web (en adelante, la \u201cWeb\u201d) de Riegosur S.A. con domicilio social en Avda. Blas Infante, 6. Edificio Urbis, Planta 9\u00aa, 41011 Sevilla, con CIF A41025776 inscrita en el Registro Mercantil de Sevilla. Legislaci\u00f3n [&hellip;]<\/p>\n","protected":false},"author":1,"featured_media":0,"parent":0,"menu_order":0,"comment_status":"closed","ping_status":"closed","template":"page-templates\/template-default.php","meta":{"inline_featured_image":false,"_monsterinsights_skip_tracking":false,"_monsterinsights_sitenote_active":false,"_monsterinsights_sitenote_note":"","_monsterinsights_sitenote_category":0,"footnotes":""},"class_list":["post-6130","page","type-page","status-publish","hentry"],"aioseo_notices":[],"_links":{"self":[{"href":"https:\/\/riegosur.es\/web\/index.php\/wp-json\/wp\/v2\/pages\/6130","targetHints":{"allow":["GET"]}}],"collection":[{"href":"https:\/\/riegosur.es\/web\/index.php\/wp-json\/wp\/v2\/pages"}],"about":[{"href":"https:\/\/riegosur.es\/web\/index.php\/wp-json\/wp\/v2\/types\/page"}],"author":[{"embeddable":true,"href":"https:\/\/riegosur.es\/web\/index.php\/wp-json\/wp\/v2\/users\/1"}],"replies":[{"embeddable":true,"href":"https:\/\/riegosur.es\/web\/index.php\/wp-json\/wp\/v2\/comments?post=6130"}],"version-history":[{"count":18,"href":"https:\/\/riegosur.es\/web\/index.php\/wp-json\/wp\/v2\/pages\/6130\/revisions"}],"predecessor-version":[{"id":6527,"href":"https:\/\/riegosur.es\/web\/index.php\/wp-json\/wp\/v2\/pages\/6130\/revisions\/6527"}],"wp:attachment":[{"href":"https:\/\/riegosur.es\/web\/index.php\/wp-json\/wp\/v2\/media?parent=6130"}],"curies":[{"name":"wp","href":"https:\/\/api.w.org\/{rel}","templated":true}]}}