{"id":6172,"date":"2023-12-11T14:55:18","date_gmt":"2023-12-11T12:55:18","guid":{"rendered":"https:\/\/riegosur.es\/web\/index.php\/aviso-legal-copy-copy\/"},"modified":"2024-03-15T12:57:20","modified_gmt":"2024-03-15T10:57:20","slug":"alcance-sig","status":"publish","type":"page","link":"https:\/\/riegosur.es\/web\/index.php\/alcance-sig\/","title":{"rendered":"Alcance del sistema integral de gesti\u00f3n"},"content":{"rendered":"\t\t<div data-elementor-type=\"wp-page\" data-elementor-id=\"6172\" class=\"elementor elementor-6172\">\n\t\t\t\t\t\t<section class=\"elementor-section elementor-top-section elementor-element elementor-element-853a243 elementor-section-boxed elementor-section-height-default elementor-section-height-default\" data-id=\"853a243\" data-element_type=\"section\">\n\t\t\t\t\t\t<div class=\"elementor-container elementor-column-gap-default\">\n\t\t\t\t\t<div class=\"elementor-column elementor-col-100 elementor-top-column elementor-element elementor-element-f6a3038\" data-id=\"f6a3038\" data-element_type=\"column\">\n\t\t\t<div class=\"elementor-widget-wrap\">\n\t\t\t\t\t\t\t<\/div>\n\t\t<\/div>\n\t\t\t\t\t<\/div>\n\t\t<\/section>\n\t\t<div class=\"elementor-element elementor-element-c2e8659 e-flex e-con-boxed e-con e-parent\" data-id=\"c2e8659\" data-element_type=\"container\">\n\t\t\t\t\t<div class=\"e-con-inner\">\n\t\t<div class=\"elementor-element elementor-element-d29123a e-con-full e-flex e-con e-child\" data-id=\"d29123a\" data-element_type=\"container\">\n\t\t<div class=\"elementor-element elementor-element-d02f00d e-flex e-con-boxed e-con e-child\" data-id=\"d02f00d\" data-element_type=\"container\">\n\t\t\t\t\t<div class=\"e-con-inner\">\n\t\t\t\t\t<\/div>\n\t\t\t\t<\/div>\n\t\t<div class=\"elementor-element elementor-element-36fa05b e-flex e-con-boxed e-con e-child\" data-id=\"36fa05b\" data-element_type=\"container\">\n\t\t\t\t\t<div class=\"e-con-inner\">\n\t\t<div class=\"elementor-element elementor-element-65b1c10 e-con-full e-flex e-con e-child\" data-id=\"65b1c10\" data-element_type=\"container\">\n\t\t\t\t<\/div>\n\t\t\t\t\t<\/div>\n\t\t\t\t<\/div>\n\t\t<div class=\"elementor-element elementor-element-2b99084 e-flex e-con-boxed e-con e-child\" data-id=\"2b99084\" data-element_type=\"container\">\n\t\t\t\t\t<div class=\"e-con-inner\">\n\t\t\t\t<div class=\"elementor-element elementor-element-fc20632 elementor-widget elementor-widget-heading\" data-id=\"fc20632\" data-element_type=\"widget\" data-widget_type=\"heading.default\">\n\t\t\t\t<div class=\"elementor-widget-container\">\n\t\t\t\t\t<h2 class=\"elementor-heading-title elementor-size-default\">Alcance del sistema integral de gesti\u00f3n<\/h2>\t\t\t\t<\/div>\n\t\t\t\t<\/div>\n\t\t\t\t\t<\/div>\n\t\t\t\t<\/div>\n\t\t\t\t<\/div>\n\t\t\t\t\t<\/div>\n\t\t\t\t<\/div>\n\t\t<div class=\"elementor-element elementor-element-33badb7 e-flex e-con-boxed e-con e-parent\" data-id=\"33badb7\" data-element_type=\"container\">\n\t\t\t\t\t<div class=\"e-con-inner\">\n\t\t\t\t<div class=\"elementor-element elementor-element-38da24c elementor-widget elementor-widget-text-editor\" data-id=\"38da24c\" data-element_type=\"widget\" data-widget_type=\"text-editor.default\">\n\t\t\t\t<div class=\"elementor-widget-container\">\n\t\t\t\t\t\t\t\t\t<p><\/p>\n<h3>Determinaci\u00f3n del alcance del Sistema Integral de Gesti\u00f3n (SIG)<\/h3>\n<div>\u00a0<\/div>\n<p>El presente Manual de Gesti\u00f3n tiene por objeto describir el Sistema Integral de Gesti\u00f3n de la organizaci\u00f3n, de manera que es conforme a los requisitos de la norma UNE-EN-ISO 9001 \u201cSistemas de Gesti\u00f3n de la Calidad. Requisitos\u201d, de la norma UNE-EN-ISO-14001, \u201cSistemas de Gesti\u00f3n Medioambiental. Especificaciones y directrices para su utilizaci\u00f3n\u201d y UNE-EN-ISO 45001 \u201cSeguridad y Salud Laboral\u201d.<\/p>\n<p>El domicilio social de la organizaci\u00f3n est\u00e1 fijado en Sevilla, en la Avda. Blas Infante, n\u00ba 6 (Edificio Urbis) Pl. 9\u00aa y su actividad se extiende principalmente por la Comunidad Aut\u00f3noma Andaluza, aunque tambi\u00e9n pueden ejecutarse obras en cualquier punto del territorio nacional.<\/p>\n<p>La organizaci\u00f3n no posee exclusiones aplicables a la NORMA UNE-EN-ISO 9001, UNE-EN-ISO 14001 y UNE-EN-ISO 45001<\/p>\n<p>El Manual de Gesti\u00f3n constituye el documento b\u00e1sico del SIG y su prop\u00f3sito fundamental es establecer y describir el SIG, de modo que sirva como referencia permanente durante su implantaci\u00f3n y durante su aplicaci\u00f3n.<\/p>\n<p>El SIG, en funci\u00f3n de la organizaci\u00f3n, es de aplicaci\u00f3n al \u00e1mbito nacional y a las siguientes actividades que realizan:<\/p>\n<ul>\n<li>La gesti\u00f3n y ejecuci\u00f3n de obras forestales y jardiner\u00eda<\/li>\n<li>La gesti\u00f3n y ejecuci\u00f3n de obras civiles e hidr\u00e1ulicas:<\/li>\n<\/ul>\n<p>\u00b7 Movimientos de tierras y perforaciones, pozos (desmontes y vaciados, explanaciones).<\/p>\n<p>\u00b7 Grandes estructuras (de f\u00e1brica u hormig\u00f3n en masa, de hormig\u00f3n armado, de hormig\u00f3n pretensado, met\u00e1licos).<\/p>\n<p>\u00b7 Hidr\u00e1ulicas (abastecimiento y saneamiento, canales, acequias y desag\u00fces, defensas de m\u00e1rgenes y encauzamiento, conducciones con tuber\u00eda, de presi\u00f3n de gran di\u00e1metro y obras hidr\u00e1ulicas sin cualificaci\u00f3n espec\u00edfica).<\/p>\n<p>\u00b7 Instalaciones mec\u00e1nicas (fontaner\u00eda y sanitarias, instalaciones mec\u00e1nicas sin cualificaci\u00f3n espec\u00edfica).<\/p>\n<p>\u00b7 Especiales (estaciones de tratamiento de aguas).<\/p>\n<p>\u00b7 Servicios de conservaci\u00f3n y mantenimiento de redes de agua y alcantarillado.<\/p>\n<p>\u00b7 Servicios de conservaci\u00f3n y mantenimiento de estaciones depuradoras.<\/p>\n<p><\/p>\t\t\t\t\t\t\t\t<\/div>\n\t\t\t\t<\/div>\n\t\t\t\t\t<\/div>\n\t\t\t\t<\/div>\n\t\t<div class=\"elementor-element elementor-element-6b91aa5 e-flex e-con-boxed e-con e-parent\" data-id=\"6b91aa5\" data-element_type=\"container\">\n\t\t\t\t\t<div class=\"e-con-inner\">\n\t\t<div class=\"elementor-element elementor-element-792999c e-flex e-con-boxed e-con e-child\" data-id=\"792999c\" data-element_type=\"container\">\n\t\t\t\t\t<div class=\"e-con-inner\">\n\t\t\t\t\t<\/div>\n\t\t\t\t<\/div>\n\t\t\t\t\t<\/div>\n\t\t\t\t<\/div>\n\t\t\t\t<\/div>\n\t\t","protected":false},"excerpt":{"rendered":"<p>Alcance del sistema integral de gesti\u00f3n Determinaci\u00f3n del alcance del Sistema Integral de Gesti\u00f3n (SIG) \u00a0 El presente Manual de Gesti\u00f3n tiene por objeto describir el Sistema Integral de Gesti\u00f3n de la organizaci\u00f3n, de manera que es conforme a los requisitos de la norma UNE-EN-ISO 9001 \u201cSistemas de Gesti\u00f3n de la Calidad. Requisitos\u201d, de la [&hellip;]<\/p>\n","protected":false},"author":1,"featured_media":0,"parent":0,"menu_order":0,"comment_status":"closed","ping_status":"closed","template":"page-templates\/template-default.php","meta":{"inline_featured_image":false,"_monsterinsights_skip_tracking":false,"_monsterinsights_sitenote_active":false,"_monsterinsights_sitenote_note":"","_monsterinsights_sitenote_category":0,"footnotes":""},"class_list":["post-6172","page","type-page","status-publish","hentry"],"aioseo_notices":[],"_links":{"self":[{"href":"https:\/\/riegosur.es\/web\/index.php\/wp-json\/wp\/v2\/pages\/6172","targetHints":{"allow":["GET"]}}],"collection":[{"href":"https:\/\/riegosur.es\/web\/index.php\/wp-json\/wp\/v2\/pages"}],"about":[{"href":"https:\/\/riegosur.es\/web\/index.php\/wp-json\/wp\/v2\/types\/page"}],"author":[{"embeddable":true,"href":"https:\/\/riegosur.es\/web\/index.php\/wp-json\/wp\/v2\/users\/1"}],"replies":[{"embeddable":true,"href":"https:\/\/riegosur.es\/web\/index.php\/wp-json\/wp\/v2\/comments?post=6172"}],"version-history":[{"count":21,"href":"https:\/\/riegosur.es\/web\/index.php\/wp-json\/wp\/v2\/pages\/6172\/revisions"}],"predecessor-version":[{"id":6515,"href":"https:\/\/riegosur.es\/web\/index.php\/wp-json\/wp\/v2\/pages\/6172\/revisions\/6515"}],"wp:attachment":[{"href":"https:\/\/riegosur.es\/web\/index.php\/wp-json\/wp\/v2\/media?parent=6172"}],"curies":[{"name":"wp","href":"https:\/\/api.w.org\/{rel}","templated":true}]}}