{"id":6180,"date":"2023-12-11T14:58:07","date_gmt":"2023-12-11T12:58:07","guid":{"rendered":"https:\/\/riegosur.es\/web\/index.php\/aviso-legal-copy-copy-copy\/"},"modified":"2024-03-18T12:10:43","modified_gmt":"2024-03-18T10:10:43","slug":"desempeno-ambiental-org","status":"publish","type":"page","link":"https:\/\/riegosur.es\/web\/index.php\/desempeno-ambiental-org\/","title":{"rendered":"Desempe\u00f1o ambiental de la organizaci\u00f3n"},"content":{"rendered":"\t\t<div data-elementor-type=\"wp-page\" data-elementor-id=\"6180\" class=\"elementor elementor-6180\">\n\t\t\t\t\t\t<section class=\"elementor-section elementor-top-section elementor-element elementor-element-853a243 elementor-section-boxed elementor-section-height-default elementor-section-height-default\" data-id=\"853a243\" data-element_type=\"section\">\n\t\t\t\t\t\t<div class=\"elementor-container elementor-column-gap-default\">\n\t\t\t\t\t<div class=\"elementor-column elementor-col-100 elementor-top-column elementor-element elementor-element-f6a3038\" data-id=\"f6a3038\" data-element_type=\"column\">\n\t\t\t<div class=\"elementor-widget-wrap\">\n\t\t\t\t\t\t\t<\/div>\n\t\t<\/div>\n\t\t\t\t\t<\/div>\n\t\t<\/section>\n\t\t<div class=\"elementor-element elementor-element-c2e8659 e-flex e-con-boxed e-con e-parent\" data-id=\"c2e8659\" data-element_type=\"container\">\n\t\t\t\t\t<div class=\"e-con-inner\">\n\t\t<div class=\"elementor-element elementor-element-d29123a e-con-full e-flex e-con e-child\" data-id=\"d29123a\" data-element_type=\"container\">\n\t\t<div class=\"elementor-element elementor-element-d02f00d e-flex e-con-boxed e-con e-child\" data-id=\"d02f00d\" data-element_type=\"container\">\n\t\t\t\t\t<div class=\"e-con-inner\">\n\t\t\t\t\t<\/div>\n\t\t\t\t<\/div>\n\t\t<div class=\"elementor-element elementor-element-36fa05b e-flex e-con-boxed e-con e-child\" data-id=\"36fa05b\" data-element_type=\"container\">\n\t\t\t\t\t<div class=\"e-con-inner\">\n\t\t<div class=\"elementor-element elementor-element-65b1c10 e-con-full e-flex e-con e-child\" data-id=\"65b1c10\" data-element_type=\"container\">\n\t\t\t\t<\/div>\n\t\t\t\t\t<\/div>\n\t\t\t\t<\/div>\n\t\t<div class=\"elementor-element elementor-element-2b99084 e-flex e-con-boxed e-con e-child\" data-id=\"2b99084\" data-element_type=\"container\">\n\t\t\t\t\t<div class=\"e-con-inner\">\n\t\t\t\t<div class=\"elementor-element elementor-element-fc20632 elementor-widget elementor-widget-heading\" data-id=\"fc20632\" data-element_type=\"widget\" data-widget_type=\"heading.default\">\n\t\t\t\t<div class=\"elementor-widget-container\">\n\t\t\t\t\t<h2 class=\"elementor-heading-title elementor-size-default\">Desempe\u00f1o Ambiental de la Organizaci\u00f3n<\/h2>\t\t\t\t<\/div>\n\t\t\t\t<\/div>\n\t\t\t\t\t<\/div>\n\t\t\t\t<\/div>\n\t\t\t\t<\/div>\n\t\t\t\t\t<\/div>\n\t\t\t\t<\/div>\n\t\t<div class=\"elementor-element elementor-element-33badb7 e-flex e-con-boxed e-con e-parent\" data-id=\"33badb7\" data-element_type=\"container\">\n\t\t\t\t\t<div class=\"e-con-inner\">\n\t\t\t\t<div class=\"elementor-element elementor-element-586fa08 elementor-widget elementor-widget-text-editor\" data-id=\"586fa08\" data-element_type=\"widget\" data-widget_type=\"text-editor.default\">\n\t\t\t\t<div class=\"elementor-widget-container\">\n\t\t\t\t\t\t\t\t\t<p><\/p>\n<p align=\"justify\"><strong>EJERCICIO 2023<\/strong><\/p>\n<p>Se tiene implantada la revisi\u00f3n de la Evaluaci\u00f3n de Impacto Ambiental en obra cada seis meses, con el fin de tenerla actualizada y adecuada a la planificaci\u00f3n de la obra en todo momento. Se ha aumentado la flota de coches h\u00edbridos y renovaci\u00f3n de furgonetas antiguas por nuevas con sistema ad-blue.<\/p>\n<p>En el estudio de los resultados de los indicadores y sus conclusiones se describen m\u00e1s en detalle en el apartado 15 Revisi\u00f3n del Sistema de Gesti\u00f3n Medioambiental.<\/p>\n<p><strong>Residuos de Papel y Residuos Peligrosos RP\u00b4s<\/strong><\/p>\n<ul>\n<li><strong>Porcentaje m\u00ednimo de papel reciclado:<\/strong> Durante el 2022 se ha conseguido valores satisfactorios. No se han considerado los valores como consecuencia de la eliminaci\u00f3n de documentos de administraci\u00f3n y obras de a\u00f1os anteriores. El rendimiento de RIEGOSUR est\u00e1 un 0,83% por encima del l\u00edmite, el resultado se considera favorable. El porcentaje medio de papel reciclado es SATISFACTORIO con un resultado de 95,12% (Lim: 88,55%).<\/li>\n<\/ul>\n<p><img fetchpriority=\"high\" decoding=\"async\" class=\"aligncenter wp-image-6543 size-full\" src=\"https:\/\/riegosur.es\/web\/wp-content\/uploads\/2024\/03\/Captura1.png\" alt=\"\" width=\"912\" height=\"454\" srcset=\"https:\/\/riegosur.es\/web\/wp-content\/uploads\/2024\/03\/Captura1.png 912w, https:\/\/riegosur.es\/web\/wp-content\/uploads\/2024\/03\/Captura1-300x149.png 300w, https:\/\/riegosur.es\/web\/wp-content\/uploads\/2024\/03\/Captura1-768x382.png 768w\" sizes=\"(max-width: 912px) 100vw, 912px\" \/><\/p>\n<ul>\n<li><strong>Kilos de RP\u00b4s gestionado Anualmente:<\/strong> El aumento significativo ha provenido de los residuos generados en la obra de PALENCIANA. En el que durante la ejecuci\u00f3n de la agrupaci\u00f3n de vertidos se ocasion\u00f3 una rotura de un manguito de la maq. que produjo un gran vertido el vial. Pese al resultado el ejercicio lo valoramos como SATISFACTORIO.<\/li>\n<\/ul>\n<p><img decoding=\"async\" class=\"aligncenter wp-image-6544 size-full\" src=\"https:\/\/riegosur.es\/web\/wp-content\/uploads\/2024\/03\/Captura2.png\" alt=\"\" width=\"823\" height=\"88\" srcset=\"https:\/\/riegosur.es\/web\/wp-content\/uploads\/2024\/03\/Captura2.png 823w, https:\/\/riegosur.es\/web\/wp-content\/uploads\/2024\/03\/Captura2-300x32.png 300w, https:\/\/riegosur.es\/web\/wp-content\/uploads\/2024\/03\/Captura2-768x82.png 768w\" sizes=\"(max-width: 823px) 100vw, 823px\" \/><img decoding=\"async\" class=\"aligncenter wp-image-6546 size-full\" src=\"https:\/\/riegosur.es\/web\/wp-content\/uploads\/2024\/03\/Capturaaa.png\" alt=\"\" width=\"825\" height=\"33\" srcset=\"https:\/\/riegosur.es\/web\/wp-content\/uploads\/2024\/03\/Capturaaa.png 825w, https:\/\/riegosur.es\/web\/wp-content\/uploads\/2024\/03\/Capturaaa-300x12.png 300w, https:\/\/riegosur.es\/web\/wp-content\/uploads\/2024\/03\/Capturaaa-768x31.png 768w\" sizes=\"(max-width: 825px) 100vw, 825px\" \/><\/p>\n<p><img loading=\"lazy\" decoding=\"async\" class=\"aligncenter wp-image-6547 size-full\" src=\"https:\/\/riegosur.es\/web\/wp-content\/uploads\/2024\/03\/Capturaa.png\" alt=\"\" width=\"911\" height=\"340\" srcset=\"https:\/\/riegosur.es\/web\/wp-content\/uploads\/2024\/03\/Capturaa.png 911w, https:\/\/riegosur.es\/web\/wp-content\/uploads\/2024\/03\/Capturaa-300x112.png 300w, https:\/\/riegosur.es\/web\/wp-content\/uploads\/2024\/03\/Capturaa-768x287.png 768w\" sizes=\"(max-width: 911px) 100vw, 911px\" \/><\/p>\n<p><strong>Consumo E\u00aa El\u00e9ctrica y Consumo Combustible<\/strong><\/p>\n<ul>\n<li><strong>Consumo de E\u00aa El\u00e9ctrica entre empleado<\/strong>: Durante el 2022, se ha conseguido un resultado satisfactorio. RIEGOSUR ha aumentado la relaci\u00f3n de consumo y empleados debido a la reducci\u00f3n de la oficina y el aumento de personal. Se considera SATISFACTORIO.<\/li>\n<\/ul>\n<p><img loading=\"lazy\" decoding=\"async\" class=\"aligncenter wp-image-6548\" src=\"https:\/\/riegosur.es\/web\/wp-content\/uploads\/2024\/03\/Captura4.png\" alt=\"\" width=\"911\" height=\"425\" srcset=\"https:\/\/riegosur.es\/web\/wp-content\/uploads\/2024\/03\/Captura4.png 833w, https:\/\/riegosur.es\/web\/wp-content\/uploads\/2024\/03\/Captura4-300x140.png 300w, https:\/\/riegosur.es\/web\/wp-content\/uploads\/2024\/03\/Captura4-768x359.png 768w\" sizes=\"(max-width: 911px) 100vw, 911px\" \/><\/p>\n<ul>\n<li><strong>Consumo Combustible:<\/strong> Se ha pasado a un consumo de 7,10 a 7,60 l\/km, que es 0,50 l\/km m\u00e1s que el ejercicio anterior. Han aumentado los consumos y el n\u00ba de veh\u00edculos. El resultado es satisfactorio, para el ejercicio 2022 pues, aunque ha habido un peque\u00f1o repunte de consumo (l\/km), los valores se encuentran por debajo del l\u00edmite establecido.<\/li>\n<\/ul>\n<p><img loading=\"lazy\" decoding=\"async\" class=\"aligncenter wp-image-6549 size-full\" src=\"https:\/\/riegosur.es\/web\/wp-content\/uploads\/2024\/03\/Captura5.png\" alt=\"\" width=\"832\" height=\"109\" srcset=\"https:\/\/riegosur.es\/web\/wp-content\/uploads\/2024\/03\/Captura5.png 832w, https:\/\/riegosur.es\/web\/wp-content\/uploads\/2024\/03\/Captura5-300x39.png 300w, https:\/\/riegosur.es\/web\/wp-content\/uploads\/2024\/03\/Captura5-768x101.png 768w\" sizes=\"(max-width: 832px) 100vw, 832px\" \/><img loading=\"lazy\" decoding=\"async\" class=\"aligncenter wp-image-6550\" src=\"https:\/\/riegosur.es\/web\/wp-content\/uploads\/2024\/03\/Captura6.png\" alt=\"\" width=\"911\" height=\"305\" srcset=\"https:\/\/riegosur.es\/web\/wp-content\/uploads\/2024\/03\/Captura6.png 853w, https:\/\/riegosur.es\/web\/wp-content\/uploads\/2024\/03\/Captura6-300x101.png 300w, https:\/\/riegosur.es\/web\/wp-content\/uploads\/2024\/03\/Captura6-768x258.png 768w\" sizes=\"(max-width: 911px) 100vw, 911px\" \/><\/p>\n<p><\/p>\t\t\t\t\t\t\t\t<\/div>\n\t\t\t\t<\/div>\n\t\t\t\t\t<\/div>\n\t\t\t\t<\/div>\n\t\t\t\t<\/div>\n\t\t","protected":false},"excerpt":{"rendered":"<p>Desempe\u00f1o Ambiental de la Organizaci\u00f3n EJERCICIO 2023 Se tiene implantada la revisi\u00f3n de la Evaluaci\u00f3n de Impacto Ambiental en obra cada seis meses, con el fin de tenerla actualizada y adecuada a la planificaci\u00f3n de la obra en todo momento. Se ha aumentado la flota de coches h\u00edbridos y renovaci\u00f3n de furgonetas antiguas por nuevas [&hellip;]<\/p>\n","protected":false},"author":1,"featured_media":0,"parent":0,"menu_order":0,"comment_status":"closed","ping_status":"closed","template":"page-templates\/template-default.php","meta":{"inline_featured_image":false,"_monsterinsights_skip_tracking":false,"_monsterinsights_sitenote_active":false,"_monsterinsights_sitenote_note":"","_monsterinsights_sitenote_category":0,"footnotes":""},"class_list":["post-6180","page","type-page","status-publish","hentry"],"aioseo_notices":[],"_links":{"self":[{"href":"https:\/\/riegosur.es\/web\/index.php\/wp-json\/wp\/v2\/pages\/6180","targetHints":{"allow":["GET"]}}],"collection":[{"href":"https:\/\/riegosur.es\/web\/index.php\/wp-json\/wp\/v2\/pages"}],"about":[{"href":"https:\/\/riegosur.es\/web\/index.php\/wp-json\/wp\/v2\/types\/page"}],"author":[{"embeddable":true,"href":"https:\/\/riegosur.es\/web\/index.php\/wp-json\/wp\/v2\/users\/1"}],"replies":[{"embeddable":true,"href":"https:\/\/riegosur.es\/web\/index.php\/wp-json\/wp\/v2\/comments?post=6180"}],"version-history":[{"count":17,"href":"https:\/\/riegosur.es\/web\/index.php\/wp-json\/wp\/v2\/pages\/6180\/revisions"}],"predecessor-version":[{"id":6556,"href":"https:\/\/riegosur.es\/web\/index.php\/wp-json\/wp\/v2\/pages\/6180\/revisions\/6556"}],"wp:attachment":[{"href":"https:\/\/riegosur.es\/web\/index.php\/wp-json\/wp\/v2\/media?parent=6180"}],"curies":[{"name":"wp","href":"https:\/\/api.w.org\/{rel}","templated":true}]}}