{"id":6377,"date":"2023-12-14T10:42:47","date_gmt":"2023-12-14T08:42:47","guid":{"rendered":"https:\/\/riegosur.es\/web\/index.php\/pagina-principal-copy-2\/"},"modified":"2023-12-14T13:44:23","modified_gmt":"2023-12-14T11:44:23","slug":"proyectos","status":"publish","type":"page","link":"https:\/\/riegosur.es\/web\/index.php\/proyectos\/","title":{"rendered":"proyectos"},"content":{"rendered":"\t\t<div data-elementor-type=\"wp-page\" data-elementor-id=\"6377\" class=\"elementor elementor-6377\">\n\t\t\t\t\t\t<section class=\"elementor-section elementor-top-section elementor-element elementor-element-24cecc0 elementor-section-full_width elementor-section-height-default elementor-section-height-default\" data-id=\"24cecc0\" data-element_type=\"section\">\n\t\t\t\t\t\t<div class=\"elementor-container elementor-column-gap-no\">\n\t\t\t\t\t<div class=\"elementor-column elementor-col-100 elementor-top-column elementor-element elementor-element-ab63d65\" data-id=\"ab63d65\" data-element_type=\"column\">\n\t\t\t<div class=\"elementor-widget-wrap\">\n\t\t\t\t\t\t\t<\/div>\n\t\t<\/div>\n\t\t\t\t\t<\/div>\n\t\t<\/section>\n\t\t\t\t<section class=\"elementor-section elementor-top-section elementor-element elementor-element-54241f8 elementor-section-full_width elementor-section-content-middle elementor-section-height-default elementor-section-height-default\" data-id=\"54241f8\" data-element_type=\"section\">\n\t\t\t\t\t\t<div class=\"elementor-container elementor-column-gap-no\">\n\t\t\t\t\t<div class=\"elementor-column elementor-col-100 elementor-top-column elementor-element elementor-element-9bff76a\" data-id=\"9bff76a\" data-element_type=\"column\">\n\t\t\t<div class=\"elementor-widget-wrap\">\n\t\t\t\t\t\t\t<\/div>\n\t\t<\/div>\n\t\t\t\t\t<\/div>\n\t\t<\/section>\n\t\t\t\t<section class=\"elementor-section elementor-top-section elementor-element elementor-element-2ff7626 elementor-section-full_width case elementor-section-height-default elementor-section-height-default\" data-id=\"2ff7626\" data-element_type=\"section\" data-settings=\"{&quot;background_background&quot;:&quot;classic&quot;}\">\n\t\t\t\t\t\t<div class=\"elementor-container elementor-column-gap-no\">\n\t\t\t\t\t<div class=\"elementor-column elementor-col-100 elementor-top-column elementor-element elementor-element-be04e52\" data-id=\"be04e52\" data-element_type=\"column\">\n\t\t\t<div class=\"elementor-widget-wrap elementor-element-populated\">\n\t\t\t\t<div class=\"elementor-element elementor-element-bc986e8 e-flex e-con-boxed e-con e-parent\" data-id=\"bc986e8\" data-element_type=\"container\">\n\t\t\t\t\t<div class=\"e-con-inner\">\n\t\t\t\t\t<\/div>\n\t\t\t\t<\/div>\n\t\t\t\t<section class=\"elementor-section elementor-inner-section elementor-element elementor-element-77f2ccd elementor-section-full_width elementor-section-height-default elementor-section-height-default\" data-id=\"77f2ccd\" data-element_type=\"section\">\n\t\t\t\t\t\t<div class=\"elementor-container elementor-column-gap-no\">\n\t\t\t\t\t<div class=\"elementor-column elementor-col-50 elementor-inner-column elementor-element elementor-element-1c47bf7\" data-id=\"1c47bf7\" data-element_type=\"column\">\n\t\t\t<div class=\"elementor-widget-wrap elementor-element-populated\">\n\t\t\t\t\t\t<div class=\"elementor-element elementor-element-6f0b386 elementor-widget elementor-widget-sectiontitle\" data-id=\"6f0b386\" data-element_type=\"widget\" data-widget_type=\"sectiontitle.default\">\n\t\t\t\t<div class=\"elementor-widget-container\">\n\t\t\t\t\t\r\n\t\t\t\t<div class=\"\">\r\n\r\n\t\t\t<div class=\"section-title t_left\">\r\n                 \r\n                        <h5>proyectos<\/h5>\r\n                \t\t\t\t\r\n\t\t\t\t  \r\n                       <h3>Algunos<\/h3>\r\n                \t\t\t\t\r\n\t\t\t\t  \r\n                       <h2>de nuestros proyectos.<span><\/span><\/h2>\r\n                \t\t\t\t<div class=\"bar-main\">\r\n\t\t\t\t\t<div class=\"bar bar-big\"><\/div>\r\n\t\t\t\t<\/div>\r\n\t\t\t\t\r\n                \t\t\t\t\r\n\r\n\t\t\t\t\r\n\t\t\t<\/div>\t\r\n\r\n\t\t<\/div>\r\n\r\n\t\t\r\n\t\t\t\t\t\t<\/div>\n\t\t\t\t<\/div>\n\t\t\t\t\t<\/div>\n\t\t<\/div>\n\t\t\t\t<div class=\"elementor-column elementor-col-50 elementor-inner-column elementor-element elementor-element-6438361\" data-id=\"6438361\" data-element_type=\"column\">\n\t\t\t<div class=\"elementor-widget-wrap elementor-element-populated\">\n\t\t\t\t<div class=\"elementor-element elementor-element-6d9d828 e-flex e-con-boxed e-con e-parent\" data-id=\"6d9d828\" data-element_type=\"container\">\n\t\t\t\t\t<div class=\"e-con-inner\">\n\t\t<div class=\"elementor-element elementor-element-5172226 e-con-full e-flex e-con e-child\" data-id=\"5172226\" data-element_type=\"container\">\n\t\t\t\t<div class=\"elementor-element elementor-element-7b05208 elementor-widget elementor-widget-text-editor\" data-id=\"7b05208\" data-element_type=\"widget\" data-widget_type=\"text-editor.default\">\n\t\t\t\t<div class=\"elementor-widget-container\">\n\t\t\t\t\t\t\t\t\t<h3>Proyecto para la mejora de abastecimiento de agua potable en Ja\u00e9n<\/h3>\t\t\t\t\t\t\t\t<\/div>\n\t\t\t\t<\/div>\n\t\t\t\t<div class=\"elementor-element elementor-element-45cc2cd elementor-align-left elementor-widget elementor-widget-button\" data-id=\"45cc2cd\" data-element_type=\"widget\" data-widget_type=\"button.default\">\n\t\t\t\t<div class=\"elementor-widget-container\">\n\t\t\t\t\t\t\t\t\t<div class=\"elementor-button-wrapper\">\n\t\t\t\t\t<a class=\"elementor-button elementor-button-link elementor-size-xs\" href=\"https:\/\/riegosur.es\/web\/index.php\/pagina-principal\/proyectos\/proyecto-631\/\">\n\t\t\t\t\t\t<span class=\"elementor-button-content-wrapper\">\n\t\t\t\t\t\t\t\t\t<span class=\"elementor-button-text\">ver m\u00e1s<\/span>\n\t\t\t\t\t<\/span>\n\t\t\t\t\t<\/a>\n\t\t\t\t<\/div>\n\t\t\t\t\t\t\t\t<\/div>\n\t\t\t\t<\/div>\n\t\t\t\t<\/div>\n\t\t<div class=\"elementor-element elementor-element-400cfaf e-con-full e-flex e-con e-child\" data-id=\"400cfaf\" data-element_type=\"container\">\n\t\t\t\t<div class=\"elementor-element elementor-element-f623ede elementor-widget elementor-widget-text-editor\" data-id=\"f623ede\" data-element_type=\"widget\" data-widget_type=\"text-editor.default\">\n\t\t\t\t<div class=\"elementor-widget-container\">\n\t\t\t\t\t\t\t\t\t<h3>Proyecto de obras de emergencia para la adecuaci\u00f3n de presas<\/h3>\t\t\t\t\t\t\t\t<\/div>\n\t\t\t\t<\/div>\n\t\t\t\t<div class=\"elementor-element elementor-element-0acaad7 elementor-align-left elementor-widget elementor-widget-button\" data-id=\"0acaad7\" data-element_type=\"widget\" data-widget_type=\"button.default\">\n\t\t\t\t<div class=\"elementor-widget-container\">\n\t\t\t\t\t\t\t\t\t<div class=\"elementor-button-wrapper\">\n\t\t\t\t\t<a class=\"elementor-button elementor-button-link elementor-size-xs\" href=\"https:\/\/riegosur.es\/web\/index.php\/pagina-principal\/proyectos\/proyecto-662\/\">\n\t\t\t\t\t\t<span class=\"elementor-button-content-wrapper\">\n\t\t\t\t\t\t\t\t\t<span class=\"elementor-button-text\">ver m\u00e1s<\/span>\n\t\t\t\t\t<\/span>\n\t\t\t\t\t<\/a>\n\t\t\t\t<\/div>\n\t\t\t\t\t\t\t\t<\/div>\n\t\t\t\t<\/div>\n\t\t\t\t<\/div>\n\t\t<div class=\"elementor-element elementor-element-6515493 e-con-full e-flex e-con e-child\" data-id=\"6515493\" data-element_type=\"container\">\n\t\t\t\t<div class=\"elementor-element elementor-element-f863832 elementor-widget elementor-widget-text-editor\" data-id=\"f863832\" data-element_type=\"widget\" data-widget_type=\"text-editor.default\">\n\t\t\t\t<div class=\"elementor-widget-container\">\n\t\t\t\t\t\t\t\t\t<h3>Proyecto de modificaci\u00f3n del proyecto de modernizaci\u00f3n de regad\u00edos del Guadalquivir<\/h3>\t\t\t\t\t\t\t\t<\/div>\n\t\t\t\t<\/div>\n\t\t\t\t<div class=\"elementor-element elementor-element-7c2ff5c elementor-align-left elementor-widget elementor-widget-button\" data-id=\"7c2ff5c\" data-element_type=\"widget\" data-widget_type=\"button.default\">\n\t\t\t\t<div class=\"elementor-widget-container\">\n\t\t\t\t\t\t\t\t\t<div class=\"elementor-button-wrapper\">\n\t\t\t\t\t<a class=\"elementor-button elementor-button-link elementor-size-xs\" href=\"https:\/\/riegosur.es\/web\/index.php\/pagina-principal\/proyectos\/proyecto-658\/\">\n\t\t\t\t\t\t<span class=\"elementor-button-content-wrapper\">\n\t\t\t\t\t\t\t\t\t<span class=\"elementor-button-text\">ver m\u00e1s<\/span>\n\t\t\t\t\t<\/span>\n\t\t\t\t\t<\/a>\n\t\t\t\t<\/div>\n\t\t\t\t\t\t\t\t<\/div>\n\t\t\t\t<\/div>\n\t\t\t\t<\/div>\n\t\t<div class=\"elementor-element elementor-element-cd37de9 e-con-full e-flex e-con e-child\" data-id=\"cd37de9\" data-element_type=\"container\">\n\t\t\t\t<div class=\"elementor-element elementor-element-c72b68e elementor-widget elementor-widget-text-editor\" data-id=\"c72b68e\" data-element_type=\"widget\" data-widget_type=\"text-editor.default\">\n\t\t\t\t<div class=\"elementor-widget-container\">\n\t\t\t\t\t\t\t\t\t<h3>Proyecto de construcci\u00f3n del parque forestal Los Tres Jardines\u00a0<\/h3><div>\u00a0<\/div>\t\t\t\t\t\t\t\t<\/div>\n\t\t\t\t<\/div>\n\t\t\t\t<div class=\"elementor-element elementor-element-a6b53f5 elementor-align-left elementor-widget elementor-widget-button\" data-id=\"a6b53f5\" data-element_type=\"widget\" data-widget_type=\"button.default\">\n\t\t\t\t<div class=\"elementor-widget-container\">\n\t\t\t\t\t\t\t\t\t<div class=\"elementor-button-wrapper\">\n\t\t\t\t\t<a class=\"elementor-button elementor-button-link elementor-size-xs\" href=\"https:\/\/riegosur.es\/web\/index.php\/pagina-principal\/proyectos\/proyecto-444\/\">\n\t\t\t\t\t\t<span class=\"elementor-button-content-wrapper\">\n\t\t\t\t\t\t\t\t\t<span class=\"elementor-button-text\">ver m\u00e1s<\/span>\n\t\t\t\t\t<\/span>\n\t\t\t\t\t<\/a>\n\t\t\t\t<\/div>\n\t\t\t\t\t\t\t\t<\/div>\n\t\t\t\t<\/div>\n\t\t\t\t<\/div>\n\t\t<div class=\"elementor-element elementor-element-93b747e e-flex e-con-boxed e-con e-child\" data-id=\"93b747e\" data-element_type=\"container\">\n\t\t\t\t\t<div class=\"e-con-inner\">\n\t\t<div class=\"elementor-element elementor-element-4356982 e-con-full e-flex e-con e-child\" data-id=\"4356982\" data-element_type=\"container\">\n\t\t\t\t<div class=\"elementor-element elementor-element-0dbaf3b elementor-widget elementor-widget-text-editor\" data-id=\"0dbaf3b\" data-element_type=\"widget\" data-widget_type=\"text-editor.default\">\n\t\t\t\t<div class=\"elementor-widget-container\">\n\t\t\t\t\t\t\t\t\t<h3>Proyecto para la reparaci\u00f3n de da\u00f1os motivados por inundaciones<\/h3>\t\t\t\t\t\t\t\t<\/div>\n\t\t\t\t<\/div>\n\t\t\t\t<div class=\"elementor-element elementor-element-7683d87 elementor-align-left elementor-widget elementor-widget-button\" data-id=\"7683d87\" data-element_type=\"widget\" data-widget_type=\"button.default\">\n\t\t\t\t<div class=\"elementor-widget-container\">\n\t\t\t\t\t\t\t\t\t<div class=\"elementor-button-wrapper\">\n\t\t\t\t\t<a class=\"elementor-button elementor-button-link elementor-size-xs\" href=\"https:\/\/riegosur.es\/web\/index.php\/pagina-principal\/proyectos\/proyecto-375\/\">\n\t\t\t\t\t\t<span class=\"elementor-button-content-wrapper\">\n\t\t\t\t\t\t\t\t\t<span class=\"elementor-button-text\">ver m\u00e1s<\/span>\n\t\t\t\t\t<\/span>\n\t\t\t\t\t<\/a>\n\t\t\t\t<\/div>\n\t\t\t\t\t\t\t\t<\/div>\n\t\t\t\t<\/div>\n\t\t\t\t<\/div>\n\t\t<div class=\"elementor-element elementor-element-f331ef1 e-con-full e-flex e-con e-child\" data-id=\"f331ef1\" data-element_type=\"container\">\n\t\t\t\t<div class=\"elementor-element elementor-element-f6df44e elementor-widget elementor-widget-text-editor\" data-id=\"f6df44e\" data-element_type=\"widget\" data-widget_type=\"text-editor.default\">\n\t\t\t\t<div class=\"elementor-widget-container\">\n\t\t\t\t\t\t\t\t\t<h3>Proyecto de obras de abastecimiento a la vega de Granada<\/h3>\t\t\t\t\t\t\t\t<\/div>\n\t\t\t\t<\/div>\n\t\t\t\t<div class=\"elementor-element elementor-element-4cd4469 elementor-align-left elementor-widget elementor-widget-button\" data-id=\"4cd4469\" data-element_type=\"widget\" data-widget_type=\"button.default\">\n\t\t\t\t<div class=\"elementor-widget-container\">\n\t\t\t\t\t\t\t\t\t<div class=\"elementor-button-wrapper\">\n\t\t\t\t\t<a class=\"elementor-button elementor-button-link elementor-size-xs\" href=\"https:\/\/riegosur.es\/web\/index.php\/pagina-principal\/proyectos\/proyecto-616\/\">\n\t\t\t\t\t\t<span class=\"elementor-button-content-wrapper\">\n\t\t\t\t\t\t\t\t\t<span class=\"elementor-button-text\">ver m\u00e1s<\/span>\n\t\t\t\t\t<\/span>\n\t\t\t\t\t<\/a>\n\t\t\t\t<\/div>\n\t\t\t\t\t\t\t\t<\/div>\n\t\t\t\t<\/div>\n\t\t\t\t<\/div>\n\t\t\t\t\t<\/div>\n\t\t\t\t<\/div>\n\t\t\t\t\t<\/div>\n\t\t\t\t<\/div>\n\t\t\t\t\t<\/div>\n\t\t<\/div>\n\t\t\t\t\t<\/div>\n\t\t<\/section>\n\t\t\t\t\t<\/div>\n\t\t<\/div>\n\t\t\t\t\t<\/div>\n\t\t<\/section>\n\t\t\t\t<\/div>\n\t\t","protected":false},"excerpt":{"rendered":"<p>proyectos Algunos de nuestros proyectos. Proyecto para la mejora de abastecimiento de agua potable en Ja\u00e9n ver m\u00e1s Proyecto de obras de emergencia para la adecuaci\u00f3n de presas ver m\u00e1s Proyecto de modificaci\u00f3n del proyecto de modernizaci\u00f3n de regad\u00edos del Guadalquivir ver m\u00e1s Proyecto de construcci\u00f3n del parque forestal Los Tres Jardines\u00a0 \u00a0 ver m\u00e1s [&hellip;]<\/p>\n","protected":false},"author":1,"featured_media":0,"parent":0,"menu_order":0,"comment_status":"closed","ping_status":"closed","template":"page-templates\/template-default.php","meta":{"inline_featured_image":false,"_monsterinsights_skip_tracking":false,"_monsterinsights_sitenote_active":false,"_monsterinsights_sitenote_note":"","_monsterinsights_sitenote_category":0,"footnotes":""},"class_list":["post-6377","page","type-page","status-publish","hentry"],"aioseo_notices":[],"_links":{"self":[{"href":"https:\/\/riegosur.es\/web\/index.php\/wp-json\/wp\/v2\/pages\/6377","targetHints":{"allow":["GET"]}}],"collection":[{"href":"https:\/\/riegosur.es\/web\/index.php\/wp-json\/wp\/v2\/pages"}],"about":[{"href":"https:\/\/riegosur.es\/web\/index.php\/wp-json\/wp\/v2\/types\/page"}],"author":[{"embeddable":true,"href":"https:\/\/riegosur.es\/web\/index.php\/wp-json\/wp\/v2\/users\/1"}],"replies":[{"embeddable":true,"href":"https:\/\/riegosur.es\/web\/index.php\/wp-json\/wp\/v2\/comments?post=6377"}],"version-history":[{"count":8,"href":"https:\/\/riegosur.es\/web\/index.php\/wp-json\/wp\/v2\/pages\/6377\/revisions"}],"predecessor-version":[{"id":6400,"href":"https:\/\/riegosur.es\/web\/index.php\/wp-json\/wp\/v2\/pages\/6377\/revisions\/6400"}],"wp:attachment":[{"href":"https:\/\/riegosur.es\/web\/index.php\/wp-json\/wp\/v2\/media?parent=6377"}],"curies":[{"name":"wp","href":"https:\/\/api.w.org\/{rel}","templated":true}]}}